{"id":1317,"date":"2013-03-18T12:33:36","date_gmt":"2013-03-18T11:33:36","guid":{"rendered":"http:\/\/icem-www.folkwang-uni.de\/icem-web\/?page_id=1317"},"modified":"2020-07-03T11:35:19","modified_gmt":"2020-07-03T09:35:19","slug":"icem-softwarelibrary","status":"publish","type":"page","link":"https:\/\/icem-www.folkwang-uni.de\/icem-web\/icem-softwarelibrary\/","title":{"rendered":"ICEM Software Library"},"content":{"rendered":"<p>Viele Studierende (und Dozierende) erstellen im Laufe ihres Komponistendaseins eigene Software. Gelegentlich entstehen dabei Dinge, die eventuell auch f\u00fcr andere n\u00fctzlich sein k\u00f6nnen.<\/p>\n<p>Dies k\u00f6nnen Programme zur Partitursynthese oder Klangsynthese, ebenso wie CSound-Instrumente, oder grafische (z.B. Max- oder Pd-) Patches sein. Die Bandbreite reicht dabei von kleinen Utilities \u00fcber Libraries und Frameworks bis hin zu kompletten Programmen.<\/p>\n<p>An dieser Stelle werden solche allgemein n\u00fctzlichen Werkzeuge, die im ICEM entstanden sind in Zukunft ver\u00f6ffentlicht.<\/p>\n<p><a title=\"Daniel Verasson: Armada\" href=\"https:\/\/icem-www.folkwang-uni.de\/icem-web\/daniel-verasson-armada\/\">Armada\u00a0von Daniel Verasson<\/a>,<br \/>\nNachfolger von <a title=\"Daniel Verasson: scogen\" href=\"https:\/\/icem-www.folkwang-uni.de\/icem-web\/daniel-verasson-scogen\/\">Scogen<\/a><\/p>\n<p><a title=\"Daniel Verasson: scogen\" href=\"https:\/\/icem-www.folkwang-uni.de\/icem-web\/daniel-verasson-scogen\/\">Scogen von Daniel Verasson<\/a>,<br \/>\nein Programm \u00a0zur Partitursynthese, basierend auf \u00a0&#8222;Scheme&#8220;<\/p>\n<p><a title=\"Thomas Neuhaus: PPC und Konvertierer\" href=\"https:\/\/icem-www.folkwang-uni.de\/icem-web\/thomas-neuhaus-ppc-und-konvertierer\/\">PPP von Thomas Neuhaus<\/a>,<br \/>\nebenfalls ein Programm zur Partitursynthese, zusammen mit einigen Konverterprogrammen f\u00fcr CSound Scorefiles \u00a0und Standard-Midifiles<\/p>\n<p><a title=\"Emmanuel Wittersheim: YaPPP\" href=\"https:\/\/icem-www.folkwang-uni.de\/icem-web\/emmanuel-wittersheim-yappp\/\">YaPPP von Emanuel Witersheim<br \/>\n<\/a>Eine leicht erweiterte und leicht erweiterbare Re-Implementation von PPP in \u00a0Scheme (wegen einiger noch nicht gefundener Bugs und dem noch sehr rudiment\u00e4ren Handbuch als Version 0.7(gamma). Deploy early, deploy often!)<\/p>\n<p><a title=\"Jan Baumgart: Studie II \u2013 Rekonstruktion v0.1\" href=\"https:\/\/icem-www.folkwang-uni.de\/icem-web\/jan-baumgart-studie-ii-rekonstruktion-v0-1\/\">Studie-II Rekonstruktion von Jan Baumgart<br \/>\n<\/a>Eine algorithmische Rekonstruktion der Studie-II vonK.H.Stockhausen:<\/p>\n<p><a href=\"https:\/\/icem-www.folkwang-uni.de\/icem-web\/wp-content\/uploads\/2013\/03\/yage-project.zip\">Yage von Thomas Neuhaus<br \/>\n<\/a>Max6 Projekt zur Granulation von Soundfiles.<br \/>\nMit Presets, Presettransitionen, Inputm\u00f6glichkeit\u00a0f\u00fcr externe Sensoren und<br \/>\nkamerabasierter Activity-detection<\/p>\n<p><a href=\"http:\/\/michael-edwards.org\/sc\">slippery chicken von Michael Edwards<\/a><br \/>\nCommon Lisp and CLOS algorithmic composition software.<\/p>\n<p><a href=\"https:\/\/github.com\/mdedwards\/mdeGranular\">mdeGranular~ von Michael Edwards<\/a><br \/>\nMax\/MSP external object for multi-channel, multi-voice, multi-transposition granular synthesis.<\/p>\n<p><a href=\"http:\/\/michael-edwards.org\/software\/rmsps\/rmsps.html\">rmsps von Michael Edwards<\/a><br \/>\nA C++ programme for generating score-event aligned RMS (loudness) curves in Postscript format.<\/p>\n","protected":false},"excerpt":{"rendered":"<p>Viele Studierende (und Dozierende) erstellen im Laufe ihres Komponistendaseins eigene Software. Gelegentlich entstehen dabei Dinge, die eventuell auch f\u00fcr andere<\/p>\n","protected":false},"author":3,"featured_media":0,"parent":0,"menu_order":0,"comment_status":"closed","ping_status":"closed","template":"","meta":{"_acf_changed":false,"footnotes":""},"class_list":["post-1317","page","type-page","status-publish","hentry"],"acf":[],"_links":{"self":[{"href":"https:\/\/icem-www.folkwang-uni.de\/icem-web\/wp-json\/wp\/v2\/pages\/1317","targetHints":{"allow":["GET"]}}],"collection":[{"href":"https:\/\/icem-www.folkwang-uni.de\/icem-web\/wp-json\/wp\/v2\/pages"}],"about":[{"href":"https:\/\/icem-www.folkwang-uni.de\/icem-web\/wp-json\/wp\/v2\/types\/page"}],"author":[{"embeddable":true,"href":"https:\/\/icem-www.folkwang-uni.de\/icem-web\/wp-json\/wp\/v2\/users\/3"}],"replies":[{"embeddable":true,"href":"https:\/\/icem-www.folkwang-uni.de\/icem-web\/wp-json\/wp\/v2\/comments?post=1317"}],"version-history":[{"count":12,"href":"https:\/\/icem-www.folkwang-uni.de\/icem-web\/wp-json\/wp\/v2\/pages\/1317\/revisions"}],"predecessor-version":[{"id":8687,"href":"https:\/\/icem-www.folkwang-uni.de\/icem-web\/wp-json\/wp\/v2\/pages\/1317\/revisions\/8687"}],"wp:attachment":[{"href":"https:\/\/icem-www.folkwang-uni.de\/icem-web\/wp-json\/wp\/v2\/media?parent=1317"}],"curies":[{"name":"wp","href":"https:\/\/api.w.org\/{rel}","templated":true}]}}