{"id":147,"date":"2012-02-15T16:06:08","date_gmt":"2012-02-15T15:06:08","guid":{"rendered":"http:\/\/icem-www.folkwang-uni.de\/icem-web\/?page_id=147"},"modified":"2018-06-29T13:38:03","modified_gmt":"2018-06-29T11:38:03","slug":"elektronisches-studio-2","status":"publish","type":"page","link":"https:\/\/icem-www.folkwang-uni.de\/icem-web\/studios-anlagen\/elektronisches-studio-2\/","title":{"rendered":"Elektronisches Studio 2"},"content":{"rendered":"<p><a href=\"https:\/\/icem-www.folkwang-uni.de\/icem-web\/wp-content\/uploads\/2018\/04\/ICEM-Studios_DSC09386.jpg\"><img loading=\"lazy\" decoding=\"async\" class=\"alignnone wp-image-6010 size-large\" src=\"https:\/\/icem-www.folkwang-uni.de\/icem-web\/wp-content\/uploads\/2018\/04\/ICEM-Studios_DSC09386-1020x680.jpg\" alt=\"ICEM Studio 2 (c) Rebecca ter Braak\" width=\"840\" height=\"560\" srcset=\"https:\/\/icem-www.folkwang-uni.de\/icem-web\/wp-content\/uploads\/2018\/04\/ICEM-Studios_DSC09386-1020x680.jpg 1020w, https:\/\/icem-www.folkwang-uni.de\/icem-web\/wp-content\/uploads\/2018\/04\/ICEM-Studios_DSC09386-632x421.jpg 632w, https:\/\/icem-www.folkwang-uni.de\/icem-web\/wp-content\/uploads\/2018\/04\/ICEM-Studios_DSC09386-768x512.jpg 768w, https:\/\/icem-www.folkwang-uni.de\/icem-web\/wp-content\/uploads\/2018\/04\/ICEM-Studios_DSC09386-600x400.jpg 600w, https:\/\/icem-www.folkwang-uni.de\/icem-web\/wp-content\/uploads\/2018\/04\/ICEM-Studios_DSC09386-120x80.jpg 120w, https:\/\/icem-www.folkwang-uni.de\/icem-web\/wp-content\/uploads\/2018\/04\/ICEM-Studios_DSC09386.jpg 1920w\" sizes=\"auto, (max-width: 840px) 100vw, 840px\" \/><\/a><\/p>\n<p>Dieses Elektronische Studio wurde im Jahr 2003 komplett umgebaut und mit einer neuen Akustik ausgestattet. Es wird zumeist f\u00fcr studentische Produktionsarbeiten, Produktionen im 5.1 Format sowie f\u00fcr Unterricht verwendet.<\/p>\n<p>Besonderheiten:<\/p>\n<ul>\n<li>Tageslicht-Studio<\/li>\n<li>Grundfl\u00e4che etwa 22 Quadratmeter<\/li>\n<li>Akustik-Design von Karlheinz Stegmaier (Studioplan, Berlin)<\/li>\n<li>Anschluss an die Klima-Anlage<\/li>\n<li>Doppel-Fu\u00dfboden f\u00fcr einfache Kabelf\u00fchrung<\/li>\n<li>Harddisk-Recording-System\u00a0Steinberg\u00a0Cubase und Apple Logic Pro auf Macintosh-Basis mit UAD Apollo-8 Interface und AVID S3 Controller<\/li>\n<li>Digital-Recorder CD-R, DAT, ADAT, DA-88<\/li>\n<li>Zuspieler\u00a0DVD-Player, CD-Player, Cassetten-Recorder<\/li>\n<li>Studio-Abh\u00f6re\u00a0mit 5\u00a0Genelec\u00a01032A (2-Weg aktiv) in 45\/90-Grad-Surround-Aufteilung<\/li>\n<li>Elektronische Abh\u00f6rsteuerung Audio216 Zweikanal, Vierkanal und Surround<\/li>\n<li>Anschluss f\u00fcr Notebook-Rechner per \u00a0Audio-Symmetrierer und Focusrite Scarlett Interface<\/li>\n<li>Analog-Steckfelder und Studio-Verbindungsleitungen<\/li>\n<li>Digital-Steckfeld f\u00fcr AES\/EBU-Signale mit\u00a0WordClock-Generator\u00a0und Abtastratenwandlern<\/li>\n<li>Digital-Umschalter f\u00fcr\u00a0ADAT-Signale<\/li>\n<li>\u00a0Anschluss an das Studionetzwerk per Ethernet-Switch und WLAN<\/li>\n<\/ul>\n<p>Kontakt:\u00a0<a href=\"https:\/\/icem-www.folkwang-uni.de\/icem-web\/kontaktformular?an=galberg\">Ralf Galberg<\/a><\/p>\n","protected":false},"excerpt":{"rendered":"<p>Dieses Elektronische Studio wurde im Jahr 2003 komplett umgebaut und mit einer neuen Akustik ausgestattet. Es wird zumeist f\u00fcr studentische<\/p>\n","protected":false},"author":1,"featured_media":0,"parent":30,"menu_order":0,"comment_status":"closed","ping_status":"closed","template":"","meta":{"_acf_changed":false,"footnotes":""},"class_list":["post-147","page","type-page","status-publish","hentry"],"acf":[],"_links":{"self":[{"href":"https:\/\/icem-www.folkwang-uni.de\/icem-web\/wp-json\/wp\/v2\/pages\/147","targetHints":{"allow":["GET"]}}],"collection":[{"href":"https:\/\/icem-www.folkwang-uni.de\/icem-web\/wp-json\/wp\/v2\/pages"}],"about":[{"href":"https:\/\/icem-www.folkwang-uni.de\/icem-web\/wp-json\/wp\/v2\/types\/page"}],"author":[{"embeddable":true,"href":"https:\/\/icem-www.folkwang-uni.de\/icem-web\/wp-json\/wp\/v2\/users\/1"}],"replies":[{"embeddable":true,"href":"https:\/\/icem-www.folkwang-uni.de\/icem-web\/wp-json\/wp\/v2\/comments?post=147"}],"version-history":[{"count":11,"href":"https:\/\/icem-www.folkwang-uni.de\/icem-web\/wp-json\/wp\/v2\/pages\/147\/revisions"}],"predecessor-version":[{"id":6458,"href":"https:\/\/icem-www.folkwang-uni.de\/icem-web\/wp-json\/wp\/v2\/pages\/147\/revisions\/6458"}],"up":[{"embeddable":true,"href":"https:\/\/icem-www.folkwang-uni.de\/icem-web\/wp-json\/wp\/v2\/pages\/30"}],"wp:attachment":[{"href":"https:\/\/icem-www.folkwang-uni.de\/icem-web\/wp-json\/wp\/v2\/media?parent=147"}],"curies":[{"name":"wp","href":"https:\/\/api.w.org\/{rel}","templated":true}]}}