{"id":149,"date":"2012-02-15T16:06:53","date_gmt":"2012-02-15T15:06:53","guid":{"rendered":"http:\/\/icem-www.folkwang-uni.de\/icem-web\/?page_id=149"},"modified":"2018-06-29T13:39:20","modified_gmt":"2018-06-29T11:39:20","slug":"elektronisches-studio-3","status":"publish","type":"page","link":"https:\/\/icem-www.folkwang-uni.de\/icem-web\/studios-anlagen\/elektronisches-studio-3\/","title":{"rendered":"Elektronisches Studio 3"},"content":{"rendered":"<p><a href=\"https:\/\/icem-www.folkwang-uni.de\/icem-web\/wp-content\/uploads\/2018\/04\/ICEM-Studios_DSC09378.jpg\"><img loading=\"lazy\" decoding=\"async\" class=\"alignnone wp-image-6013 size-large\" src=\"https:\/\/icem-www.folkwang-uni.de\/icem-web\/wp-content\/uploads\/2018\/04\/ICEM-Studios_DSC09378-1020x680.jpg\" alt=\"ICEM Studio 3 (c) Rebecca ter Braak\" width=\"840\" height=\"560\" srcset=\"https:\/\/icem-www.folkwang-uni.de\/icem-web\/wp-content\/uploads\/2018\/04\/ICEM-Studios_DSC09378-1020x680.jpg 1020w, https:\/\/icem-www.folkwang-uni.de\/icem-web\/wp-content\/uploads\/2018\/04\/ICEM-Studios_DSC09378-632x421.jpg 632w, https:\/\/icem-www.folkwang-uni.de\/icem-web\/wp-content\/uploads\/2018\/04\/ICEM-Studios_DSC09378-768x512.jpg 768w, https:\/\/icem-www.folkwang-uni.de\/icem-web\/wp-content\/uploads\/2018\/04\/ICEM-Studios_DSC09378-600x400.jpg 600w, https:\/\/icem-www.folkwang-uni.de\/icem-web\/wp-content\/uploads\/2018\/04\/ICEM-Studios_DSC09378-120x80.jpg 120w, https:\/\/icem-www.folkwang-uni.de\/icem-web\/wp-content\/uploads\/2018\/04\/ICEM-Studios_DSC09378.jpg 1920w\" sizes=\"auto, (max-width: 840px) 100vw, 840px\" \/><\/a><\/p>\n<p>In diesem Elektronischen Computer-Studio findet zumeist Gruppen-Unterricht statt. Zudem sind Rechner-Arbeitspl\u00e4tze mit unterschiedlicher Ausstattung vorhanden, die den Studierenden f\u00fcr eigene Arbeiten zur Verf\u00fcgung stehen.<\/p>\n<p>Besonderheiten:<\/p>\n<ul>\n<li>Tageslicht-Studio<\/li>\n<li>Grundfl\u00e4che etwa 42 Quadratmeter<\/li>\n<li>Doppel-Fu\u00dfboden f\u00fcr einfache Kabelf\u00fchrung<\/li>\n<li>Unterrichts-Sektion mit Tischen und St\u00fchlen f\u00fcr etwa 10 Personen<\/li>\n<li>Tafel, gro\u00dfe Roll-Leinwand und\u00a0Video-Beamer\u00a0f\u00fcr den Unterricht<\/li>\n<li>Fachzeitschriften-Schrank mit den aktuellen Jahrg\u00e4ngen<\/li>\n<li>B\u00fccherschrank mit Fachliteratur zu den Themen Elektronische Musik, Computermusik, Neue Musik, Computertechnik, Programmiersprachen, Studiotechnik, Elektronik, Mathematik und benachbarte Wissenschaftsgebiete sowie allgemeine Nachschlagewerke und W\u00f6rterb\u00fccher<\/li>\n<li>2 Workstations f\u00fcr Computer-Notation, Grafik-Bearbeitung und Office-Software auf Macintosh-Basis mit Scanner<\/li>\n<li>Laserdrucker DIN A3 f\u00fcr Partiturdruck<\/li>\n<li>Stereo Abh\u00f6re Dynaudio AIR-6 \u00a0mit SPL Monitor Controller<\/li>\n<li>Zuspieler\u00a0CD-Player<\/li>\n<li>Anschluss f\u00fcr Notebook-Rechner per \u00a0Audio-Symmetrierer und MOTU Audio Interface<\/li>\n<li>Analog-Steckfelder und Studio-Verbindungsleitungen<\/li>\n<li>Anschluss an das Studionetzwerk per Ethernet Switch und WLAN<\/li>\n<\/ul>\n<p>Kontakt:\u00a0<a href=\"https:\/\/icem-www.folkwang-uni.de\/icem-web\/kontaktformular?an=galberg\">Ralf Galberg<\/a><\/p>\n<p><a href=\"https:\/\/icem-www.folkwang-uni.de\/icem-web\/wp-content\/uploads\/2018\/04\/ICEM-Studios_DSC09367-2.jpg\"><img loading=\"lazy\" decoding=\"async\" class=\"alignnone size-large wp-image-6049\" src=\"https:\/\/icem-www.folkwang-uni.de\/icem-web\/wp-content\/uploads\/2018\/04\/ICEM-Studios_DSC09367-2-1020x680.jpg\" alt=\"ICEM Studio 3 (c) Rebecca ter Braak\" width=\"840\" height=\"560\" srcset=\"https:\/\/icem-www.folkwang-uni.de\/icem-web\/wp-content\/uploads\/2018\/04\/ICEM-Studios_DSC09367-2-1020x680.jpg 1020w, https:\/\/icem-www.folkwang-uni.de\/icem-web\/wp-content\/uploads\/2018\/04\/ICEM-Studios_DSC09367-2-632x421.jpg 632w, https:\/\/icem-www.folkwang-uni.de\/icem-web\/wp-content\/uploads\/2018\/04\/ICEM-Studios_DSC09367-2-768x512.jpg 768w, https:\/\/icem-www.folkwang-uni.de\/icem-web\/wp-content\/uploads\/2018\/04\/ICEM-Studios_DSC09367-2-600x400.jpg 600w, https:\/\/icem-www.folkwang-uni.de\/icem-web\/wp-content\/uploads\/2018\/04\/ICEM-Studios_DSC09367-2-120x80.jpg 120w, https:\/\/icem-www.folkwang-uni.de\/icem-web\/wp-content\/uploads\/2018\/04\/ICEM-Studios_DSC09367-2.jpg 1920w\" sizes=\"auto, (max-width: 840px) 100vw, 840px\" \/><\/a><\/p>\n","protected":false},"excerpt":{"rendered":"<p>In diesem Elektronischen Computer-Studio findet zumeist Gruppen-Unterricht statt. Zudem sind Rechner-Arbeitspl\u00e4tze mit unterschiedlicher Ausstattung vorhanden, die den Studierenden f\u00fcr eigene<\/p>\n","protected":false},"author":1,"featured_media":0,"parent":30,"menu_order":0,"comment_status":"closed","ping_status":"closed","template":"","meta":{"_acf_changed":false,"footnotes":""},"class_list":["post-149","page","type-page","status-publish","hentry"],"acf":[],"_links":{"self":[{"href":"https:\/\/icem-www.folkwang-uni.de\/icem-web\/wp-json\/wp\/v2\/pages\/149","targetHints":{"allow":["GET"]}}],"collection":[{"href":"https:\/\/icem-www.folkwang-uni.de\/icem-web\/wp-json\/wp\/v2\/pages"}],"about":[{"href":"https:\/\/icem-www.folkwang-uni.de\/icem-web\/wp-json\/wp\/v2\/types\/page"}],"author":[{"embeddable":true,"href":"https:\/\/icem-www.folkwang-uni.de\/icem-web\/wp-json\/wp\/v2\/users\/1"}],"replies":[{"embeddable":true,"href":"https:\/\/icem-www.folkwang-uni.de\/icem-web\/wp-json\/wp\/v2\/comments?post=149"}],"version-history":[{"count":15,"href":"https:\/\/icem-www.folkwang-uni.de\/icem-web\/wp-json\/wp\/v2\/pages\/149\/revisions"}],"predecessor-version":[{"id":6459,"href":"https:\/\/icem-www.folkwang-uni.de\/icem-web\/wp-json\/wp\/v2\/pages\/149\/revisions\/6459"}],"up":[{"embeddable":true,"href":"https:\/\/icem-www.folkwang-uni.de\/icem-web\/wp-json\/wp\/v2\/pages\/30"}],"wp:attachment":[{"href":"https:\/\/icem-www.folkwang-uni.de\/icem-web\/wp-json\/wp\/v2\/media?parent=149"}],"curies":[{"name":"wp","href":"https:\/\/api.w.org\/{rel}","templated":true}]}}