{"id":151,"date":"2012-02-15T16:07:57","date_gmt":"2012-02-15T15:07:57","guid":{"rendered":"http:\/\/icem-www.folkwang-uni.de\/icem-web\/?page_id=151"},"modified":"2018-06-29T13:40:11","modified_gmt":"2018-06-29T11:40:11","slug":"elektronisches-studio-4","status":"publish","type":"page","link":"https:\/\/icem-www.folkwang-uni.de\/icem-web\/studios-anlagen\/elektronisches-studio-4\/","title":{"rendered":"Elektronisches Studio 4"},"content":{"rendered":"<p><a href=\"https:\/\/icem-www.folkwang-uni.de\/icem-web\/wp-content\/uploads\/2018\/04\/GETIER-180318_Portrait1_web.jpg\"><img loading=\"lazy\" decoding=\"async\" class=\"alignnone wp-image-6019 size-large\" src=\"https:\/\/icem-www.folkwang-uni.de\/icem-web\/wp-content\/uploads\/2018\/04\/GETIER-180318_Portrait1_web-1020x680.jpg\" alt=\"ICEM Studio 4 (c) Rebecca ter Braak\" width=\"840\" height=\"560\" srcset=\"https:\/\/icem-www.folkwang-uni.de\/icem-web\/wp-content\/uploads\/2018\/04\/GETIER-180318_Portrait1_web-1020x680.jpg 1020w, https:\/\/icem-www.folkwang-uni.de\/icem-web\/wp-content\/uploads\/2018\/04\/GETIER-180318_Portrait1_web-632x421.jpg 632w, https:\/\/icem-www.folkwang-uni.de\/icem-web\/wp-content\/uploads\/2018\/04\/GETIER-180318_Portrait1_web-768x512.jpg 768w, https:\/\/icem-www.folkwang-uni.de\/icem-web\/wp-content\/uploads\/2018\/04\/GETIER-180318_Portrait1_web-600x400.jpg 600w, https:\/\/icem-www.folkwang-uni.de\/icem-web\/wp-content\/uploads\/2018\/04\/GETIER-180318_Portrait1_web-120x80.jpg 120w, https:\/\/icem-www.folkwang-uni.de\/icem-web\/wp-content\/uploads\/2018\/04\/GETIER-180318_Portrait1_web.jpg 1920w\" sizes=\"auto, (max-width: 840px) 100vw, 840px\" \/><\/a><\/p>\n<p>Dieses Studio wird haupts\u00e4chlich f\u00fcr den Einzelunterricht in Elektronischer Komposition sowie f\u00fcr aufw\u00e4ndige Produktionen verwendet, die sich \u00fcber einen l\u00e4ngeren Zeitraum erstrecken. Die technische Ausstattung besteht \u00fcberwiegend aus digitalen Studioger\u00e4ten.<\/p>\n<p>Besonderheiten:<\/p>\n<ul>\n<li>Tageslicht-Studio<\/li>\n<li>Grundfl\u00e4che etwa 18 Quadratmeter<\/li>\n<li>Mehrzweck-Akustik<\/li>\n<li>Doppel-Fu\u00dfboden f\u00fcr einfache Kabelf\u00fchrung<\/li>\n<li>Harddisk-Recording-System\u00a0Steinberg\u00a0Cubase und Apple Logic Pro auf Macintosh-Basis mit UAD Apollo-8 Interface und AVID S3 Controller<\/li>\n<li>Zuspieler\u00a0CD-Player<\/li>\n<li>Studio-Abh\u00f6re\u00a0mit 4\u00a0Genelec\u00a01032A (2-Weg aktiv) in 90-Grad-Aufteilung<\/li>\n<li>Elektronische Abh\u00f6rsteuerung Audio216 Zweikanal und Vierkanal<\/li>\n<li>Anschluss f\u00fcr Notebook-Rechner per Audio-Symmetrierer und Focusrite Scarlett Audio Interface<\/li>\n<li>Analog-Steckfelder und Studio-Verbindungsleitungen<\/li>\n<li>Digital-Steckfeld f\u00fcr AES\/EBU-Signale mit\u00a0WordClock-Generator\u00a0und Abtastratenwandlern<\/li>\n<li>Tontr\u00e4ger-Schrank mit CDs, DVDs und Videos aus den Bereichen Elektronische Musik, Computermusik und Neue Musik<\/li>\n<li>Anschluss an das Studionetzwerk per Ethernet und WLAN<\/li>\n<\/ul>\n<p>Kontakt:\u00a0<a href=\"https:\/\/icem-www.folkwang-uni.de\/icem-web\/kontaktformular?an=galberg\">Ralf Galberg<\/a><\/p>\n","protected":false},"excerpt":{"rendered":"<p>Dieses Studio wird haupts\u00e4chlich f\u00fcr den Einzelunterricht in Elektronischer Komposition sowie f\u00fcr aufw\u00e4ndige Produktionen verwendet, die sich \u00fcber einen l\u00e4ngeren<\/p>\n","protected":false},"author":1,"featured_media":0,"parent":30,"menu_order":0,"comment_status":"closed","ping_status":"closed","template":"","meta":{"_acf_changed":false,"footnotes":""},"class_list":["post-151","page","type-page","status-publish","hentry"],"acf":[],"_links":{"self":[{"href":"https:\/\/icem-www.folkwang-uni.de\/icem-web\/wp-json\/wp\/v2\/pages\/151","targetHints":{"allow":["GET"]}}],"collection":[{"href":"https:\/\/icem-www.folkwang-uni.de\/icem-web\/wp-json\/wp\/v2\/pages"}],"about":[{"href":"https:\/\/icem-www.folkwang-uni.de\/icem-web\/wp-json\/wp\/v2\/types\/page"}],"author":[{"embeddable":true,"href":"https:\/\/icem-www.folkwang-uni.de\/icem-web\/wp-json\/wp\/v2\/users\/1"}],"replies":[{"embeddable":true,"href":"https:\/\/icem-www.folkwang-uni.de\/icem-web\/wp-json\/wp\/v2\/comments?post=151"}],"version-history":[{"count":14,"href":"https:\/\/icem-www.folkwang-uni.de\/icem-web\/wp-json\/wp\/v2\/pages\/151\/revisions"}],"predecessor-version":[{"id":6460,"href":"https:\/\/icem-www.folkwang-uni.de\/icem-web\/wp-json\/wp\/v2\/pages\/151\/revisions\/6460"}],"up":[{"embeddable":true,"href":"https:\/\/icem-www.folkwang-uni.de\/icem-web\/wp-json\/wp\/v2\/pages\/30"}],"wp:attachment":[{"href":"https:\/\/icem-www.folkwang-uni.de\/icem-web\/wp-json\/wp\/v2\/media?parent=151"}],"curies":[{"name":"wp","href":"https:\/\/api.w.org\/{rel}","templated":true}]}}