{"id":155,"date":"2012-02-15T16:09:45","date_gmt":"2012-02-15T15:09:45","guid":{"rendered":"http:\/\/icem-www.folkwang-uni.de\/icem-web\/?page_id=155"},"modified":"2018-06-29T13:41:13","modified_gmt":"2018-06-29T11:41:13","slug":"mobile-live-elektronik-mehrspur-anlage-lema","status":"publish","type":"page","link":"https:\/\/icem-www.folkwang-uni.de\/icem-web\/studios-anlagen\/mobile-live-elektronik-mehrspur-anlage-lema\/","title":{"rendered":"Mobile Live-Elektronik-Mehrspur-Anlage LEMA"},"content":{"rendered":"<p>F\u00fcr den Unterricht und Auff\u00fchrungen mit Live-Elektronik stehen mobile Elektronik-Studios zu Verf\u00fcgung, die auch spezielle Ger\u00e4te und Sonder-Entwicklungen umfasst. F\u00fcr den Transport der einzelnen Anlagenteile sind z.T. spezielle Transportkoffer (Flightcases) vorhanden. Die Rechner der LEMA bestehen aus Rechnersystem\u00a0auf Macintosh-Basis zur\u00a0Realtime-Audio-Generierung\u00a0und -Verarbeitung, sowie einem Rechner auf\u00a0PC-Windows-Basis\u00a0f\u00fcr das\u00a0Kamera-Tracking\u00a0mittels der Software EyeCon. Die PC- und Macintosh-Rechner sind per Ethernet miteinander vernetzt und k\u00f6nnen\u00a0Realtime-Daten\u00a0via\u00a0OSC (Open SoundControl) austauschen.<\/p>\n<ul>\n<li>Realtime-Audio-Computer\u00a0auf Macintosh-Basis mit Max\/MSP, SuperCollider, Nuendo und Apple Logic Pro Software<\/li>\n<li>Focusrite Scarlett Audio-Interface<\/li>\n<li>Mikrofone und Kontakt-Mikrofone<\/li>\n<li>MIDI-Master-Keyboard\u00a0Doepfer\u00a0LMK2+<\/li>\n<li>Video-Tracking-Computer\u00a0auf\u00a0PC-Windows-Basis\u00a0mit Software EyeCon<\/li>\n<li>Video-Kamera und Zubeh\u00f6r<\/li>\n<li>Lichtschranken-System<\/li>\n<li>Diverse Sensoren (Wii Controller, Microsoft KINECT)<\/li>\n<li>Diverse DAW Controller (Apple iPad, Behringer BCF und BCR 2000, Korg Nano)<\/li>\n<li>Interfaces: Presonus FirePod, Presonus FireStudio, Motu 828, Phonic Firefly 808, Steinberg D\/A Converter ADI 8 Pro<\/li>\n<\/ul>\n<p>Kontakt:\u00a0<a href=\"https:\/\/icem-www.folkwang-uni.de\/icem-web\/kontaktformular?an=neuhaus\">Thomas Neuhaus<\/a><\/p>\n","protected":false},"excerpt":{"rendered":"<p>F\u00fcr den Unterricht und Auff\u00fchrungen mit Live-Elektronik stehen mobile Elektronik-Studios zu Verf\u00fcgung, die auch spezielle Ger\u00e4te und Sonder-Entwicklungen umfasst. F\u00fcr<\/p>\n","protected":false},"author":1,"featured_media":0,"parent":30,"menu_order":0,"comment_status":"closed","ping_status":"closed","template":"","meta":{"_acf_changed":false,"footnotes":""},"class_list":["post-155","page","type-page","status-publish","hentry"],"acf":[],"_links":{"self":[{"href":"https:\/\/icem-www.folkwang-uni.de\/icem-web\/wp-json\/wp\/v2\/pages\/155","targetHints":{"allow":["GET"]}}],"collection":[{"href":"https:\/\/icem-www.folkwang-uni.de\/icem-web\/wp-json\/wp\/v2\/pages"}],"about":[{"href":"https:\/\/icem-www.folkwang-uni.de\/icem-web\/wp-json\/wp\/v2\/types\/page"}],"author":[{"embeddable":true,"href":"https:\/\/icem-www.folkwang-uni.de\/icem-web\/wp-json\/wp\/v2\/users\/1"}],"replies":[{"embeddable":true,"href":"https:\/\/icem-www.folkwang-uni.de\/icem-web\/wp-json\/wp\/v2\/comments?post=155"}],"version-history":[{"count":9,"href":"https:\/\/icem-www.folkwang-uni.de\/icem-web\/wp-json\/wp\/v2\/pages\/155\/revisions"}],"predecessor-version":[{"id":6461,"href":"https:\/\/icem-www.folkwang-uni.de\/icem-web\/wp-json\/wp\/v2\/pages\/155\/revisions\/6461"}],"up":[{"embeddable":true,"href":"https:\/\/icem-www.folkwang-uni.de\/icem-web\/wp-json\/wp\/v2\/pages\/30"}],"wp:attachment":[{"href":"https:\/\/icem-www.folkwang-uni.de\/icem-web\/wp-json\/wp\/v2\/media?parent=155"}],"curies":[{"name":"wp","href":"https:\/\/api.w.org\/{rel}","templated":true}]}}