{"id":157,"date":"2012-02-15T16:10:43","date_gmt":"2012-02-15T15:10:43","guid":{"rendered":"http:\/\/icem-www.folkwang-uni.de\/icem-web\/?page_id=157"},"modified":"2018-06-29T13:42:48","modified_gmt":"2018-06-29T11:42:48","slug":"icem-serverraum","status":"publish","type":"page","link":"https:\/\/icem-www.folkwang-uni.de\/icem-web\/studios-anlagen\/icem-serverraum\/","title":{"rendered":"ICEM-Serverraum"},"content":{"rendered":"<p><a href=\"https:\/\/icem-www.folkwang-uni.de\/icem-web\/wp-content\/uploads\/2018\/05\/ICEM-Studios_DSC05254_web.jpg\"><img loading=\"lazy\" decoding=\"async\" class=\"alignnone wp-image-6196 size-large\" src=\"https:\/\/icem-www.folkwang-uni.de\/icem-web\/wp-content\/uploads\/2018\/05\/ICEM-Studios_DSC05254_web-1020x680.jpg\" alt=\"ICEM Serverraum (c) Rebecca ter Braak\" width=\"840\" height=\"560\" srcset=\"https:\/\/icem-www.folkwang-uni.de\/icem-web\/wp-content\/uploads\/2018\/05\/ICEM-Studios_DSC05254_web-1020x680.jpg 1020w, https:\/\/icem-www.folkwang-uni.de\/icem-web\/wp-content\/uploads\/2018\/05\/ICEM-Studios_DSC05254_web-632x422.jpg 632w, https:\/\/icem-www.folkwang-uni.de\/icem-web\/wp-content\/uploads\/2018\/05\/ICEM-Studios_DSC05254_web-768x512.jpg 768w, https:\/\/icem-www.folkwang-uni.de\/icem-web\/wp-content\/uploads\/2018\/05\/ICEM-Studios_DSC05254_web-600x400.jpg 600w, https:\/\/icem-www.folkwang-uni.de\/icem-web\/wp-content\/uploads\/2018\/05\/ICEM-Studios_DSC05254_web-120x80.jpg 120w\" sizes=\"auto, (max-width: 840px) 100vw, 840px\" \/><\/a><\/p>\n<p>Dieser Raum enth\u00e4lt den Institutsserver, das Storagesystem f\u00fcr Produktionsdaten, sowie die Rechner, die zu den jeweiligen Elektronischen Studios geh\u00f6ren. Au\u00dferdem ist hier die Steuerung f\u00fcr das Studio-Zutrittskontroll-System installiert.<\/p>\n<p>Besonderheiten:<\/p>\n<ul>\n<li>Grundfl\u00e4che etwa 20 Quadratmeter<\/li>\n<li>Leistungsf\u00e4hige Raumk\u00fchlung<\/li>\n<li>Server-Rechner auf\u00a0PC-FreeBSD-Basis<\/li>\n<li>Storage Network Solution EVO Storage System mit 64 TB Bruttokapazit\u00e4t<\/li>\n<li>Notstrom f\u00fcr Server-Rechner und Festplatten-Speichersystem durch unterbrechungsfreie Stromversorgung (USV) mit Akkumulator-Pufferung<\/li>\n<li>PC- und Macintosh-Rechner f\u00fcr die verschiedenen Elektronischen Studios<\/li>\n<li>Zutrittskontroll-Steuerung f\u00fcr die Elektronischen Studios<\/li>\n<li>Anschluss an das Studionetzwerk per Ethernet, \u00dcbergang ins Hochschulnetz und ins Internet<\/li>\n<\/ul>\n<p>Kontakt:\u00a0<a href=\"https:\/\/icem-www.folkwang-uni.de\/icem-web\/kontaktformular?an=neuhaus\">Thomas Neuhaus<\/a><\/p>\n","protected":false},"excerpt":{"rendered":"<p>Dieser Raum enth\u00e4lt den Institutsserver, das Storagesystem f\u00fcr Produktionsdaten, sowie die Rechner, die zu den jeweiligen Elektronischen Studios geh\u00f6ren. Au\u00dferdem<\/p>\n","protected":false},"author":1,"featured_media":0,"parent":30,"menu_order":0,"comment_status":"closed","ping_status":"closed","template":"","meta":{"_acf_changed":false,"footnotes":""},"class_list":["post-157","page","type-page","status-publish","hentry"],"acf":[],"_links":{"self":[{"href":"https:\/\/icem-www.folkwang-uni.de\/icem-web\/wp-json\/wp\/v2\/pages\/157","targetHints":{"allow":["GET"]}}],"collection":[{"href":"https:\/\/icem-www.folkwang-uni.de\/icem-web\/wp-json\/wp\/v2\/pages"}],"about":[{"href":"https:\/\/icem-www.folkwang-uni.de\/icem-web\/wp-json\/wp\/v2\/types\/page"}],"author":[{"embeddable":true,"href":"https:\/\/icem-www.folkwang-uni.de\/icem-web\/wp-json\/wp\/v2\/users\/1"}],"replies":[{"embeddable":true,"href":"https:\/\/icem-www.folkwang-uni.de\/icem-web\/wp-json\/wp\/v2\/comments?post=157"}],"version-history":[{"count":9,"href":"https:\/\/icem-www.folkwang-uni.de\/icem-web\/wp-json\/wp\/v2\/pages\/157\/revisions"}],"predecessor-version":[{"id":6462,"href":"https:\/\/icem-www.folkwang-uni.de\/icem-web\/wp-json\/wp\/v2\/pages\/157\/revisions\/6462"}],"up":[{"embeddable":true,"href":"https:\/\/icem-www.folkwang-uni.de\/icem-web\/wp-json\/wp\/v2\/pages\/30"}],"wp:attachment":[{"href":"https:\/\/icem-www.folkwang-uni.de\/icem-web\/wp-json\/wp\/v2\/media?parent=157"}],"curies":[{"name":"wp","href":"https:\/\/api.w.org\/{rel}","templated":true}]}}