{"id":245,"date":"2012-02-15T18:37:01","date_gmt":"2012-02-15T17:37:01","guid":{"rendered":"http:\/\/icem-www.folkwang-uni.de\/icem-web\/?page_id=245"},"modified":"2024-04-26T15:29:20","modified_gmt":"2024-04-26T13:29:20","slug":"projektstudio","status":"publish","type":"page","link":"https:\/\/icem-www.folkwang-uni.de\/icem-web\/studios-anlagen\/projektstudio\/","title":{"rendered":"Projektstudio"},"content":{"rendered":"<p><a href=\"https:\/\/icem-www.folkwang-uni.de\/icem-web\/wp-content\/uploads\/2018\/06\/ICEM-StudiosWW_DSC04946_web-1.jpg\"><img loading=\"lazy\" decoding=\"async\" class=\"alignnone wp-image-6401 size-large\" src=\"https:\/\/icem-www.folkwang-uni.de\/icem-web\/wp-content\/uploads\/2018\/06\/ICEM-StudiosWW_DSC04946_web-1-1020x681.jpg\" alt=\"Projektstudio ICEM (c) Rebecca ter Braak 2018\" width=\"840\" height=\"561\" srcset=\"https:\/\/icem-www.folkwang-uni.de\/icem-web\/wp-content\/uploads\/2018\/06\/ICEM-StudiosWW_DSC04946_web-1-1020x681.jpg 1020w, https:\/\/icem-www.folkwang-uni.de\/icem-web\/wp-content\/uploads\/2018\/06\/ICEM-StudiosWW_DSC04946_web-1-632x422.jpg 632w, https:\/\/icem-www.folkwang-uni.de\/icem-web\/wp-content\/uploads\/2018\/06\/ICEM-StudiosWW_DSC04946_web-1-768x512.jpg 768w, https:\/\/icem-www.folkwang-uni.de\/icem-web\/wp-content\/uploads\/2018\/06\/ICEM-StudiosWW_DSC04946_web-1-600x400.jpg 600w, https:\/\/icem-www.folkwang-uni.de\/icem-web\/wp-content\/uploads\/2018\/06\/ICEM-StudiosWW_DSC04946_web-1-120x80.jpg 120w, https:\/\/icem-www.folkwang-uni.de\/icem-web\/wp-content\/uploads\/2018\/06\/ICEM-StudiosWW_DSC04946_web-1.jpg 1920w\" sizes=\"auto, (max-width: 840px) 100vw, 840px\" \/><\/a><\/p>\n<p>Wie im Namen bereits angedeutet, findet in diesem Studio haupts\u00e4chlich der Unterricht f\u00fcr spezielle Projekte unserer Studenten statt. Dabei wird besonders der Umgang mit Ger\u00e4ten und Programmen zur Musikproduktion gelehrt, kleine bis mittlere Produktionen k\u00f6nnen direkt im Projekt-Studio realisiert werden. Zus\u00e4tzliche Rechner-Arbeitspl\u00e4tze f\u00fcr studentische \u00dcbungen im angegliederten Vorraum runden das Angebot ab.<\/p>\n<p>Regie- und Unterrichtsraum:<\/p>\n<ul>\n<li>Tageslicht-Studio mit 2 Fenstern<\/li>\n<li>Grundfl\u00e4che etwa 37 Quadratmeter<\/li>\n<li>Akustik-Design von Karl-Heinz Stegmaier (Studioplan, Berlin)<\/li>\n<li>Studio-Sichtfenster zum Studenten-Arbeitsraum \/ Aufnahmekabine<\/li>\n<li>Unterrichts-Sektion mit Tischen f\u00fcr etwa 4 Personen<\/li>\n<\/ul>\n<p><span style=\"color: #ff0000;\">Weitere technische Beschreibung folgt in K\u00fcrze<\/span><\/p>\n<p><a href=\"https:\/\/icem-www.folkwang-uni.de\/icem-web\/studioanleitung-projektstudio-ww\/\">Studioanleitung<\/a><\/p>\n<p><a href=\"https:\/\/icem-www.folkwang-uni.de\/icem-web\/wp-content\/uploads\/2018\/06\/ICEM-StudiosWW_DSC04947_web-1.jpg\"><img loading=\"lazy\" decoding=\"async\" class=\"alignnone wp-image-6402\" src=\"https:\/\/icem-www.folkwang-uni.de\/icem-web\/wp-content\/uploads\/2018\/06\/ICEM-StudiosWW_DSC04947_web-1-480x280.jpg\" alt=\"Projektstudio ICEM (c) Rebecca ter Braak 2018\" width=\"350\" height=\"234\" srcset=\"https:\/\/icem-www.folkwang-uni.de\/icem-web\/wp-content\/uploads\/2018\/06\/ICEM-StudiosWW_DSC04947_web-1-632x422.jpg 632w, https:\/\/icem-www.folkwang-uni.de\/icem-web\/wp-content\/uploads\/2018\/06\/ICEM-StudiosWW_DSC04947_web-1-768x512.jpg 768w, https:\/\/icem-www.folkwang-uni.de\/icem-web\/wp-content\/uploads\/2018\/06\/ICEM-StudiosWW_DSC04947_web-1-1020x681.jpg 1020w, https:\/\/icem-www.folkwang-uni.de\/icem-web\/wp-content\/uploads\/2018\/06\/ICEM-StudiosWW_DSC04947_web-1-600x400.jpg 600w, https:\/\/icem-www.folkwang-uni.de\/icem-web\/wp-content\/uploads\/2018\/06\/ICEM-StudiosWW_DSC04947_web-1-120x80.jpg 120w, https:\/\/icem-www.folkwang-uni.de\/icem-web\/wp-content\/uploads\/2018\/06\/ICEM-StudiosWW_DSC04947_web-1.jpg 1920w\" sizes=\"auto, (max-width: 350px) 100vw, 350px\" \/><\/a><a href=\"https:\/\/icem-www.folkwang-uni.de\/icem-web\/wp-content\/uploads\/2018\/06\/ICEM-StudiosWW_DSC04939_web-1.jpg\">\u00a0<img loading=\"lazy\" decoding=\"async\" class=\"alignnone wp-image-6398\" src=\"https:\/\/icem-www.folkwang-uni.de\/icem-web\/wp-content\/uploads\/2018\/06\/ICEM-StudiosWW_DSC04939_web-1-480x280.jpg\" alt=\"Projektstudio ICEM (c) Rebecca ter Braak 2018\" width=\"350\" height=\"234\" srcset=\"https:\/\/icem-www.folkwang-uni.de\/icem-web\/wp-content\/uploads\/2018\/06\/ICEM-StudiosWW_DSC04939_web-1-632x422.jpg 632w, https:\/\/icem-www.folkwang-uni.de\/icem-web\/wp-content\/uploads\/2018\/06\/ICEM-StudiosWW_DSC04939_web-1-768x512.jpg 768w, https:\/\/icem-www.folkwang-uni.de\/icem-web\/wp-content\/uploads\/2018\/06\/ICEM-StudiosWW_DSC04939_web-1-1020x681.jpg 1020w, https:\/\/icem-www.folkwang-uni.de\/icem-web\/wp-content\/uploads\/2018\/06\/ICEM-StudiosWW_DSC04939_web-1-600x400.jpg 600w, https:\/\/icem-www.folkwang-uni.de\/icem-web\/wp-content\/uploads\/2018\/06\/ICEM-StudiosWW_DSC04939_web-1-120x80.jpg 120w, https:\/\/icem-www.folkwang-uni.de\/icem-web\/wp-content\/uploads\/2018\/06\/ICEM-StudiosWW_DSC04939_web-1.jpg 1920w\" sizes=\"auto, (max-width: 350px) 100vw, 350px\" \/>\u00a0<\/a> <a href=\"https:\/\/icem-www.folkwang-uni.de\/icem-web\/wp-content\/uploads\/2018\/06\/ICEM-StudiosWW_DSC04941_web-1.jpg\"><img loading=\"lazy\" decoding=\"async\" class=\"alignnone wp-image-6399\" src=\"https:\/\/icem-www.folkwang-uni.de\/icem-web\/wp-content\/uploads\/2018\/06\/ICEM-StudiosWW_DSC04941_web-1-480x280.jpg\" alt=\"Projektstudio ICEM (c) Rebecca ter Braak 2018\" width=\"350\" height=\"234\" srcset=\"https:\/\/icem-www.folkwang-uni.de\/icem-web\/wp-content\/uploads\/2018\/06\/ICEM-StudiosWW_DSC04941_web-1-632x422.jpg 632w, https:\/\/icem-www.folkwang-uni.de\/icem-web\/wp-content\/uploads\/2018\/06\/ICEM-StudiosWW_DSC04941_web-1-768x512.jpg 768w, https:\/\/icem-www.folkwang-uni.de\/icem-web\/wp-content\/uploads\/2018\/06\/ICEM-StudiosWW_DSC04941_web-1-1020x681.jpg 1020w, https:\/\/icem-www.folkwang-uni.de\/icem-web\/wp-content\/uploads\/2018\/06\/ICEM-StudiosWW_DSC04941_web-1-600x400.jpg 600w, https:\/\/icem-www.folkwang-uni.de\/icem-web\/wp-content\/uploads\/2018\/06\/ICEM-StudiosWW_DSC04941_web-1-120x80.jpg 120w, https:\/\/icem-www.folkwang-uni.de\/icem-web\/wp-content\/uploads\/2018\/06\/ICEM-StudiosWW_DSC04941_web-1.jpg 1920w\" sizes=\"auto, (max-width: 350px) 100vw, 350px\" \/><\/a> <a href=\"https:\/\/icem-www.folkwang-uni.de\/icem-web\/wp-content\/uploads\/2018\/06\/ICEM-StudiosWW_DSC04945_web-1.jpg\"><img loading=\"lazy\" decoding=\"async\" class=\"alignnone wp-image-6400\" src=\"https:\/\/icem-www.folkwang-uni.de\/icem-web\/wp-content\/uploads\/2018\/06\/ICEM-StudiosWW_DSC04945_web-1-480x280.jpg\" alt=\"Projektstudio ICEM (c) Rebecca ter Braak 2018\" width=\"350\" height=\"234\" srcset=\"https:\/\/icem-www.folkwang-uni.de\/icem-web\/wp-content\/uploads\/2018\/06\/ICEM-StudiosWW_DSC04945_web-1-632x422.jpg 632w, https:\/\/icem-www.folkwang-uni.de\/icem-web\/wp-content\/uploads\/2018\/06\/ICEM-StudiosWW_DSC04945_web-1-768x512.jpg 768w, https:\/\/icem-www.folkwang-uni.de\/icem-web\/wp-content\/uploads\/2018\/06\/ICEM-StudiosWW_DSC04945_web-1-1020x681.jpg 1020w, https:\/\/icem-www.folkwang-uni.de\/icem-web\/wp-content\/uploads\/2018\/06\/ICEM-StudiosWW_DSC04945_web-1-600x400.jpg 600w, https:\/\/icem-www.folkwang-uni.de\/icem-web\/wp-content\/uploads\/2018\/06\/ICEM-StudiosWW_DSC04945_web-1-120x80.jpg 120w, https:\/\/icem-www.folkwang-uni.de\/icem-web\/wp-content\/uploads\/2018\/06\/ICEM-StudiosWW_DSC04945_web-1.jpg 1920w\" sizes=\"auto, (max-width: 350px) 100vw, 350px\" \/><\/a><\/p>\n<p>Studentischer-Arbeitsraum:<\/p>\n<ul>\n<li>Raum mit Tageslicht<\/li>\n<li>Grundfl\u00e4che etwa 15 Quadratmeter<\/li>\n<li>Studio-Sichtfenster zum Regie- und Unterrichtsraum<\/li>\n<li>Rechner-Arbeitspl\u00e4tze mit Internet-Zugang auf Macintosh-Basis<\/li>\n<\/ul>\n<p><span style=\"color: #ff0000;\">Weitere technische Beschreibung folgt in K\u00fcrze<\/span><\/p>\n<p><a href=\"https:\/\/icem-www.folkwang-uni.de\/icem-web\/wp-content\/uploads\/2018\/06\/ICEM-StudiosWW_DSC04950_web.jpg\"><img loading=\"lazy\" decoding=\"async\" class=\"alignnone wp-image-6261\" src=\"https:\/\/icem-www.folkwang-uni.de\/icem-web\/wp-content\/uploads\/2018\/06\/ICEM-StudiosWW_DSC04950_web-480x280.jpg\" alt=\"Projektstudio ICEM (c) Rebecca ter Braak 2018\" width=\"350\" height=\"233\" srcset=\"https:\/\/icem-www.folkwang-uni.de\/icem-web\/wp-content\/uploads\/2018\/06\/ICEM-StudiosWW_DSC04950_web-632x422.jpg 632w, https:\/\/icem-www.folkwang-uni.de\/icem-web\/wp-content\/uploads\/2018\/06\/ICEM-StudiosWW_DSC04950_web-768x512.jpg 768w, https:\/\/icem-www.folkwang-uni.de\/icem-web\/wp-content\/uploads\/2018\/06\/ICEM-StudiosWW_DSC04950_web-1020x680.jpg 1020w, https:\/\/icem-www.folkwang-uni.de\/icem-web\/wp-content\/uploads\/2018\/06\/ICEM-StudiosWW_DSC04950_web-600x400.jpg 600w, https:\/\/icem-www.folkwang-uni.de\/icem-web\/wp-content\/uploads\/2018\/06\/ICEM-StudiosWW_DSC04950_web-120x80.jpg 120w\" sizes=\"auto, (max-width: 350px) 100vw, 350px\" \/><\/a> <a href=\"https:\/\/icem-www.folkwang-uni.de\/icem-web\/wp-content\/uploads\/2018\/06\/ICEM-StudiosWW_DSC04952_web.jpg\"><img loading=\"lazy\" decoding=\"async\" class=\"alignnone wp-image-6262\" src=\"https:\/\/icem-www.folkwang-uni.de\/icem-web\/wp-content\/uploads\/2018\/06\/ICEM-StudiosWW_DSC04952_web-480x280.jpg\" alt=\"Projektstudio ICEM (c) Rebecca ter Braak 2018\" width=\"350\" height=\"233\" srcset=\"https:\/\/icem-www.folkwang-uni.de\/icem-web\/wp-content\/uploads\/2018\/06\/ICEM-StudiosWW_DSC04952_web-632x422.jpg 632w, https:\/\/icem-www.folkwang-uni.de\/icem-web\/wp-content\/uploads\/2018\/06\/ICEM-StudiosWW_DSC04952_web-768x512.jpg 768w, https:\/\/icem-www.folkwang-uni.de\/icem-web\/wp-content\/uploads\/2018\/06\/ICEM-StudiosWW_DSC04952_web-1020x680.jpg 1020w, https:\/\/icem-www.folkwang-uni.de\/icem-web\/wp-content\/uploads\/2018\/06\/ICEM-StudiosWW_DSC04952_web-600x400.jpg 600w, https:\/\/icem-www.folkwang-uni.de\/icem-web\/wp-content\/uploads\/2018\/06\/ICEM-StudiosWW_DSC04952_web-120x80.jpg 120w\" sizes=\"auto, (max-width: 350px) 100vw, 350px\" \/><\/a><\/p>\n<p>Kontakt:\u00a0<a href=\"https:\/\/icem-www.folkwang-uni.de\/icem-web\/kontaktformular?an=huefner\">Stefan H\u00fcfner<\/a><\/p>\n","protected":false},"excerpt":{"rendered":"<p>Wie im Namen bereits angedeutet, findet in diesem Studio haupts\u00e4chlich der Unterricht f\u00fcr spezielle Projekte unserer Studenten statt. Dabei wird<\/p>\n","protected":false},"author":1,"featured_media":0,"parent":30,"menu_order":0,"comment_status":"closed","ping_status":"closed","template":"","meta":{"_acf_changed":false,"footnotes":""},"class_list":["post-245","page","type-page","status-publish","hentry"],"acf":[],"_links":{"self":[{"href":"https:\/\/icem-www.folkwang-uni.de\/icem-web\/wp-json\/wp\/v2\/pages\/245","targetHints":{"allow":["GET"]}}],"collection":[{"href":"https:\/\/icem-www.folkwang-uni.de\/icem-web\/wp-json\/wp\/v2\/pages"}],"about":[{"href":"https:\/\/icem-www.folkwang-uni.de\/icem-web\/wp-json\/wp\/v2\/types\/page"}],"author":[{"embeddable":true,"href":"https:\/\/icem-www.folkwang-uni.de\/icem-web\/wp-json\/wp\/v2\/users\/1"}],"replies":[{"embeddable":true,"href":"https:\/\/icem-www.folkwang-uni.de\/icem-web\/wp-json\/wp\/v2\/comments?post=245"}],"version-history":[{"count":14,"href":"https:\/\/icem-www.folkwang-uni.de\/icem-web\/wp-json\/wp\/v2\/pages\/245\/revisions"}],"predecessor-version":[{"id":9982,"href":"https:\/\/icem-www.folkwang-uni.de\/icem-web\/wp-json\/wp\/v2\/pages\/245\/revisions\/9982"}],"up":[{"embeddable":true,"href":"https:\/\/icem-www.folkwang-uni.de\/icem-web\/wp-json\/wp\/v2\/pages\/30"}],"wp:attachment":[{"href":"https:\/\/icem-www.folkwang-uni.de\/icem-web\/wp-json\/wp\/v2\/media?parent=245"}],"curies":[{"name":"wp","href":"https:\/\/api.w.org\/{rel}","templated":true}]}}