{"id":255,"date":"2012-02-15T18:41:56","date_gmt":"2012-02-15T17:41:56","guid":{"rendered":"http:\/\/icem-www.folkwang-uni.de\/icem-web\/?page_id=255"},"modified":"2018-06-29T15:30:55","modified_gmt":"2018-06-29T13:30:55","slug":"wesselswerth-serverraum","status":"publish","type":"page","link":"https:\/\/icem-www.folkwang-uni.de\/icem-web\/studios-anlagen\/wesselswerth-serverraum\/","title":{"rendered":"Wesselswerth-Serverraum"},"content":{"rendered":"<p>&nbsp;<\/p>\n<p><a href=\"https:\/\/icem-www.folkwang-uni.de\/icem-web\/wp-content\/uploads\/2018\/06\/ICEM-Medienstudio_DSC06087_web.jpg\"><img loading=\"lazy\" decoding=\"async\" class=\"wp-image-6386 alignright\" src=\"https:\/\/icem-www.folkwang-uni.de\/icem-web\/wp-content\/uploads\/2018\/06\/ICEM-Medienstudio_DSC06087_web-632x947.jpg\" alt=\"Medienstudio ICEM (c) Rebecca ter Braak 2018\" width=\"234\" height=\"350\" srcset=\"https:\/\/icem-www.folkwang-uni.de\/icem-web\/wp-content\/uploads\/2018\/06\/ICEM-Medienstudio_DSC06087_web-632x947.jpg 632w, https:\/\/icem-www.folkwang-uni.de\/icem-web\/wp-content\/uploads\/2018\/06\/ICEM-Medienstudio_DSC06087_web-768x1151.jpg 768w, https:\/\/icem-www.folkwang-uni.de\/icem-web\/wp-content\/uploads\/2018\/06\/ICEM-Medienstudio_DSC06087_web-1020x1529.jpg 1020w, https:\/\/icem-www.folkwang-uni.de\/icem-web\/wp-content\/uploads\/2018\/06\/ICEM-Medienstudio_DSC06087_web-600x899.jpg 600w, https:\/\/icem-www.folkwang-uni.de\/icem-web\/wp-content\/uploads\/2018\/06\/ICEM-Medienstudio_DSC06087_web.jpg 1281w\" sizes=\"auto, (max-width: 234px) 100vw, 234px\" \/><\/a><\/p>\n<p>In einem klimatisierten Raum sind Server mit RAID-System, die zum Audio\/Video-Medien-Studio geh\u00f6renden Rechner sowie verschiedene Geb\u00e4udesteuerungs-Systeme untergebracht.<\/p>\n<p>Besonderheiten:<\/p>\n<ul>\n<li>Grundfl\u00e4che etwa 14 Quadratmeter<\/li>\n<li>Leistungsf\u00e4hige Raumk\u00fchlung<\/li>\n<li>SNS EVO Storage System mit 64 TB Bruttokapazit\u00e4t<\/li>\n<li>Notstrom f\u00fcr Server-Rechner und Festplatten-Speichersystem durch unterbrechungsfreie Stromversorgung (USV) mit Akkumulator-Pufferung<\/li>\n<li>Rechner-Cluster\u00a0f\u00fcr\u00a0Rendering\/Computer-Animation im Audio\/Video-Medien-Studio<\/li>\n<li>Zentral-Generator f\u00fcr Videotakt und\u00a0WordClock<\/li>\n<li>Anschluss an das Studionetzwerk per Ethernet, \u00dcbergang zum Hochschulnetzwerk \u00fcber Standleitung<\/li>\n<li>Lichtwellenleiter-Ethernet-Steckfeld f\u00fcr das Geb\u00e4ude-Netzwerk<\/li>\n<li>Datenverteilsystem Fast Ethernet\u00a0Switches f\u00fcr 1\u00a0Gb\/s, 100Mb\/s und 10Mb\/s<\/li>\n<li>Zutrittskontroll-System f\u00fcr das Geb\u00e4ude<\/li>\n<li>Telefon-Nebenstellen-Anlage<\/li>\n<li>Datensicherungs-Schrankraum<\/li>\n<\/ul>\n<p>&nbsp;<\/p>\n<p>Kontakt:\u00a0<a href=\"https:\/\/icem-www.folkwang-uni.de\/icem-web\/kontaktformular?an=neuhaus\">Thomas Neuhaus<\/a><\/p>\n","protected":false},"excerpt":{"rendered":"<p>&nbsp; In einem klimatisierten Raum sind Server mit RAID-System, die zum Audio\/Video-Medien-Studio geh\u00f6renden Rechner sowie verschiedene Geb\u00e4udesteuerungs-Systeme untergebracht. Besonderheiten: Grundfl\u00e4che<\/p>\n","protected":false},"author":1,"featured_media":0,"parent":30,"menu_order":0,"comment_status":"closed","ping_status":"closed","template":"","meta":{"_acf_changed":false,"footnotes":""},"class_list":["post-255","page","type-page","status-publish","hentry"],"acf":[],"_links":{"self":[{"href":"https:\/\/icem-www.folkwang-uni.de\/icem-web\/wp-json\/wp\/v2\/pages\/255","targetHints":{"allow":["GET"]}}],"collection":[{"href":"https:\/\/icem-www.folkwang-uni.de\/icem-web\/wp-json\/wp\/v2\/pages"}],"about":[{"href":"https:\/\/icem-www.folkwang-uni.de\/icem-web\/wp-json\/wp\/v2\/types\/page"}],"author":[{"embeddable":true,"href":"https:\/\/icem-www.folkwang-uni.de\/icem-web\/wp-json\/wp\/v2\/users\/1"}],"replies":[{"embeddable":true,"href":"https:\/\/icem-www.folkwang-uni.de\/icem-web\/wp-json\/wp\/v2\/comments?post=255"}],"version-history":[{"count":9,"href":"https:\/\/icem-www.folkwang-uni.de\/icem-web\/wp-json\/wp\/v2\/pages\/255\/revisions"}],"predecessor-version":[{"id":6470,"href":"https:\/\/icem-www.folkwang-uni.de\/icem-web\/wp-json\/wp\/v2\/pages\/255\/revisions\/6470"}],"up":[{"embeddable":true,"href":"https:\/\/icem-www.folkwang-uni.de\/icem-web\/wp-json\/wp\/v2\/pages\/30"}],"wp:attachment":[{"href":"https:\/\/icem-www.folkwang-uni.de\/icem-web\/wp-json\/wp\/v2\/media?parent=255"}],"curies":[{"name":"wp","href":"https:\/\/api.w.org\/{rel}","templated":true}]}}