{"id":376,"date":"2012-02-15T19:44:57","date_gmt":"2012-02-15T18:44:57","guid":{"rendered":"http:\/\/icem-www.folkwang-uni.de\/icem-web\/?page_id=376"},"modified":"2018-06-29T15:36:13","modified_gmt":"2018-06-29T13:36:13","slug":"technische-gerate-und-instrumenten-sammlung","status":"publish","type":"page","link":"https:\/\/icem-www.folkwang-uni.de\/icem-web\/studios-anlagen\/technische-gerate-und-instrumenten-sammlung\/","title":{"rendered":"Technische Ger\u00e4te- und Instrumenten-Sammlung"},"content":{"rendered":"<div id='gallery-1' class='gallery galleryid-376 gallery-columns-2 gallery-size-thumbnail'><figure class='gallery-item'>\n\t\t\t<div class='gallery-icon landscape'>\n\t\t\t\t<a href='https:\/\/icem-www.folkwang-uni.de\/icem-web\/wp-content\/uploads\/2012\/02\/GerArchiv1_1_500x375.jpg'><img loading=\"lazy\" decoding=\"async\" width=\"480\" height=\"280\" src=\"https:\/\/icem-www.folkwang-uni.de\/icem-web\/wp-content\/uploads\/2012\/02\/GerArchiv1_1_500x375-480x280.jpg\" class=\"attachment-thumbnail size-thumbnail\" alt=\"\" \/><\/a>\n\t\t\t<\/div><\/figure><figure class='gallery-item'>\n\t\t\t<div class='gallery-icon landscape'>\n\t\t\t\t<a href='https:\/\/icem-www.folkwang-uni.de\/icem-web\/wp-content\/uploads\/2012\/02\/GerArchiv1_2_500x375.jpg'><img loading=\"lazy\" decoding=\"async\" width=\"480\" height=\"280\" src=\"https:\/\/icem-www.folkwang-uni.de\/icem-web\/wp-content\/uploads\/2012\/02\/GerArchiv1_2_500x375-480x280.jpg\" class=\"attachment-thumbnail size-thumbnail\" alt=\"\" \/><\/a>\n\t\t\t<\/div><\/figure>\n\t\t<\/div>\n\n<p>Schneller als in der Welt der mechanischen Instrumente \u00e4ndern sich die Instrumente und Ger\u00e4te, mit denen Elektronische Musik produziert wird. Da die Eigenschaften der Instrumente ma\u00dfgeblichen Einfluss auf die Musik haben, versuchen wir im ICEM, solche Instrumente m\u00f6glichst lange im Produktionsprozess zu halten. Neue Instrumente, die alte ersetzen, er\u00f6ffnen dem Komponisten in der Regel neue musikalische M\u00f6glichkeiten, verdr\u00e4ngen aber auch tradierte Schaffensprozesse in einem Elektronischen Studio. Dieses Spannungsfeld zwischen Innovation und Traditionspflege innerhalb der Elektronischen Musik und Computermusik hat uns dazu veranlasst, einen wesentlichen Teil unserer Ger\u00e4te und Instrumente, die wir im Laufe der Zeit durch neue ersetzt haben, in einer Sammlung zusammen zu stellen und der \u00d6ffentlichkeit zug\u00e4nglich zu machen. Heutzutage besinnt man sich darauf, die Instrumente des elektronischen Industriezeitalters nicht einfach zu verschrotten bzw. zu &#8222;entsorgen&#8220;, sondern beispielhafte Exemplare zu sammeln und zu pflegen. Neben dem Bewahren liegt uns besonders am Herzen, einige ausgew\u00e4hlte Instrumente auch funktionsf\u00e4hig zu erhalten, damit der klangsinnliche Bezug dieser Instrumente auch f\u00fcr die Zukunft erhalten bleibt. Schon heute macht man sich Gedanken dar\u00fcber, wie die Elektronische Musik der 50er Jahre wohl geklungen haben mag, da man kaum noch \u00fcber die Ger\u00e4te, Instrumente und Lautsprecher verf\u00fcgt, \u00fcber welche die Musik jener Tage aufgef\u00fchrt, konserviert und reproduziert wurde. Grunds\u00e4tzlich steht unsere Sammlung der interessierten \u00d6ffentlichkeit zur Information zur Verf\u00fcgung, wobei insbesondere auch Schulklassen die M\u00f6glichkeit zur direkten Einsicht in die Geschichte der Elektronischen Musik gegeben werden soll. Es gibt keine festen \u00d6ffnungszeiten, daher ist eine vorherige Terminabsprache f\u00fcr einen Besuch erforderlich.<\/p>\n<ul>\n<li>mechanische, elektromechanische und elektronische Musikinstrumente<\/li>\n<li>analoge und digitale Synthesizer, teilweise als Modulsystem<\/li>\n<li>Bestandteile der ersten\u00a0Folkwang-Live-Elektronik-Anlage\u00a0von 1970<\/li>\n<li>Tonregie-Mischpulte aus verschiedenen Epochen<\/li>\n<li>Studio-Tonbandmaschinen aus verschiedenen Epochen, beispielsweise Telefunken Magnetophon M10 2-Spur Viertel-Zoll, M10 2-Spur Viertel-Zoll mit Film-Synchronkopf und M10 4-Spur 1-Zoll, Studio-Tonbandmaschinen aus der DDR<\/li>\n<li>Heim-Tonbandger\u00e4te<\/li>\n<li>Schallplattenspieler, Cassetten-Recorder, DAT-Recorder<\/li>\n<li>Ton-Perfo-L\u00e4ufer\u00a0f\u00fcr Film-Ton<\/li>\n<li>Ger\u00e4te f\u00fcr Toneffekte und Tonbearbeitung, beispielsweise Hall-Spiralen, Hall-Trommel<\/li>\n<li>Lautsprecher aus verschiedenen Epochen<\/li>\n<li>historische Rundfunk-Empf\u00e4nger der 50er und 60er Jahre<\/li>\n<li>Ger\u00e4te der fr\u00fchen Rundfunk-Messtechnik (das waren die Instrumente der ersten Elektronik-Komponisten), beispielsweise Tongeneratoren, Pegelschreiber, Klirrfaktor-Analysator, Messfilter, Messbr\u00fccke, Aussteuerungsmesser<\/li>\n<li>Prozessrechner und Computer aus verschiedenen Epochen, beispielsweise Dietz\u00a0Mincal, Tektronix 4051, diverse Apple Macintosh,\u00a0NeXT-Cube, Silicon Graphics Workstations, diverse PC-DOS-Rechner, CP\/M-Rechner,Commodore, Atari, Sinclair ZX 81<\/li>\n<li>Computer-Peripherie aus verschiedenen Epochen, beispielsweise Lochstreifen-Leser und Lochstreifen-Stanzer, Teletype-Terminal, Datenband-Laufwerke, Floppy-Disk-Stationen mit 8-Zoll, 5,25-Zoll und 3,5-Zoll, Festplatten-Systeme, Matrix-Drucker, Flachbett-Plotter<\/li>\n<li>digitales Audioprozessor-System\u00a0micro-control\u00a0APS 64\/40 (etwa 1987), entstanden in Entwicklungs-Kooperation mit dem ICEM, gef\u00f6rdert mit Bundes-Forschungsmitteln<\/li>\n<li>digitales Audioprozessor-System\u00a0micro-control\u00a0Audiac\u00a01000 (etwa 1993)<\/li>\n<li>Tonmischpult\u00a0Helios\u00a0aus der &#8222;Steinzeit&#8220; der Transistor-Elektronik (etwa 1970)<\/li>\n<li>Studio-Mischpult Siemens in Transistor-Technik (etwa 1970)<\/li>\n<li>Studio- und Beschallungs-Mischpult Telefunken in\u00a0VCM-Technik\u00a0(etwa 1977)<\/li>\n<li>das erste kontinental-europ\u00e4ische Digital-Audio-Mischpult ANT Nachrichtentechnik, Codename &#8222;Diamant&#8220;, mit s\u00e4mtlichen Entwicklungs-Stufen und vollst\u00e4ndiger Dokumentation (etwa 1986)<\/li>\n<\/ul>\n<p>&nbsp;<\/p>\n<p>Literatur zum Digital-Audio-Mischpult:<\/p>\n<p>Roland Masslich:<\/p>\n<p>Tonmischpult in Digitaltechnik.<\/p>\n<p>Bericht zur 13. Tonmeistertagung 1984, M\u00fcnchen<\/p>\n<p>&nbsp;<\/p>\n<p>Kontakt:\u00a0<a href=\"https:\/\/icem-www.folkwang-uni.de\/icem-web\/kontaktformular?an=reith\">Dirk Reith<\/a><\/p>\n","protected":false},"excerpt":{"rendered":"<p>Schneller als in der Welt der mechanischen Instrumente \u00e4ndern sich die Instrumente und Ger\u00e4te, mit denen Elektronische Musik produziert wird.<\/p>\n","protected":false},"author":1,"featured_media":0,"parent":30,"menu_order":0,"comment_status":"closed","ping_status":"closed","template":"","meta":{"_acf_changed":false,"footnotes":""},"class_list":["post-376","page","type-page","status-publish","hentry"],"acf":[],"_links":{"self":[{"href":"https:\/\/icem-www.folkwang-uni.de\/icem-web\/wp-json\/wp\/v2\/pages\/376","targetHints":{"allow":["GET"]}}],"collection":[{"href":"https:\/\/icem-www.folkwang-uni.de\/icem-web\/wp-json\/wp\/v2\/pages"}],"about":[{"href":"https:\/\/icem-www.folkwang-uni.de\/icem-web\/wp-json\/wp\/v2\/types\/page"}],"author":[{"embeddable":true,"href":"https:\/\/icem-www.folkwang-uni.de\/icem-web\/wp-json\/wp\/v2\/users\/1"}],"replies":[{"embeddable":true,"href":"https:\/\/icem-www.folkwang-uni.de\/icem-web\/wp-json\/wp\/v2\/comments?post=376"}],"version-history":[{"count":6,"href":"https:\/\/icem-www.folkwang-uni.de\/icem-web\/wp-json\/wp\/v2\/pages\/376\/revisions"}],"predecessor-version":[{"id":6476,"href":"https:\/\/icem-www.folkwang-uni.de\/icem-web\/wp-json\/wp\/v2\/pages\/376\/revisions\/6476"}],"up":[{"embeddable":true,"href":"https:\/\/icem-www.folkwang-uni.de\/icem-web\/wp-json\/wp\/v2\/pages\/30"}],"wp:attachment":[{"href":"https:\/\/icem-www.folkwang-uni.de\/icem-web\/wp-json\/wp\/v2\/media?parent=376"}],"curies":[{"name":"wp","href":"https:\/\/api.w.org\/{rel}","templated":true}]}}