{"id":415,"date":"2012-02-29T15:46:31","date_gmt":"2012-02-29T14:46:31","guid":{"rendered":"http:\/\/icem-www.folkwang-uni.de\/icem-web\/?page_id=415"},"modified":"2012-03-19T09:40:34","modified_gmt":"2012-03-19T08:40:34","slug":"produktionen-des-tonaufnahmestudios-auszug","status":"publish","type":"page","link":"https:\/\/icem-www.folkwang-uni.de\/icem-web\/audios-videos\/produktionen-des-tonaufnahmestudios-auszug\/","title":{"rendered":"Produktionen aus dem Tonaufnahmestudio"},"content":{"rendered":"<h2>Auf CD oder DVD gepresste und offiziell herausgegebene Produktionen :<\/h2>\n<p>&nbsp;<\/p>\n<p>2003 Theater der Kl\u00e4nge: Megalopolis Doppel-CD, Herausgegeben H\u00f6rzeichen-Verlag<br \/>\n2004 Un Lay de Consolation, Herausgegeben von WERGO<br \/>\n2005 Thomas Hufschmidt: Under Surface, Herausgegeben von Laika-Records, Bremen<br \/>\n2005 Invisible Change, Herausgegeben von Jazzhausmusik<br \/>\n2005 Vladimir Shamo: CD1 Liszt, CD2 Beethoven, Chopin, Rachmaninov<br \/>\n2005: Novembermusic, CD-Auswahl, der Orchesterwerke unter der Leitung von F. Kramer<br \/>\n2006 Alexander Matrosov, Akkordeon, Herausgegeben von ClassicClips<br \/>\n2006 Ulrike Volkhardt: 2 zeitgen\u00f6ssische St\u00fccke f. Blockfl\u00f6te Solo, Herausg. Edition Moeck<br \/>\n2006 Orm Finnendahl, Versatzst\u00fccke, Herausgegeben von WERGO<br \/>\n2006: Novembermusic, CD-Auswahl<br \/>\n2007 Die Sonaten f\u00fcr Blockfl\u00f6te u. BC, G.F.H\u00e4ndel, aufgenommen im Kammermusiksaal Duisburg, Herausgegeben von der Folkwang Universit\u00e4t, Folkwang Edition CD001<br \/>\n2007: Novembermusic, DVD Komplettwerk<br \/>\n2008: Novembermusic, DVD Komplettwerk<br \/>\n2009: Novembermusic, DVD Komplettwerk<br \/>\n2009 Peter Herborn: Music f\u00fcr Question Quartett, Herausgegeben von NRW Jazz<br \/>\n2010: Novembermusic, CD-Auswahl und DVD Komplettwerk<br \/>\n2010 Hugo Read: Chamber Works, Produzent Dave Maler<br \/>\n2011 Charlotte Seither mit dem Klavierst\u00fcck \u201eGran Passo\u201c auf der Produktion \u201eEssay on Shodow and Truth\u201c , herausgegeben von Edition Zeitklang<br \/>\n2011 Boris Bloch: CD-Edition Teil1: Liszt, Herausg. ARS Produktion Ratingen<br \/>\n2011 Boris Bloch: CD-Edition Teil2: Doppel-CD Beethoven, Herausg. ARS Produktion Ratingen<br \/>\n2012 (zum Gro\u00dfteil schon fertiggestellt) Boris Bloch: CD-Edition Teil 3: Bach, Teil4: Mozart, Teil5: Musik der 5 Russen, Teil6: Rachmaninov Doppel-CD, Teil7: Chopin<br \/>\n2012 (in Arbeit) Malte Refardt, zeitgen\u00f6ssische Werke f\u00fcr Fagott<br \/>\n2012 Vokalmusik, Herausgegeben von der Folkwang Universit\u00e4t, Folkwang Edition CD003<br \/>\n2012 (in Arbeit) Markus Roth: CD zum Buch \u00fcber Kadenzen (u.a. Mozart, C.Ph. E Bach)<\/p>\n<h2>Durchgef\u00fchrte aufw\u00e4ndige\u00a0 Produktionen, die (noch) nicht herausgegeben wurden:<\/h2>\n<p>&nbsp;<\/p>\n<p>2002 Sejung Jung, zeitgen\u00f6ssische Klavierwerke<br \/>\n2002 Gordon Kampe, Stadium4<br \/>\n2003 Xaver Poncette: \u201eZeit\u201c 5 Lieder nach Gedichten von R. M. Rilke<br \/>\n2003 Thomas G\u00fcnther: das wohltemperierte Klavier Teil1<br \/>\n2002 Ausschnitte aus dem Musical \u201eThe Fantasticks\u201c<br \/>\n2004 Corina Stoian &amp; Uli Hofmann: Kammermusik Violine &amp; Klavier<br \/>\n2004 Evgeni Bozhanov: Werke von Chopin<br \/>\n2004 H\u00f6rspiel-Produktion \u201eDer Chronist der Winde\u201c, v. H. Mankell, Regie M. Zielenbach<br \/>\n2005 Susanne Achilles &amp; Gudrun Pelker, Lieder von Wolf, Brahms, Berg, Zemlinsky<br \/>\n2006 Trio Morgenstern, Werke von Mozart, Beethoven und Brahms<br \/>\n2008 Ulrike Volkhardt, Blockfl\u00f6tenensemble: CD1+2: alte Musik, CD3: neue Musik<br \/>\n2008 Wolfgang Grandjean (alias Otto J\u00e4germeyer): Mein wohltemperiertes Klavier<br \/>\n2008 Komplettwerk Piani-Sonaten Teil1 (Christuskirsche Velbert)<br \/>\n2008 Peter Herborn: Produktion von 3 Big-Band-St\u00fccken<br \/>\n2009 H\u00f6rspiel-Produktion \u201e Ein paar Menschen suchen das Gl\u00fcck und lachen sich tot\u201c<br \/>\n2009 Ulrike Volkhardt: Lobesgesang f\u00fcr Sopranblockfl\u00f6te<br \/>\n2010 H\u00f6rbuch-Produktion \u201eAuf den Spuren der Gl\u00fcckseeligkeit\u201c<br \/>\n2010 H\u00f6rbuch-Produktion \u201eWir schlafen nicht\u201c<br \/>\n2010 Rossani Reiss, Thomas Hufschmidt: Projekt \u201cOutro Brasil\u201c<br \/>\n2011 Komplettwerk Piani-Sonaten Teil2 (Kammermusiksaal Duisburg)<br \/>\n2011 Songs aus dem Musical \u201eHigh Fidelity\u201c<br \/>\n2011 Raul Vychodil: On my Mind (gro\u00dfe Jazz-Produktion)<\/p>\n<h2><strong>Produktionen aus regelm\u00e4\u00dfigen Semester-Veranstaltungen<\/strong><\/h2>\n<p>Ca. 90 (!)\u00a0 Jazz-Diplom-Tontr\u00e4ger:<\/p>\n<p>seit November 2001 werden im Tonaufnahmestudio s\u00e4mtliche Diplom-Tontr\u00e4ger des Studienganges Jazz produziert. Jeder Student muss 20-30 Minuten Musik auf CD produzieren und hat daf\u00fcr 3 volle Tage im Studio f\u00fcr Aufnahme und Mischung zur Verf\u00fcgung. Die Besetzungen variieren von Duo (Gesang&amp; Klavier \u00fcber Klaviertrio bis hin zu mittelgro\u00dfen Jazz-Ensembles von 4-8 Bandmitgliedern)<\/p>\n<p>2010 Master Abschluss-Arbeit profess. Perform.: Bongjun Mun: 3 Beethoven Klaviersonaten<br \/>\n9 Produktionen der Jazz-Combo Matthias Nadolny (j\u00e4hrliches Projekt)<br \/>\n9 Produktionen der Musical-Pop-Combo Wolf Burbat (j\u00e4hrliches Projekt)<br \/>\n18 Produktionen (semesterweise gesammelte Werke) der Unterrichtsveranstaltung Studiopraxis mit Jazz Peter Herborn<br \/>\n18 Produktionen (semesterweise gesammelte Werke) der Unterrichtsveranstaltung Studiopraxis mit Jazz Uli Beckerhoff<br \/>\n18 Produktionen (semesterweise gesammelte Werke) aus dem Studiengang Musiktheater (Gesang &amp; Klavier, Lieder und Arien)<br \/>\n5 Produktionen (semesterweise gesammelte Werke) der Unterrichtsveranstaltung Studiopraxis Klavier (Wambach \/ Maxsein)<br \/>\n9 Produktionen aus der seit 2002 einmal im Jahr stattfindenden 2-w\u00f6chigen Veranstaltung<br \/>\n\u201eSeminar Mikrofonsprechen\u201c des Fachbereiches 3 (H\u00f6rspiele, Features, Texte, Gedichte..)<\/p>\n<h2><strong>Diverse einmalige Produktionen aus verschiedenen Bereichen<\/strong><\/h2>\n<p>&nbsp;<\/p>\n<p>Studiengang Schauspiel (Texte, Gedichte, Szenen)<br \/>\nKammermusik (Violine &amp; Klavier, Cello &amp; Klavier, Fl\u00f6te &amp; Klavier, Klaviertrio\u2026)<br \/>\nStudiengang Musical (Musical-Songs mit Klavier &amp; Gesang)<br \/>\nDiverse Aufnahmen f\u00fcr Bewerbungen von Studenten bei Wettbewerben, Stipendien\u2026<\/p>\n<div><\/div>\n","protected":false},"excerpt":{"rendered":"<p>Auf CD oder DVD gepresste und offiziell herausgegebene Produktionen : &nbsp; 2003 Theater der Kl\u00e4nge: Megalopolis Doppel-CD, Herausgegeben H\u00f6rzeichen-Verlag 2004<\/p>\n","protected":false},"author":1,"featured_media":0,"parent":38,"menu_order":0,"comment_status":"closed","ping_status":"closed","template":"","meta":{"_acf_changed":false,"footnotes":""},"class_list":["post-415","page","type-page","status-publish","hentry"],"acf":[],"_links":{"self":[{"href":"https:\/\/icem-www.folkwang-uni.de\/icem-web\/wp-json\/wp\/v2\/pages\/415","targetHints":{"allow":["GET"]}}],"collection":[{"href":"https:\/\/icem-www.folkwang-uni.de\/icem-web\/wp-json\/wp\/v2\/pages"}],"about":[{"href":"https:\/\/icem-www.folkwang-uni.de\/icem-web\/wp-json\/wp\/v2\/types\/page"}],"author":[{"embeddable":true,"href":"https:\/\/icem-www.folkwang-uni.de\/icem-web\/wp-json\/wp\/v2\/users\/1"}],"replies":[{"embeddable":true,"href":"https:\/\/icem-www.folkwang-uni.de\/icem-web\/wp-json\/wp\/v2\/comments?post=415"}],"version-history":[{"count":4,"href":"https:\/\/icem-www.folkwang-uni.de\/icem-web\/wp-json\/wp\/v2\/pages\/415\/revisions"}],"predecessor-version":[{"id":719,"href":"https:\/\/icem-www.folkwang-uni.de\/icem-web\/wp-json\/wp\/v2\/pages\/415\/revisions\/719"}],"up":[{"embeddable":true,"href":"https:\/\/icem-www.folkwang-uni.de\/icem-web\/wp-json\/wp\/v2\/pages\/38"}],"wp:attachment":[{"href":"https:\/\/icem-www.folkwang-uni.de\/icem-web\/wp-json\/wp\/v2\/media?parent=415"}],"curies":[{"name":"wp","href":"https:\/\/api.w.org\/{rel}","templated":true}]}}