{"id":4324,"date":"2017-02-22T17:21:06","date_gmt":"2017-02-22T16:21:06","guid":{"rendered":"http:\/\/icem-www.folkwang-uni.de\/icem-web\/?page_id=4324"},"modified":"2017-02-22T17:21:06","modified_gmt":"2017-02-22T16:21:06","slug":"kooperationen","status":"publish","type":"page","link":"https:\/\/icem-www.folkwang-uni.de\/icem-web\/kooperationen\/","title":{"rendered":"Kooperationen"},"content":{"rendered":"<p>Das ICEM betreibt einen den\u00a0Studiengang &#8222;<a href=\"http:\/\/www.folkwang-uni.de\/home\/musik\/studiengaenge\/professional-media-creation\/\">Master of Professional Media Creation<\/a>&#8220; gemeinsam mit dem <a href=\"http:\/\/www.sae.edu\/deu\/de\/campus\/bochum\">SAE Institute Bochum<\/a>. W\u00e4hrend des Studiums wird ein aufw\u00e4ndiges Projekt mit professionellen Methoden verwirklicht und an die \u00d6ffentlichkeit gebracht. Es handelt sich dabei um ein k\u00fcnstlerisches Projekt aus einem der folgenden Bereiche: Musik, Film, Video-, Installations- und Medienkunst, Sound-Art, bildende Kunst, Fotografie, Game-Art, etc. Weitere Infos auf <a href=\"http:\/\/www.sae.edu\/deu\/de\/ma-professional-media-creation\">diesen\u00a0Seiten des SAE Instituts<\/a><\/p>\n<p>Das ICEM kooperiert ebenfalls mit dem <a href=\"http:\/\/www.fh-dortmund.de\/de\/fb\/2\/index.php\">Fachbereichs Design der FH Dortmund<\/a>. Das ICEM \u00f6ffnet einige seiner Lehrangebote f\u00fcr Studierende des dortigen Bachelorstudiengang <a href=\"http:\/\/www.fh-dortmund.de\/de\/fb\/2\/studium\/studiengaenge\/filmsound_ba\/index.php\">Film&amp;Sound<\/a>, umgekehrt haben Folkwang Studierende die M\u00f6glichkeit, Module im Bereich Sounddesign, Fieldrecording oder Acoustic Art zu belegen. Beide Institutionen\u00a0bieten ein gemeinsames Projektmodul &#8222;AudioVision&#8220; an.<\/p>\n","protected":false},"excerpt":{"rendered":"<p>Das ICEM betreibt einen den\u00a0Studiengang &#8222;Master of Professional Media Creation&#8220; gemeinsam mit dem SAE Institute Bochum. W\u00e4hrend des Studiums wird<\/p>\n","protected":false},"author":3,"featured_media":0,"parent":0,"menu_order":0,"comment_status":"closed","ping_status":"closed","template":"","meta":{"_acf_changed":false,"footnotes":""},"class_list":["post-4324","page","type-page","status-publish","hentry"],"acf":[],"_links":{"self":[{"href":"https:\/\/icem-www.folkwang-uni.de\/icem-web\/wp-json\/wp\/v2\/pages\/4324","targetHints":{"allow":["GET"]}}],"collection":[{"href":"https:\/\/icem-www.folkwang-uni.de\/icem-web\/wp-json\/wp\/v2\/pages"}],"about":[{"href":"https:\/\/icem-www.folkwang-uni.de\/icem-web\/wp-json\/wp\/v2\/types\/page"}],"author":[{"embeddable":true,"href":"https:\/\/icem-www.folkwang-uni.de\/icem-web\/wp-json\/wp\/v2\/users\/3"}],"replies":[{"embeddable":true,"href":"https:\/\/icem-www.folkwang-uni.de\/icem-web\/wp-json\/wp\/v2\/comments?post=4324"}],"version-history":[{"count":1,"href":"https:\/\/icem-www.folkwang-uni.de\/icem-web\/wp-json\/wp\/v2\/pages\/4324\/revisions"}],"predecessor-version":[{"id":4325,"href":"https:\/\/icem-www.folkwang-uni.de\/icem-web\/wp-json\/wp\/v2\/pages\/4324\/revisions\/4325"}],"wp:attachment":[{"href":"https:\/\/icem-www.folkwang-uni.de\/icem-web\/wp-json\/wp\/v2\/media?parent=4324"}],"curies":[{"name":"wp","href":"https:\/\/api.w.org\/{rel}","templated":true}]}}