{"id":46,"date":"2012-02-07T14:10:36","date_gmt":"2012-02-07T13:10:36","guid":{"rendered":"http:\/\/www.cdit.de\/wp-icem\/?page_id=46"},"modified":"2022-12-01T16:17:12","modified_gmt":"2022-12-01T15:17:12","slug":"impressum","status":"publish","type":"page","link":"https:\/\/icem-www.folkwang-uni.de\/icem-web\/impressum\/","title":{"rendered":"Impressum und Datenschutzerkl\u00e4rung"},"content":{"rendered":"<h2>Herausgeber<\/h2>\n<p>Folkwang Universit\u00e4t der K\u00fcnste<br \/>\nICEM &#8211; Institut f\u00fcr Computermusik und Elektronische Medien<br \/>\nKlemensborn 39<br \/>\n45239 Essen<br \/>\nTel: 0201-4903-171 (mit Anrufbeantworter)<br \/>\nFax: 0201-4903-270 (-175)<br \/>\nE-Mail: <a title=\"Who is Who\" href=\"https:\/\/icem-www.folkwang-uni.de\/icem-web\/who-is-who\/\">Kontakt<\/a><\/p>\n<p>Die Folkwang Universit\u00e4t der K\u00fcnste ist eine K\u00f6rperschaft des \u00d6ffentlichen Rechts.<br \/>\nSie wird durch den Rektor gesetzlich vertreten.<\/p>\n<p>Das ICEM hat einen Institutsrat sowie eine gesch\u00e4ftsf\u00fchrende und k\u00fcnstlerische Leitung. Zur Zeit ist Prof. Thomas Neuhaus Leiter des Instituts. Email:\u00a0<a href=\"https:\/\/icem-www.folkwang-uni.de\/icem-web\/kontaktformular\/?an=neuhaus\">Kontakt<\/a><\/p>\n<p>F\u00fcr den Inhalt der einzelnen Beitr\u00e4ge sind die jeweiligen Autoren verantwortlich.<\/p>\n<h2>Rechte vorbehalten<\/h2>\n<p>Alle Rechte vorbehalten. Kein Teil dieser Internet-Seiten darf in irgendeiner Form, sei es Druck, Fotokopie, Mikrofilm, Digitalkopie oder mittels jedes anderen Verfahrens, ohne unsere schriftliche Genehmigung reproduziert oder unter Verwendung elektronischer Systeme verarbeitet, vervielf\u00e4ltigt oder verbreitet werden. Die gewerbliche Nutzung der in diesen Internet-Seiten enthaltenen Informationen (Ton, Text, Bild und Video) ist nicht zul\u00e4ssig.<\/p>\n<h2>Keine Gew\u00e4hr, Garantie oder Haftung<\/h2>\n<p>Bei der Zusammenstellung der in diesen Internet-Seiten enthaltenen Informationen (Ton, Text, Bild und Video) sind wir mit gr\u00f6\u00dfter Sorgfalt vorgegangen. Trotzdem k\u00f6nnen wir keine Gew\u00e4hr, Garantie oder Haftung hinsichtlich der Richtigkeit oder Genauigkeit der Angaben sowie m\u00f6glicher Folgen in unseren Seiten \u00fcbernehmen. Soweit m\u00f6glich und bekannt, haben wir die Quellen unserer Informationen (Ton, Text, Bild und Video) benannt und uns um die Genehmigung der Rechte-Inhaber bem\u00fcht. F\u00fcr F\u00e4lle, bei denen das nicht oder unvollst\u00e4ndig oder falsch erfolgt sein sollte, bitten wir um Entschuldigung und sind f\u00fcr entsprechende Hinweise dankbar.<\/p>\n<h2>Haftungsausschluss f\u00fcr verlinkte Seiten<\/h2>\n<p>Trotz sorgf\u00e4ltiger inhaltlicher Kontrolle \u00fcbernehmen wir keine Haftung f\u00fcr die Inhalte externer Links.<br \/>\nF\u00fcr den Inhalt der verlinkten Seiten sind ausschlie\u00dflich deren Betreiber verantwortlich.<\/p>\n<h2>Datenschutzerkl\u00e4rung<\/h2>\n<p><a href=\"https:\/\/www.folkwang-uni.de\/datenschutz\/\">Es gilt die Datenschutzerk\u00e4rung der Folkwang Universit\u00e4t der K\u00fcnste<\/a><\/p>\n<h2>Realisierung und Programmierung<\/h2>\n<p>charles deichmann internet&amp;ton<br \/>\n<a href=\"http:\/\/www.cdit.de\">www.cdit.de<\/a><\/p>\n","protected":false},"excerpt":{"rendered":"<p>Herausgeber Folkwang Universit\u00e4t der K\u00fcnste ICEM &#8211; Institut f\u00fcr Computermusik und Elektronische Medien Klemensborn 39 45239 Essen Tel: 0201-4903-171 (mit<\/p>\n","protected":false},"author":1,"featured_media":0,"parent":0,"menu_order":0,"comment_status":"closed","ping_status":"closed","template":"","meta":{"_acf_changed":false,"footnotes":""},"class_list":["post-46","page","type-page","status-publish","hentry"],"acf":[],"_links":{"self":[{"href":"https:\/\/icem-www.folkwang-uni.de\/icem-web\/wp-json\/wp\/v2\/pages\/46","targetHints":{"allow":["GET"]}}],"collection":[{"href":"https:\/\/icem-www.folkwang-uni.de\/icem-web\/wp-json\/wp\/v2\/pages"}],"about":[{"href":"https:\/\/icem-www.folkwang-uni.de\/icem-web\/wp-json\/wp\/v2\/types\/page"}],"author":[{"embeddable":true,"href":"https:\/\/icem-www.folkwang-uni.de\/icem-web\/wp-json\/wp\/v2\/users\/1"}],"replies":[{"embeddable":true,"href":"https:\/\/icem-www.folkwang-uni.de\/icem-web\/wp-json\/wp\/v2\/comments?post=46"}],"version-history":[{"count":11,"href":"https:\/\/icem-www.folkwang-uni.de\/icem-web\/wp-json\/wp\/v2\/pages\/46\/revisions"}],"predecessor-version":[{"id":9449,"href":"https:\/\/icem-www.folkwang-uni.de\/icem-web\/wp-json\/wp\/v2\/pages\/46\/revisions\/9449"}],"wp:attachment":[{"href":"https:\/\/icem-www.folkwang-uni.de\/icem-web\/wp-json\/wp\/v2\/media?parent=46"}],"curies":[{"name":"wp","href":"https:\/\/api.w.org\/{rel}","templated":true}]}}