{"id":4774,"date":"2017-10-21T19:33:28","date_gmt":"2017-10-21T17:33:28","guid":{"rendered":"http:\/\/icem-www.folkwang-uni.de\/icem-web\/?page_id=4774"},"modified":"2018-12-13T14:33:27","modified_gmt":"2018-12-13T13:33:27","slug":"dolanij-27-09-2017-04-10-2017","status":"publish","type":"page","link":"https:\/\/icem-www.folkwang-uni.de\/icem-web\/artist-in-progress\/dokumentation-electroacoustics-meets-boen-uebersicht\/dolanij-27-09-2017-04-10-2017\/","title":{"rendered":"Aus dem Reisetagebuch"},"content":{"rendered":"<p><a href=\"https:\/\/icem-www.folkwang-uni.de\/icem-web\/artist-in-progress\/dokumentation-electroacoustics-meets-boen-uebersicht\/\"><em>( -&gt; zur Projekt\u00fcbersicht&#8230;)<\/em><\/a><\/p>\n<p>Im Folgenden finden sich Ausz\u00fcge aus dem Reisetagebuch eines Reise ins B\u00f6n-Mutterkloster Menri in Dolanji, Indien. Die Reise fand anl\u00e4sslich des Verscheidens des 33. Menri-Trizins (Oberhaupt der B\u00f6n-Tradition und Abt des Mutterklosters Menri) und dessen Verbrennung im September\/Oktober 2017 statt.<\/p>\n<p>Gerade diese recht kurze Reise, die wegen ihres Anlassses au\u00dferplanm\u00e4\u00dfig stattfand und bei der es deshalb nicht im Geringsten um eine akademische Auseinandersetzung\u00a0 mit Ritualmusik oder eine Reflexion \u00fcber das Komponieren ging, stellte sich interessanterweise als ein Wendepunkt im kompositorischen Prozess heraus.<\/p>\n<p>Die eigentlichen Tagebuchausz\u00fcge sind umrahmt von drei Artikeln (Hintergrund 1-3), in denen sich Hintergrundinformationen zu Pers\u00f6nlichkeit und Sterben des 33. Menri Trizins und zur Wahl des neuen Oberhauptes finden.<\/p>\n<p><a href=\"https:\/\/icem-www.folkwang-uni.de\/icem-web\/die-fuenf-elemente-electroacoustic-meets-boen\/reise-nach-menri\/dolanij-27-09-2017-04-10-2017\/das-scheiden-des-33-menri-trizins-und-auswahl-eines-neuen-oberhaupts\/\">Hintergrund 1: Der 33. Menri Trizin Lungtok Tenpa&#8217;i Nyima Rinpoche. Scheiden und Nachruf. <\/a><\/p>\n<p><a href=\"https:\/\/icem-www.folkwang-uni.de\/icem-web\/die-fuenf-elemente-electroacoustic-meets-boen\/reise-nach-menri\/dolanij-27-09-2017-04-10-2017\/der-thukdham-zustand-des-33sten-menri-trizin\/\">Hintergrund 2: Der Thukdham-Zustand des 33. Menri-Trizin.<\/a><\/p>\n<p><a href=\"https:\/\/icem-www.folkwang-uni.de\/icem-web\/feuer-1\/\">Feuer 1: Ofenbau und Butterlampen.<\/a><\/p>\n<p><a href=\"https:\/\/icem-www.folkwang-uni.de\/icem-web\/feuer-2-brennen-und-wachen\/\">Feuer 2: Brennen und Wachen.<\/a><\/p>\n<p><a href=\"https:\/\/icem-www.folkwang-uni.de\/icem-web\/feuer-3-kunst-und-ritual\/\">Feuer 3: Verbrennungszeremonie. Kunst und Ritual.<\/a><\/p>\n<p><a href=\"https:\/\/icem-www.folkwang-uni.de\/icem-web\/das-verbrennungsritual-1-mandalas-und-letzte-verabschiedung\/\">Verbrennungsritual 1: Mandalas und letzte Verabschiedung<\/a><\/p>\n<p><a href=\"https:\/\/icem-www.folkwang-uni.de\/icem-web\/die-fuenf-elemente-electroacoustic-meets-boen\/reise-nach-menri\/dolanij-27-09-2017-04-10-2017\/verbrennungsritual-2-wie-filmt-man-ein-ritual\/\">Verbrennungsritual 2: Wie filmt man ein Ritual?<\/a><\/p>\n<p><a href=\"https:\/\/icem-www.folkwang-uni.de\/icem-web\/die-fuenf-elemente-electroacoustic-meets-boen\/reise-nach-menri\/dolanij-27-09-2017-04-10-2017\/verbrennungsritual-3-letzte-tempelumrundung-und-der-gewisse-moment\/\">Verbrennungsritual 3: Letzte Kora<\/a><\/p>\n<p><a href=\"https:\/\/icem-www.folkwang-uni.de\/icem-web\/verbrennungsritual-4-raeume-und-wege\/\">Verbrennungsritual 4: R\u00e4ume und Wege<\/a><\/p>\n<p><a href=\"https:\/\/icem-www.folkwang-uni.de\/icem-web\/die-fuenf-elemente-electroacoustic-meets-boen\/reise-nach-menri\/dolanij-27-09-2017-04-10-2017\/verbrennnungsritual-5-kuck-da-ist-die-seele\/\">Verbrennungsritual 5: &#8222;Kuck, da ist die Seele!&#8220;<\/a><\/p>\n<p><a href=\"https:\/\/icem-www.folkwang-uni.de\/icem-web\/die-fuenf-elemente-electroacoustic-meets-boen\/reise-nach-menri\/dolanij-27-09-2017-04-10-2017\/feuer-4-heiliges-feuer\/\">Feuer 4: Heilges Feuer<\/a><\/p>\n<p><a href=\"https:\/\/icem-www.folkwang-uni.de\/icem-web\/die-fuenf-elemente-electroacoustic-meets-boen\/reise-nach-menri\/dolanij-27-09-2017-04-10-2017\/feuer-5-ein-stueck-kohle\/\">Feuer 5: Ein St\u00fcck Kohle<\/a><\/p>\n<p><a href=\"https:\/\/icem-www.folkwang-uni.de\/icem-web\/auswahl-eines-neuen-oberhaupts\/\">Hintergrund 3: Auswahl eines neuen Oberhaupts<\/a><\/p>\n<p>&#8211;<\/p>\n<p><a href=\"https:\/\/icem-www.folkwang-uni.de\/icem-web\/die-fuenf-elemente-electroacoustic-meets-boen\/reise-nach-menri\/dolanij-27-09-2017-04-10-2017\/auswirkungen-auf-den-kompositorischen-prozess\/\">Wirkungen auf den Kompositionsprozess<\/a><\/p>\n","protected":false},"excerpt":{"rendered":"<p>( -&gt; zur Projekt\u00fcbersicht&#8230;) Im Folgenden finden sich Ausz\u00fcge aus dem Reisetagebuch eines Reise ins B\u00f6n-Mutterkloster Menri in Dolanji, Indien.<\/p>\n","protected":false},"author":21,"featured_media":0,"parent":7674,"menu_order":0,"comment_status":"closed","ping_status":"closed","template":"template-centered.php","meta":{"_acf_changed":false,"footnotes":""},"class_list":["post-4774","page","type-page","status-publish","hentry"],"acf":[],"_links":{"self":[{"href":"https:\/\/icem-www.folkwang-uni.de\/icem-web\/wp-json\/wp\/v2\/pages\/4774","targetHints":{"allow":["GET"]}}],"collection":[{"href":"https:\/\/icem-www.folkwang-uni.de\/icem-web\/wp-json\/wp\/v2\/pages"}],"about":[{"href":"https:\/\/icem-www.folkwang-uni.de\/icem-web\/wp-json\/wp\/v2\/types\/page"}],"author":[{"embeddable":true,"href":"https:\/\/icem-www.folkwang-uni.de\/icem-web\/wp-json\/wp\/v2\/users\/21"}],"replies":[{"embeddable":true,"href":"https:\/\/icem-www.folkwang-uni.de\/icem-web\/wp-json\/wp\/v2\/comments?post=4774"}],"version-history":[{"count":50,"href":"https:\/\/icem-www.folkwang-uni.de\/icem-web\/wp-json\/wp\/v2\/pages\/4774\/revisions"}],"predecessor-version":[{"id":7822,"href":"https:\/\/icem-www.folkwang-uni.de\/icem-web\/wp-json\/wp\/v2\/pages\/4774\/revisions\/7822"}],"up":[{"embeddable":true,"href":"https:\/\/icem-www.folkwang-uni.de\/icem-web\/wp-json\/wp\/v2\/pages\/7674"}],"wp:attachment":[{"href":"https:\/\/icem-www.folkwang-uni.de\/icem-web\/wp-json\/wp\/v2\/media?parent=4774"}],"curies":[{"name":"wp","href":"https:\/\/api.w.org\/{rel}","templated":true}]}}