{"id":5296,"date":"2017-11-09T10:34:36","date_gmt":"2017-11-09T09:34:36","guid":{"rendered":"http:\/\/icem-www.folkwang-uni.de\/icem-web\/?page_id=5296"},"modified":"2018-12-12T13:54:03","modified_gmt":"2018-12-12T12:54:03","slug":"harmonisch-rhythmischer-rahmen","status":"publish","type":"page","link":"https:\/\/icem-www.folkwang-uni.de\/icem-web\/artist-in-progress\/dokumentation-electroacoustics-meets-boen-uebersicht\/realtime-klangsynthese-in-maxmsp\/harmonisch-rhythmischer-rahmen\/","title":{"rendered":"harmonisch-rhythmischer Rahmen"},"content":{"rendered":"<p><a href=\"https:\/\/icem-www.folkwang-uni.de\/icem-web\/artist-in-progress\/the-five-elements-electroacoustics-meets-boen\/entstehung-der-komposition\/realtime-klangsynthese-in-maxmsp\/\">-&gt; zur\u00fcck zu &#8222;Realtime-Klangsynthese in MaxMSP&#8220;&#8230;<\/a><\/p>\n<p><strong>Rhythmus<\/strong><\/p>\n<p>Im MaxPatch gibt es die M\u00f6glichkeit zwischen zwei Arten in der Gestaltung der Ereignisdichte (Einsatzabst\u00e4nde) zu w\u00e4hlen:<\/p>\n<p><strong><em>random density<\/em><\/strong> (links oben) erm\u00f6glicht die freie Wahl eines Einsatzabstandes in Milisekunden und dem freien Zusatz eines Jitters (ebenfalls in ms).<\/p>\n<p><em><strong>scaled rythm density<\/strong><\/em> (rechts daneben) bietet ein umenu, in dem zwischen verschiedenen Rhythmuspattern gew\u00e4hlt werden kann. Zwischen diesen Pattern l\u00e4sst sich live wechseln, ohne dass ein Bruch im Verlauf entsteht. Durch Aufaddierung eines Jitters ist es zudem m\u00f6glich, einen Verlauf zu gestalten, in dem ein Pattern sich langsam aufl\u00f6st, oder umgekehrt, in dem es langsam entsteht.<\/p>\n<p><strong>Rhythmuspattern<\/strong><\/p>\n<p>Die auszuw\u00e4hlenden Pattern sind Ableitungen, die sich aus dem Rhythmus ergeben, in dem das <a href=\"https:\/\/icem-www.folkwang-uni.de\/icem-web\/artist-in-progress\/the-five-elements-electroacoustics-meets-boen\/entstehung-der-komposition\/material\/weitergabe-von-wissen-im-boen\/\">&#8222;combined-element-mantra&#8220;<\/a> traditionellerweise gesungen wird. Ein Mantra, das alle Elemente gleichzeitig meint und deswegen zu allen vier S\u00e4tzen der Komposition passt. In Verh\u00e4ltnissen ausgedr\u00fcckt unterliegt diesem Mantra das rhythmische Pattern<\/p>\n<p>1 2 1 2 1 3 3<\/p>\n<p>Dieser Grundrhythmus wurde von mir auf sechs verschiedene Arten permutiert und die Permutationen (L-Q) untereinander geschrieben:<\/p>\n<p>L\u00a0\u00a0\u00a0\u00a0\u00a0\u00a0 <strong><em>2 \u00a0\u00a0 1\u00a0\u00a0\u00a0 2 \u00a0\u00a0 1 \u00a0 \u00a0 3 \u00a0\u00a0 3<\/em><\/strong><br \/>\nM\u00a0 \u00a0 \u00a0 <strong><em>3\u00a0\u00a0\u00a0 1 \u00a0\u00a0 3 \u00a0\u00a0 1 \u00a0\u00a0 2 \u00a0\u00a0 2<\/em><\/strong><br \/>\nN\u00a0\u00a0\u00a0\u00a0\u00a0 <strong><em>1 \u00a0\u00a0 2 \u00a0\u00a0 1 \u00a0 \u00a0 2\u00a0\u00a0\u00a0 3 \u00a0\u00a0 3<\/em><\/strong><br \/>\nO\u00a0\u00a0\u00a0\u00a0\u00a0 <strong><em>3 \u00a0\u00a0 2\u00a0\u00a0\u00a0 3\u00a0\u00a0\u00a0\u00a0 2 \u00a0\u00a0 1 \u00a0\u00a0 1<\/em><\/strong><br \/>\nP\u00a0\u00a0\u00a0\u00a0\u00a0\u00a0<strong><em> 1\u00a0\u00a0\u00a0 3\u00a0\u00a0\u00a0 1\u00a0\u00a0\u00a0 3 \u00a0 \u00a0 2 \u00a0 2<\/em><\/strong><br \/>\nQ\u00a0\u00a0\u00a0\u00a0\u00a0 <strong><em>2 \u00a0\u00a0 3\u00a0\u00a0\u00a0 2 \u00a0\u00a0 3\u00a0\u00a0\u00a0\u00a0 1 \u00a0 1<\/em><\/strong><\/p>\n<p>Betrachtet man die Spalten der so untereinander stehenden Permutationen L-Q, so ergeben sich drei weitere Reihen (X, Y, Z):<\/p>\n<p>&#8230;&#8230;&#8230;X\u00a0\u00a0\u00a0\u00a0 Y\u00a0\u00a0\u00a0\u00a0\u00a0\u00a0\u00a0\u00a0\u00a0\u00a0\u00a0\u00a0\u00a0\u00a0\u00a0 Z<br \/>\nL\u00a0\u00a0\u00a0\u00a0\u00a0\u00a0 <strong><em>2 \u00a0\u00a0 1\u00a0\u00a0\u00a0 2 \u00a0\u00a0 1 \u00a0 \u00a0 3 \u00a0\u00a0 3<\/em><\/strong><br \/>\nM\u00a0 \u00a0 \u00a0 <strong><em>3\u00a0\u00a0\u00a0 1 \u00a0\u00a0 3 \u00a0\u00a0 1 \u00a0\u00a0 2 \u00a0\u00a0 2<\/em><\/strong><br \/>\nN\u00a0\u00a0\u00a0\u00a0\u00a0 <strong><em>1 \u00a0\u00a0 2 \u00a0\u00a0 1 \u00a0 \u00a0 2\u00a0\u00a0\u00a0 3 \u00a0\u00a0 3<\/em><\/strong><br \/>\nO\u00a0\u00a0\u00a0\u00a0\u00a0 <strong><em>3 \u00a0\u00a0 2\u00a0\u00a0\u00a0 3\u00a0\u00a0\u00a0\u00a0 2 \u00a0\u00a0 1 \u00a0\u00a0 1<\/em><\/strong><br \/>\nP\u00a0\u00a0\u00a0\u00a0\u00a0\u00a0 <strong><em>1\u00a0\u00a0\u00a0 3\u00a0\u00a0\u00a0 1\u00a0\u00a0\u00a0 3 \u00a0 \u00a0 2 \u00a0 2<\/em><\/strong><br \/>\nQ\u00a0\u00a0\u00a0\u00a0\u00a0 <strong><em>2 \u00a0\u00a0 3\u00a0\u00a0\u00a0 2 \u00a0\u00a0 3\u00a0\u00a0\u00a0\u00a0 1 \u00a0\u00a0 1<\/em><\/strong><\/p>\n<p>Diese insgesamt 9 Reihen werden als 9 Grundpattern f\u00fcr die Komposition eingesetzt. Sie lassen sich sowohl einzeln als auch in bestimmten vordefinierten Kombinationen von 2, 3 oder 6 Pattern anw\u00e4hlen. Das umenu bezieht die Pattern und Patternkombintionen als Listen aus einem coll-Objekt:<\/p>\n<figure id=\"attachment_5301\" aria-describedby=\"caption-attachment-5301\" style=\"width: 632px\" class=\"wp-caption alignnone\"><a href=\"https:\/\/icem-www.folkwang-uni.de\/icem-web\/wp-content\/uploads\/2017\/11\/coll_rythm_maker_JPEG.jpg\"><img loading=\"lazy\" decoding=\"async\" class=\"wp-image-5301 size-medium\" src=\"https:\/\/icem-www.folkwang-uni.de\/icem-web\/wp-content\/uploads\/2017\/11\/coll_rythm_maker_JPEG-632x388.jpg\" alt=\"\" width=\"632\" height=\"388\" srcset=\"https:\/\/icem-www.folkwang-uni.de\/icem-web\/wp-content\/uploads\/2017\/11\/coll_rythm_maker_JPEG-632x388.jpg 632w, https:\/\/icem-www.folkwang-uni.de\/icem-web\/wp-content\/uploads\/2017\/11\/coll_rythm_maker_JPEG-768x471.jpg 768w, https:\/\/icem-www.folkwang-uni.de\/icem-web\/wp-content\/uploads\/2017\/11\/coll_rythm_maker_JPEG-1020x626.jpg 1020w, https:\/\/icem-www.folkwang-uni.de\/icem-web\/wp-content\/uploads\/2017\/11\/coll_rythm_maker_JPEG-600x368.jpg 600w\" sizes=\"auto, (max-width: 632px) 100vw, 632px\" \/><\/a><figcaption id=\"caption-attachment-5301\" class=\"wp-caption-text\">Rhythmische Pattern werden einem coll-objekt \u00fcbergeben<\/figcaption><\/figure>\n<p><strong>Skala<\/strong><\/p>\n<p>Der gesamten Komposition liegt harmonisch eine Unterteilung der Oktave in 125 equidistante Stufen zu Grunde. Durch diese Teilung ist es m\u00f6glich, mittels Granularsynthese zu glissandieren, gleichzeitig impliziert diese Teilung die M\u00f6glichkeit zur Erzeugung einer gleichstufigen Pentatonik \u00fcber die Schritte<\/p>\n<p>0 &#8211; 25 &#8211; 50 &#8211; 75 -100<\/p>\n<p>Diese ist nicht in das Patch einprogrammiert, sondern muss bei Bedarf von Hand eingegeben werden, geh\u00f6rt also als Anweisung zum improvisatorischen Rahmen.<\/p>\n<p><strong><em>scaled rhythm density<\/em><\/strong> ist deswegen scaled, weil sich die Einsatzabst\u00e4nde innerhalb der w\u00e4hlbaren Pattern durch Multiplikatoren analog zu den harmonischen Stufen vergr\u00f6\u00dfern oder verkleiner lassen (analog zu Stockhausens Idee von der Einheit der musikalischen Zeit). Die Bezugsfrequenz ist die Tonh\u00f6he der 8&#8242;-Orgelpfeife des Erdelements: 77 Hz. Sie wird auch f\u00fcr alle anderen S\u00e4tze zu Grunde gelegt.<\/p>\n<figure id=\"attachment_5305\" aria-describedby=\"caption-attachment-5305\" style=\"width: 375px\" class=\"wp-caption alignnone\"><img loading=\"lazy\" decoding=\"async\" class=\"wp-image-5305 size-full\" src=\"https:\/\/icem-www.folkwang-uni.de\/icem-web\/wp-content\/uploads\/2017\/11\/scaled_Density_JPEG.jpg\" alt=\"\" width=\"375\" height=\"494\" \/><figcaption id=\"caption-attachment-5305\" class=\"wp-caption-text\">Erzeugung von Multiplikatoren f\u00fcr Einsatzabst\u00e4nde mit Bezugsfrequenz 77 Hz.<\/figcaption><\/figure>\n<p><strong><br \/>\nTransposition<\/strong><\/p>\n<p>Die Teilung der Oktave in 125 gleiche Stufen liegt auch dem Abschnitt <strong><em>manipulate transposition<\/em><\/strong> zu Grunde (zweiter von rechts). In den f\u00fcnf Feldern unter &#8222;<em>which transposition each of 5 voices<\/em>&#8220; lassen sich 5 verschiedene Transpositionsstufen eingeben. Dadurch lassen sich parallele Transpositionsschichten erzeugen oder H\u00e4ufigkeits-Verteilugen von 2-3 Transpositionsstufen generieren.<\/p>\n","protected":false},"excerpt":{"rendered":"<p>-&gt; zur\u00fcck zu &#8222;Realtime-Klangsynthese in MaxMSP&#8220;&#8230; Rhythmus Im MaxPatch gibt es die M\u00f6glichkeit zwischen zwei Arten in der Gestaltung der<\/p>\n","protected":false},"author":21,"featured_media":0,"parent":5200,"menu_order":0,"comment_status":"closed","ping_status":"closed","template":"template-centered.php","meta":{"_acf_changed":false,"footnotes":""},"class_list":["post-5296","page","type-page","status-publish","hentry"],"acf":[],"_links":{"self":[{"href":"https:\/\/icem-www.folkwang-uni.de\/icem-web\/wp-json\/wp\/v2\/pages\/5296","targetHints":{"allow":["GET"]}}],"collection":[{"href":"https:\/\/icem-www.folkwang-uni.de\/icem-web\/wp-json\/wp\/v2\/pages"}],"about":[{"href":"https:\/\/icem-www.folkwang-uni.de\/icem-web\/wp-json\/wp\/v2\/types\/page"}],"author":[{"embeddable":true,"href":"https:\/\/icem-www.folkwang-uni.de\/icem-web\/wp-json\/wp\/v2\/users\/21"}],"replies":[{"embeddable":true,"href":"https:\/\/icem-www.folkwang-uni.de\/icem-web\/wp-json\/wp\/v2\/comments?post=5296"}],"version-history":[{"count":10,"href":"https:\/\/icem-www.folkwang-uni.de\/icem-web\/wp-json\/wp\/v2\/pages\/5296\/revisions"}],"predecessor-version":[{"id":7747,"href":"https:\/\/icem-www.folkwang-uni.de\/icem-web\/wp-json\/wp\/v2\/pages\/5296\/revisions\/7747"}],"up":[{"embeddable":true,"href":"https:\/\/icem-www.folkwang-uni.de\/icem-web\/wp-json\/wp\/v2\/pages\/5200"}],"wp:attachment":[{"href":"https:\/\/icem-www.folkwang-uni.de\/icem-web\/wp-json\/wp\/v2\/media?parent=5296"}],"curies":[{"name":"wp","href":"https:\/\/api.w.org\/{rel}","templated":true}]}}