{"id":5897,"date":"2018-04-01T19:43:33","date_gmt":"2018-04-01T17:43:33","guid":{"rendered":"https:\/\/icem-www.folkwang-uni.de\/icem-web\/?page_id=5897"},"modified":"2021-05-07T09:00:45","modified_gmt":"2021-05-07T07:00:45","slug":"integrative-komposition","status":"publish","type":"page","link":"https:\/\/icem-www.folkwang-uni.de\/icem-web\/integrative-komposition\/","title":{"rendered":"Integrative Komposition"},"content":{"rendered":"<p>Die meisten Studierenden am ICEM studieren den Bachelor- oder Masterstudiengang &#8222;Integrative Komposition&#8220; im Fachbereich 1 der Folkwang Universit\u00e4t der K\u00fcnste. Integrative Komposition hat vier Schwerpunkte: Instrumentalkomposition, <a href=\"https:\/\/icem-www.folkwang-uni.de\/icem-web\/electronic-composition-icem\/\" target=\"_blank\" rel=\"noopener noreferrer\">elektronische Komposition<\/a>, Komposition und Visualisierung sowie Popkomposition.<\/p>\n<p>Bachelorstudierende, entscheiden sich dabei zwar f\u00fcr &#8222;ihren&#8220; Schwerpunkt, m\u00fcssen aber die anderen ebenfalls (mit deutlich weniger Workload) mit studieren.<\/p>\n<p>Master Studierende m\u00fcssen sich mit einem Vorschlag f\u00fcr ein (gro\u00dfes!) Projekt bewerben, das sie w\u00e4hrend ihres \u00a0Studiums umsetzen wollen. Das Projekt sollte m\u00f6glichst Teile aus mehreren Schwerpunkten beinhalten.<\/p>\n<p>Genaueres findet man in den Pr\u00fcfungsordnungen:<\/p>\n<p><a href=\"https:\/\/www.folkwang-uni.de\/fileadmin\/medien\/Die%20Hochschule\/PDFs\/Verwaltung\/Ordnungen\/Chronologisch\/2017\/Nr._294_PO_Integrative_Komposition_BA.pdf\">Pr\u00fcfungsordnung Bachelor Integrative Komposition<\/a><\/p>\n<p><a href=\"https:\/\/www.folkwang-uni.de\/fileadmin\/medien\/Die%20Hochschule\/PDFs\/Verwaltung\/Ordnungen\/Chronologisch\/2017\/Nr._295_PO_Integrative_Komposition_MA.pdf\">Pr\u00fcfungsordnung Master Integrative Komposition<\/a><\/p>\n\n\n<figure class=\"wp-block-embed-youtube wp-block-embed is-type-video is-provider-youtube wp-embed-aspect-16-9 wp-has-aspect-ratio\"><div class=\"wp-block-embed__wrapper\">\n<iframe loading=\"lazy\" title=\"Integrative Komposition an Folkwang\" width=\"840\" height=\"473\" src=\"https:\/\/www.youtube.com\/embed\/AIWqRFisECU?feature=oembed\" frameborder=\"0\" allow=\"accelerometer; autoplay; clipboard-write; encrypted-media; gyroscope; picture-in-picture\" allowfullscreen><\/iframe>\n<\/div><\/figure>\n\n\n\n<p><\/p>\n","protected":false},"excerpt":{"rendered":"<p>Die meisten Studierenden am ICEM studieren den Bachelor- oder Masterstudiengang &#8222;Integrative Komposition&#8220; im Fachbereich 1 der Folkwang Universit\u00e4t der K\u00fcnste.<\/p>\n","protected":false},"author":3,"featured_media":0,"parent":0,"menu_order":0,"comment_status":"closed","ping_status":"closed","template":"","meta":{"_acf_changed":false,"footnotes":""},"class_list":["post-5897","page","type-page","status-publish","hentry"],"acf":[],"_links":{"self":[{"href":"https:\/\/icem-www.folkwang-uni.de\/icem-web\/wp-json\/wp\/v2\/pages\/5897","targetHints":{"allow":["GET"]}}],"collection":[{"href":"https:\/\/icem-www.folkwang-uni.de\/icem-web\/wp-json\/wp\/v2\/pages"}],"about":[{"href":"https:\/\/icem-www.folkwang-uni.de\/icem-web\/wp-json\/wp\/v2\/types\/page"}],"author":[{"embeddable":true,"href":"https:\/\/icem-www.folkwang-uni.de\/icem-web\/wp-json\/wp\/v2\/users\/3"}],"replies":[{"embeddable":true,"href":"https:\/\/icem-www.folkwang-uni.de\/icem-web\/wp-json\/wp\/v2\/comments?post=5897"}],"version-history":[{"count":7,"href":"https:\/\/icem-www.folkwang-uni.de\/icem-web\/wp-json\/wp\/v2\/pages\/5897\/revisions"}],"predecessor-version":[{"id":8880,"href":"https:\/\/icem-www.folkwang-uni.de\/icem-web\/wp-json\/wp\/v2\/pages\/5897\/revisions\/8880"}],"wp:attachment":[{"href":"https:\/\/icem-www.folkwang-uni.de\/icem-web\/wp-json\/wp\/v2\/media?parent=5897"}],"curies":[{"name":"wp","href":"https:\/\/api.w.org\/{rel}","templated":true}]}}