{"id":6676,"date":"2018-08-15T17:03:25","date_gmt":"2018-08-15T15:03:25","guid":{"rendered":"https:\/\/icem-www.folkwang-uni.de\/icem-web\/?page_id=6676"},"modified":"2018-12-14T00:44:05","modified_gmt":"2018-12-13T23:44:05","slug":"entwicklung-einer-gyer-mo-forschungsdatenbank","status":"publish","type":"page","link":"https:\/\/icem-www.folkwang-uni.de\/icem-web\/artist-in-progress\/dokumentation-electroacoustics-meets-boen-uebersicht\/entwicklung-einer-gyer-mo-forschungsdatenbank\/","title":{"rendered":"Entwicklung einer gyer-yang Forschungsdatenbank"},"content":{"rendered":"<p><em>[English version in progress. Thank you for your patience. Meanwhile, please have a look on our <a href=\"https:\/\/icem-www.folkwang-uni.de\/icem-web\/12-chapters-of-trophur-display-content\/\" target=\"_blank\" rel=\"noopener\">gyer-yang database<\/a> and basic <a href=\"https:\/\/icem-www.folkwang-uni.de\/icem-web\/wp-content\/uploads\/2018\/12\/12_Chapters_of_Trophur_FinalVersion_1_korrKorr.pdf\">explanations of our work.<\/a><\/em><\/p>\n<p>In Zusammenarbeit mit <a href=\"https:\/\/icem-www.folkwang-uni.de\/icem-web\/die-fuenf-elemente-electroacoustic-meets-boen\/musikstrukturelle-forschung-boen-ritualmusik-ergebnisse\/geshe-dawa-namgyal\/\">Gesh\u00e9 Dawa Namgyal Kharnatsang<\/a> (Menri Monastery) und Charles Deichmann (Folkwang Universit\u00e4t der K\u00fcnste) wurde es m\u00f6glich, die Grundlage f\u00fcr eine Forschungsdatenbank zum langsamen Gesangsstil (<em>gyer-yang<\/em>) der B\u00f6n-Tradition zu legen. Die Hauptinhalte der Datenbank zentrierten sich dabei um die Abbildung ausgew\u00e4hlter Abschnitte eines der B\u00f6n-Hauptrituale &#8222;Trowo und Phurpa&#8220; (kurz: TroPhur).<\/p>\n<p>Eine Zusammenfassung \u00fcber die der Datenbank zu Grunde liegende musikstrukturelle Grundlagenforschung zum gyer-yang, wie sie aus Zusammenarbeit mit Gesh\u00e9 Dawa Namgyal im Rahmen dieses Projektes hervorging, findet sich hier:<\/p>\n<p><a href=\"https:\/\/icem-www.folkwang-uni.de\/icem-web\/wp-content\/uploads\/2018\/12\/12_Chapters_of_Trophur_FinalVersion_1_korrKorr.pdf\" target=\"_blank\" rel=\"noopener\">Zusammenfassung Gyer-yang Grundlagenforschung<\/a><\/p>\n<p>Die Zusammenfassung dient auch der Orientierung innerhalb der Datenbank.<br \/>\nZur weiterhin im Aufbau befindlichen Datenbank geht es hier:<\/p>\n<p><a href=\"https:\/\/icem-www.folkwang-uni.de\/icem-web\/12-chapters-of-trophur-display-content\/\" target=\"_blank\" rel=\"noopener\">gyer-yang Datenbank<\/a><\/p>\n<p>Nach Projektende soll die Datenbank in Kooperation mit dem <a href=\"http:\/\/www.bonritualmusic.de\/projekte\/ausbau-einer-forschungs-datenbank\/\" target=\"_blank\" rel=\"noopener\">Verein zur Erforschung der Ritualmusik des Yungdrung B\u00f6n<\/a> weiter ausgebaut werden.<\/p>\n<hr \/>\n<p>&nbsp;<\/p>\n<figure id=\"attachment_7626\" aria-describedby=\"caption-attachment-7626\" style=\"width: 632px\" class=\"wp-caption alignnone\"><img loading=\"lazy\" decoding=\"async\" class=\"wp-image-7626 size-medium\" src=\"https:\/\/icem-www.folkwang-uni.de\/icem-web\/wp-content\/uploads\/2018\/11\/CharlesDawaChritiane_Studio2-632x421.jpg\" alt=\"\" width=\"632\" height=\"421\" srcset=\"https:\/\/icem-www.folkwang-uni.de\/icem-web\/wp-content\/uploads\/2018\/11\/CharlesDawaChritiane_Studio2-632x421.jpg 632w, https:\/\/icem-www.folkwang-uni.de\/icem-web\/wp-content\/uploads\/2018\/11\/CharlesDawaChritiane_Studio2-768x512.jpg 768w, https:\/\/icem-www.folkwang-uni.de\/icem-web\/wp-content\/uploads\/2018\/11\/CharlesDawaChritiane_Studio2-1020x680.jpg 1020w, https:\/\/icem-www.folkwang-uni.de\/icem-web\/wp-content\/uploads\/2018\/11\/CharlesDawaChritiane_Studio2-600x400.jpg 600w, https:\/\/icem-www.folkwang-uni.de\/icem-web\/wp-content\/uploads\/2018\/11\/CharlesDawaChritiane_Studio2-120x80.jpg 120w\" sizes=\"auto, (max-width: 632px) 100vw, 632px\" \/><figcaption id=\"caption-attachment-7626\" class=\"wp-caption-text\">Entwicklerteam gyer-yang Datenbank: Christiane Strothmann, Gesh\u00e9 Dawa Namgyal, Charles Deichmann (ICEM, Studio 2)<\/figcaption><\/figure>\n","protected":false},"excerpt":{"rendered":"<p>[English version in progress. Thank you for your patience. Meanwhile, please have a look on our gyer-yang database and basic<\/p>\n","protected":false},"author":21,"featured_media":0,"parent":7674,"menu_order":0,"comment_status":"closed","ping_status":"closed","template":"template-centered.php","meta":{"_acf_changed":false,"footnotes":""},"class_list":["post-6676","page","type-page","status-publish","hentry"],"acf":[],"_links":{"self":[{"href":"https:\/\/icem-www.folkwang-uni.de\/icem-web\/wp-json\/wp\/v2\/pages\/6676","targetHints":{"allow":["GET"]}}],"collection":[{"href":"https:\/\/icem-www.folkwang-uni.de\/icem-web\/wp-json\/wp\/v2\/pages"}],"about":[{"href":"https:\/\/icem-www.folkwang-uni.de\/icem-web\/wp-json\/wp\/v2\/types\/page"}],"author":[{"embeddable":true,"href":"https:\/\/icem-www.folkwang-uni.de\/icem-web\/wp-json\/wp\/v2\/users\/21"}],"replies":[{"embeddable":true,"href":"https:\/\/icem-www.folkwang-uni.de\/icem-web\/wp-json\/wp\/v2\/comments?post=6676"}],"version-history":[{"count":39,"href":"https:\/\/icem-www.folkwang-uni.de\/icem-web\/wp-json\/wp\/v2\/pages\/6676\/revisions"}],"predecessor-version":[{"id":7840,"href":"https:\/\/icem-www.folkwang-uni.de\/icem-web\/wp-json\/wp\/v2\/pages\/6676\/revisions\/7840"}],"up":[{"embeddable":true,"href":"https:\/\/icem-www.folkwang-uni.de\/icem-web\/wp-json\/wp\/v2\/pages\/7674"}],"wp:attachment":[{"href":"https:\/\/icem-www.folkwang-uni.de\/icem-web\/wp-json\/wp\/v2\/media?parent=6676"}],"curies":[{"name":"wp","href":"https:\/\/api.w.org\/{rel}","templated":true}]}}