{"id":730,"date":"2012-03-19T09:55:59","date_gmt":"2012-03-19T08:55:59","guid":{"rendered":"http:\/\/icem-www.folkwang-uni.de\/icem-web\/?page_id=730"},"modified":"2012-03-19T09:58:39","modified_gmt":"2012-03-19T08:58:39","slug":"produktionen-aus-dem-projektstudio-seit-2009","status":"publish","type":"page","link":"https:\/\/icem-www.folkwang-uni.de\/icem-web\/audios-videos\/produktionen-aus-dem-projektstudio-seit-2009\/","title":{"rendered":"Produktionen aus dem Projektstudio (seit 2009)"},"content":{"rendered":"<ul>\n<li>Produktion von Unterrichtsergebnissen<\/li>\n<li>Postproduktion der Werke der Studierenden, die im Zusammenhang<br \/>\nmit\u00a0 dem Werner-Neumann-Band-Workshop 2010 entstanden sind<\/li>\n<li>Postproduktion der bis zu zweimal pro Semester im Tonaufnahmestudio\u00a0 stattfindenden Produktion der Unterrichtsergebnisse.<\/li>\n<\/ul>\n<ol>\n<li>We Go Next (Musik und Text: Julia Merle-Emmens)<\/li>\n<li>As If The Sun Don\u2019t Set (Musik: Julia Merle-Emmens)<\/li>\n<li>Shoes &amp; Shoes (Musik und Text: Julia Merle-Emmens)<\/li>\n<li>Walk (Musik und Text: Julia Merle-Emmens)<\/li>\n<li>Walk Close Harmony (Musik und Text Julia Merle-Emmens)<\/li>\n<li>Made My Day (Musik und Text: Julia Merle-Emmens)<\/li>\n<li>Made My Day Akustik (Musik und Text: Julia Merle-Emmens)<\/li>\n<li>Laut oder Leise (Musik und Text: Julia Merle-Emmens)<\/li>\n<li>&#8222;slow down&#8220; \u00a0acapella sextett (M &amp; T: Bela Kassan)<\/li>\n<li>&#8222;rummelplatz der liebe&#8220; (M &amp; T: Bela Kassan)<\/li>\n<li>&#8222;deep down&#8220; (M &amp; T: Bela Kassan)<\/li>\n<li>&#8222;on the run&#8220; \u00a0(M &amp; T: Bela Kassan)<\/li>\n<li>&#8222;waiting for you&#8220; (M &amp; T: Bela Kassan)<\/li>\n<li>&#8222;der junge h\u00fcpfer&#8220; \u00a0(M &amp; T: Bela Kassan)<\/li>\n<li>&#8222;ohne titel&#8220; (M &amp; T: Bela Kassan)<\/li>\n<li>&#8222;Something I Can Handle&#8220; (M&amp;T: Jan Godde)<\/li>\n<li>&#8222;Arvo Glow&#8220; (M&amp;T: Jan Godde)<\/li>\n<li>In a womans mind (T&amp;M: Lisa Rebecca Schneider)<\/li>\n<li>Silently (T&amp;M: Lisa Rebecca Schneider)<\/li>\n<li>This is the start (T&amp;M: Lisa Rebecca Schneider)<\/li>\n<li>Coming around (T&amp;M: Lisa Rebecca Schneider)<\/li>\n<li>Things that you&#8217;ve said (T&amp;M: Lisa Rebecca Schneider)<\/li>\n<li>You Won&#8217;t Eat Me (T&amp;M: Klaus Kauker)<\/li>\n<li>Oblique Inside\u00a0(T&amp;M: Klaus Kauker)<\/li>\n<li>The Demon In Me \u00a0(T&amp;M: Klaus Kauker)<\/li>\n<li>For Your Sake (T&amp;M: Klaus Kauker)<\/li>\n<li>Everyday The Same Thing\u00a0(T&amp;M: Klaus Kauker)<\/li>\n<li>Out Of My Mind\u00a0(T&amp;M: Klaus Kauker)<\/li>\n<li>Change Your Life\u00a0(T&amp;M: Klaus Kauker)<\/li>\n<li>Right Now\u00a0(T&amp;M: Klaus Kauker)<\/li>\n<li>So Wird Es Wahr (T&amp;M: Klaus Kauker)<\/li>\n<li>All I Need To Fly (T&amp;M: Klaus Kauker)<\/li>\n<li>Filmmusik: Folkwang Design-DVD (M: Klaus Kauker)<\/li>\n<li>How High\u00a0 (T&amp;M: Benedikt Terbraak)<\/li>\n<li>Why Do you Care (T&amp;M: Benedikt Terbraak)<\/li>\n<li>Why do you Care II [(T&amp;M: Benedikt Terbraak)<\/li>\n<li>Goodbye (T&amp;M: Benedikt Terbraak)<\/li>\n<\/ol>\n<p>Regelm\u00e4ssig werden\u00a0im Rahmen der JEM-Seminare \u00a0&#8222;Bild + Ton&#8220;\u00a0komplette Neuvertonungen von Filmausschnitten durchgef\u00fchrt. Dazu geh\u00f6ren Musik und evtl. Atmo bzw. Sounddesign. \u00a0Die Arbeiten umfassen\u00a0die Komposition, die Tonaufnahmen der Instrumente und Stimmen, den\u00a0Schnitt, das Anlegen der Musik\/T\u00f6ne zum Film und die Endmischung.<\/p>\n<p>Beispielhafte Projekte:<\/p>\n<p>Auszug &#8222;Blueberry&#8220;<br \/>\nAuszug &#8222;Die fabelhafte Welt der Amelie&#8220; Umschnitt Coca-Cola TV-Spot \/ alles komplett neu erstellt<br \/>\nAuszug &#8222;The Frogs&#8220;-Cartoon<br \/>\nAuszug &#8222;Spiel mir das Lied vom Tod&#8220;<\/p>\n<p>Dar\u00fcber hinaus werden in Form von Blockseminaren Komplettproduktionen von Musikvideos als fachbereichs-\u00fcbergreifende Kooperationen durchgef\u00fchrt.<\/p>\n<p>&#8222;EggAll&#8220; \/ Vorproduktion der Musik, Liveaufnahme von Musik und Video in der Wei\u00dfen M\u00fchle, Mischung der Audiospuren und\u00a0Rohschnitt des Videos.Es improvisieren drei T\u00e4nzerinnen zu einer komponierten, von vier Musikern live aufgef\u00fchrten Musik.\u00a02-Kamera-Produktion, 8-Kanal-Tonmitschnitt<\/p>\n<p>&#8222;PhyThe&#8220; \/\u00a0Vorproduktion der Musik, Liveaufnahme von Musik und Video in der Meierei, Mischung der Audiospuren und\u00a0Schnitt des Videos. Es improvisieren zwei Studierende des Studiengangs Physical Theatre zu einer vorstrukturierten, von zwei Musikern live aufgef\u00fchrten Musik.\u00a01-Kamera-Produktion, 2-Kanal-Tonmitschnitt<\/p>\n<div><\/div>\n","protected":false},"excerpt":{"rendered":"<p>Produktion von Unterrichtsergebnissen Postproduktion der Werke der Studierenden, die im Zusammenhang mit\u00a0 dem Werner-Neumann-Band-Workshop 2010 entstanden sind Postproduktion der bis<\/p>\n","protected":false},"author":3,"featured_media":0,"parent":38,"menu_order":0,"comment_status":"closed","ping_status":"closed","template":"","meta":{"_acf_changed":false,"footnotes":""},"class_list":["post-730","page","type-page","status-publish","hentry"],"acf":[],"_links":{"self":[{"href":"https:\/\/icem-www.folkwang-uni.de\/icem-web\/wp-json\/wp\/v2\/pages\/730","targetHints":{"allow":["GET"]}}],"collection":[{"href":"https:\/\/icem-www.folkwang-uni.de\/icem-web\/wp-json\/wp\/v2\/pages"}],"about":[{"href":"https:\/\/icem-www.folkwang-uni.de\/icem-web\/wp-json\/wp\/v2\/types\/page"}],"author":[{"embeddable":true,"href":"https:\/\/icem-www.folkwang-uni.de\/icem-web\/wp-json\/wp\/v2\/users\/3"}],"replies":[{"embeddable":true,"href":"https:\/\/icem-www.folkwang-uni.de\/icem-web\/wp-json\/wp\/v2\/comments?post=730"}],"version-history":[{"count":2,"href":"https:\/\/icem-www.folkwang-uni.de\/icem-web\/wp-json\/wp\/v2\/pages\/730\/revisions"}],"predecessor-version":[{"id":733,"href":"https:\/\/icem-www.folkwang-uni.de\/icem-web\/wp-json\/wp\/v2\/pages\/730\/revisions\/733"}],"up":[{"embeddable":true,"href":"https:\/\/icem-www.folkwang-uni.de\/icem-web\/wp-json\/wp\/v2\/pages\/38"}],"wp:attachment":[{"href":"https:\/\/icem-www.folkwang-uni.de\/icem-web\/wp-json\/wp\/v2\/media?parent=730"}],"curies":[{"name":"wp","href":"https:\/\/api.w.org\/{rel}","templated":true}]}}