{"id":753,"date":"2012-03-21T16:27:41","date_gmt":"2012-03-21T15:27:41","guid":{"rendered":"http:\/\/icem-www.folkwang-uni.de\/icem-web\/?page_id=753"},"modified":"2017-10-05T00:04:11","modified_gmt":"2017-10-04T22:04:11","slug":"anfahrt","status":"publish","type":"page","link":"https:\/\/icem-www.folkwang-uni.de\/icem-web\/anfahrt\/","title":{"rendered":"Anfahrt"},"content":{"rendered":"<div id='gallery-1' class='gallery galleryid-753 gallery-columns-2 gallery-size-thumbnail'><figure class='gallery-item'>\n\t\t\t<div class='gallery-icon landscape'>\n\t\t\t\t<a href='https:\/\/icem-www.folkwang-uni.de\/icem-web\/wp-content\/uploads\/2012\/03\/Essen_Werden_Anfahrt_01.jpg'><img loading=\"lazy\" decoding=\"async\" width=\"450\" height=\"280\" src=\"https:\/\/icem-www.folkwang-uni.de\/icem-web\/wp-content\/uploads\/2012\/03\/Essen_Werden_Anfahrt_01-450x280.jpg\" class=\"attachment-thumbnail size-thumbnail\" alt=\"Anfahrt Essen Werden\" aria-describedby=\"gallery-1-756\" \/><\/a>\n\t\t\t<\/div>\n\t\t\t\t<figcaption class='wp-caption-text gallery-caption' id='gallery-1-756'>\n\t\t\t\tAnfahrt Essen Werden\n\t\t\t\t<\/figcaption><\/figure><figure class='gallery-item'>\n\t\t\t<div class='gallery-icon landscape'>\n\t\t\t\t<a href='https:\/\/icem-www.folkwang-uni.de\/icem-web\/wp-content\/uploads\/2012\/03\/Essen_Werden_zoom_01.jpg'><img loading=\"lazy\" decoding=\"async\" width=\"450\" height=\"280\" src=\"https:\/\/icem-www.folkwang-uni.de\/icem-web\/wp-content\/uploads\/2012\/03\/Essen_Werden_zoom_01-450x280.jpg\" class=\"attachment-thumbnail size-thumbnail\" alt=\"Alte Abtei\" aria-describedby=\"gallery-1-758\" \/><\/a>\n\t\t\t<\/div>\n\t\t\t\t<figcaption class='wp-caption-text gallery-caption' id='gallery-1-758'>\n\t\t\t\tAlte Abtei\n\t\t\t\t<\/figcaption><\/figure>\n\t\t<\/div>\n\n<h2>Anfahrtsbeschreibung<\/h2>\n<h3>Adresse:<\/h3>\n<p>Folkwang Universit\u00e4t der K\u00fcnste<br \/>\nKlemensborn 39<br \/>\n45239 Essen (Werden)<\/p>\n<p><a id=\"c702\" name=\"c702\"><\/a><\/p>\n<h2>Anfahrt mit dem PKW:<\/h2>\n<p><strong>Von D\u00fcsseldorf\u00a0<\/strong>\u00fcber die A52, Ausfahrt 27 (Essen Haarzopf). Rechts abbiegen<br \/>\nauf die Hatzper Str. Geradeaus bis zur Kreuzung Zeunerstr. (B224). Direkt davor wieder rechts (Abbiegerspur) und immer geradeaus, den Berg hinab, bis nach Essen-Werden.<\/p>\n<p>\u00dcber die Br\u00fccke und dem Schild Folkwang Universit\u00e4t der K\u00fcnste\u00a0folgend, rechts abbiegen.<br \/>\nEs gibt mehrere Parkpl\u00e4tze rund um das Gel\u00e4nde. Der gr\u00f6\u00dfte liegt hinter der Hochschule. Hierf\u00fcr nicht rechts abbiegen, sondern geradeaus, an der Hochschule vorbei. Der Parkplatz ist ausgeschildert.<\/p>\n<p><strong>Von K\u00f6ln\u00a0<\/strong>\u00fcber die A59 bis zum Kreuz Leverkusen. Abbiegen auf die A3 und bis zum Kreuz Breitscheid. Von dort auf der A52 weiter wie oben beschrieben.<br \/>\n<strong><br \/>\nVon Dortmund\u00a0<\/strong>\u00fcber die A 40 Richtung Bochum\/Essen, bis A-Dreieck Essen-Ost.<br \/>\nDann auf die A 52 Richtung D\u00fcsseldorf bis Ausfahrt Essen R\u00fcttenscheid, von dort auf die B 224 Richtung Solingen. Immer geradeaus bis Essen-Werden, \u00fcber die Br\u00fccke und weiter wie oben beschrieben.<\/p>\n<p>Aus der\u00a0<strong>Innenstadt Essen<\/strong>\u00a0\u00fcber die B224, Richtung Solingen.<br \/>\nImmer geradeaus bis Essen-Werden, \u00fcber die Br\u00fccke und der Beschilderung folgen.<\/p>\n<h2>Mit \u00f6ffentlichen Verkehrsmitteln:<\/h2>\n<p>Anreise aus Richtung S\u00fcden:<br \/>\nUmsteigen in D\u00fcsseldorf Hbf in die S-Bahn 6.<br \/>\nFahrtzeit bis Essen-Werden ca. 30 Min.<\/p>\n<p><strong>Ab Essen Hbf<\/strong>:<br \/>\nMit der S-Bahn 6 bis Essen Werden;<br \/>\nFahrtzeit ca. 11 Min.<\/p>\n<p>Vom\u00a0<strong>Flughafen D\u00fcsseldorf<\/strong>:<br \/>\nMit der S-Bahn Linie 11 (Bergisch Gladbach) bis D\u00fcsseldorf-Derendorf.<br \/>\nUmsteigen in die S-Bahn 6 bis Essen Werden.<br \/>\nFahrtzeit ca. 45 Min.<br \/>\n<strong><br \/>\nFu\u00dfweg von der S-Bahn<\/strong>\u00a0zur Folkwang Universit\u00e4t der K\u00fcnste:<br \/>\n\u00dcber die Br\u00fccke, rechts in die Bungertstr. geradeaus, nach ca. 5 Minuten ist der Torbogen der Hochschule erreicht.<\/p>\n<p>Taxis gibt es direkt vor der S-Bahn.<br \/>\n<!--\n<a id=\"c3412\" name=\"c3412\"><\/a><iframe loading=\"lazy\" src=\"http:\/\/maps.google.de\/maps?f=q&amp;source=s_q&amp;hl=de&amp;geocode=&amp;q=Klemensborn+39,+45239+Essen,+Nordrhein-Westfalen&amp;sll=51.383629,7.005942&amp;sspn=0.010593,0.019505&amp;g=Klemensborn,+45239+Essen,+Nordrhein-Westfalen&amp;ie=UTF8&amp;ll=51.387209,7.002883&amp;spn=0.009374,0.020599&amp;z=15&amp;output=embed\" width=\"480\" height=\"350\" frameborder=\"0\" marginwidth=\"0\" marginheight=\"0\" scrolling=\"no\"><\/iframe>\n<small><a href=\"http:\/\/maps.google.de\/maps?f=q&amp;source=embed&amp;hl=de&amp;geocode=&amp;q=Klemensborn+39,+45239+Essen,+Nordrhein-Westfalen&amp;sll=51.383629,7.005942&amp;sspn=0.010593,0.019505&amp;g=Klemensborn,+45239+Essen,+Nordrhein-Westfalen&amp;ie=UTF8&amp;ll=51.387209,7.002883&amp;spn=0.009374,0.020599&amp;z=15\">Gr\u00f6\u00dfere Kartenansicht<\/a><\/small>\n--><\/p>\n<p><iframe loading=\"lazy\" width=\"100%\" height=\"350\" frameborder=\"0\" scrolling=\"no\" marginheight=\"0\" marginwidth=\"0\" src=\"http:\/\/www.openstreetmap.org\/export\/embed.html?bbox=6.999650895595551%2C51.3863537749941%2C7.008207142353059%2C51.38854315070794&amp;layer=mapnik&amp;marker=51.387448475945014%2C7.003929018974304\" style=\"border: 1px solid black\"><\/iframe><br \/><small><a href=\"http:\/\/www.openstreetmap.org\/?mlat=51.38745&amp;mlon=7.00393#map=19\/51.38745\/7.00393\">Gr\u00f6\u00dfere Karte anzeigen<\/a><\/small><\/p>\n","protected":false},"excerpt":{"rendered":"<p>Anfahrtsbeschreibung Adresse: Folkwang Universit\u00e4t der K\u00fcnste Klemensborn 39 45239 Essen (Werden) Anfahrt mit dem PKW: Von D\u00fcsseldorf\u00a0\u00fcber die A52, Ausfahrt<\/p>\n","protected":false},"author":1,"featured_media":0,"parent":0,"menu_order":0,"comment_status":"closed","ping_status":"closed","template":"","meta":{"_acf_changed":false,"footnotes":""},"class_list":["post-753","page","type-page","status-publish","hentry"],"acf":[],"_links":{"self":[{"href":"https:\/\/icem-www.folkwang-uni.de\/icem-web\/wp-json\/wp\/v2\/pages\/753","targetHints":{"allow":["GET"]}}],"collection":[{"href":"https:\/\/icem-www.folkwang-uni.de\/icem-web\/wp-json\/wp\/v2\/pages"}],"about":[{"href":"https:\/\/icem-www.folkwang-uni.de\/icem-web\/wp-json\/wp\/v2\/types\/page"}],"author":[{"embeddable":true,"href":"https:\/\/icem-www.folkwang-uni.de\/icem-web\/wp-json\/wp\/v2\/users\/1"}],"replies":[{"embeddable":true,"href":"https:\/\/icem-www.folkwang-uni.de\/icem-web\/wp-json\/wp\/v2\/comments?post=753"}],"version-history":[{"count":21,"href":"https:\/\/icem-www.folkwang-uni.de\/icem-web\/wp-json\/wp\/v2\/pages\/753\/revisions"}],"predecessor-version":[{"id":4665,"href":"https:\/\/icem-www.folkwang-uni.de\/icem-web\/wp-json\/wp\/v2\/pages\/753\/revisions\/4665"}],"wp:attachment":[{"href":"https:\/\/icem-www.folkwang-uni.de\/icem-web\/wp-json\/wp\/v2\/media?parent=753"}],"curies":[{"name":"wp","href":"https:\/\/api.w.org\/{rel}","templated":true}]}}