{"id":7592,"date":"2018-11-28T11:26:44","date_gmt":"2018-11-28T10:26:44","guid":{"rendered":"https:\/\/icem-www.folkwang-uni.de\/icem-web\/?page_id=7592"},"modified":"2018-12-12T10:55:42","modified_gmt":"2018-12-12T09:55:42","slug":"essen-karlsruhe-musik-im-dialog-musik-und-buddhismus","status":"publish","type":"page","link":"https:\/\/icem-www.folkwang-uni.de\/icem-web\/artist-in-progress\/dokumentation-electroacoustics-meets-boen-uebersicht\/essen-karlsruhe-musik-im-dialog-musik-und-buddhismus\/","title":{"rendered":"Essen &#8211; Karlsruhe: &#8222;Musik und Buddhismus&#8220; &#8211; &#8222;Musik im Dialog&#8220;"},"content":{"rendered":"<p>Die Einladung Gesh\u00e9 Dawa Namgyal Kharnatsangs nach Deutschland erfolgte in Kooperation mit der Hochschule f\u00fcr Musik Karlsruhe. Ein gro\u00dfer Dank gilt diesbez\u00fcglich Dr. Stefanie Steiner-Grage (Musikwissenschaft) und Professor Dr. Thomas Troge (ehemaliger Leiter des Instituts f\u00fcr Musikwissenschaft und Musikinformatik, Hochschule f\u00fcr Musik Karlsruhe).<\/p>\n<p>Im Rahmen der Kooperation wurden zwei akademische Veranstaltungen mit dem Fach Musikwissenschft\/Musikethnologie an der Folkwang Universit\u00e4t der K\u00fcnste und der Hochschule f\u00fcr Musik Karlsruhe durchgef\u00fchrt.<\/p>\n<p>In beiden Veranstaltungen demonstrierte Gesh\u00e9 Dawa Namgyal Kharnatsang dabei als B\u00f6n-Thsog-chen-Umdze erstmalig den langsamen Gesang der B\u00f6n Tradition (ger-yang) vor einem akademischen Publikum. Aufgrund der Erstmaligkeit Situation wurde das Filmen, Fotografieren und Mitschneiden der Veranstaltung untersagt. Zum Nachh\u00f6ren bzw. Nacharbeiten wurden die Anwesenden auf die sich im Aufbau befindliche gyer-mo-Datenbank des ICEM verwiesen.<\/p>\n<hr \/>\n<p>&nbsp;<\/p>\n<ol>\n<li><strong>&#8222;Musik und Buddhismus&#8220; &#8211; Folkwang Universit\u00e4t der K\u00fcnste<\/strong><\/li>\n<\/ol>\n<p>Das Bachelor-Seminar &#8222;Musik und Buddhismus&#8220;, angeboten von Tobias Winnen, wissenschaftlicher Mitarbeiter f\u00fcr Musikethnologie an der Folkwang Universit\u00e4t der K\u00fcnste, widmete zwei volle Sitzungen der Ritualmusik der B\u00f6n-Tradition. Die beiden Sitzungen rahmten das von Gesh\u00e9 Dawa Namgyal Kharnatang auf Zollverein durchgef\u00fchrte B\u00f6n-Erdritual. Die Studierenden konnten die Besch\u00e4ftigung mit dem Erdritual zum Gegenstand ihrer Seminarleistung machen.<\/p>\n<p>In der vorbereitenden Sitzung am 23.10.18 stellte Christiane Strothmann zun\u00e4chst die musikstrukturellen und musikethnologischen Aspekte ihres Forschungsprojekts dar und gab eine kurze Einf\u00fchrung ihre Begegnung mit der B\u00f6n-Tradition im Hauptkloster Menri.<\/p>\n<p>Die zweite Sitzung am 30.10.18 wurde von Gesh\u00e9 Dawa Namgyal Kharnatsang, seinem \u00dcbersetzer Kalsang Nyima und Christiane Strothmann gemeinsam gestaltet. Die Sitzung war f\u00fcr alle Studierenden der Musikethnologie ge\u00f6ffnet und fand unter der Hospitanz von von Prof. Dr. Andreas Meyer statt.<\/p>\n<p>Zur Er\u00f6ffnung demonstrierte Kharnatsang live vor den Studierenden einen kurzen Ausschnitt aus dem Eingangskapitel des Trowo-Phurpa Rituals. Auf dieser Grundlage wurde in Zusammenarbeit mit Christiane Strothmann und Kharnatsangs \u00dcbersetzer Kalsang Nyima die grundlegende Struktur des langsamen Gesangs und dessen Herkunft aus Sicht der B\u00f6n-Tradition er\u00f6rtert.<br \/>\nDer anschlie\u00dfenden rege Austausch mit den Studierenden schloss u.a. Fragen \u00fcber die Rolle und Erfahrungen Kharnatsangs als B\u00f6n-Thsog-chen Umdze ein.<\/p>\n<p>Sara Walther (Deutschlandradio) war Teilnehmerin des Seminars und machte das im Seminar Besprochene zur journalistischen Recherchequelle. Ihr 6-min\u00fcter zum Gesamtprojekt vom 02.11.2018 &#8222;Die F\u00fcnf Elemente&#8220; im Rahmen der Sendung TONART l\u00e4sst sich hier nachh\u00f6ren:<\/p>\n<p><a href=\"https:\/\/www.deutschlandradio.de\/text-und-audio-suche.287.de.html?search%5Bsubmit%5D=1&amp;search%5Bword%5D=Sara+walther\">Zum Radiobeitrag von Sara Walther&#8230;<\/a><\/p>\n<hr \/>\n<p>&nbsp;<\/p>\n<p><strong>2. &#8222;Musik im Dialog&#8220; &#8211; Hochschule f\u00fcr Musik Karlsruhe<\/strong><\/p>\n<p>Am 06.11.2018 fand die Reihe &#8222;Musik im Dialog&#8220; unter dem Titel &#8222;Rituelle Musik aus Tibet im Dialog mit europ\u00e4ischen elektroakustischen Kl\u00e4ngen&#8220; statt.<br \/>\nIn der 3-st\u00fcndigen hochschul\u00f6ffentlichen Veranstaltung demonstrierte Kharnatsang das komplette Eingangskapitel des Trowo-Phurpa Rituals live vor den Anwesenden.<br \/>\nAuf dieser Grundlage wurde in Zusammenarbeit mit Christiane Strothmann und Kharnatsangs \u00dcbersetzer Kalsang Nyima die grundlegende Struktur des langsamen Gesangs und dessen Herkunft aus Sicht der B\u00f6n-Tradition er\u00f6rtert.<br \/>\nIm zweiten Teil der Veranstaltung unterrichtete Kharnatsang live vor Publikum mehrere Studierende (m\u00e4nnlich\/weiblich) in den ersten Grundlagen des Gesangs. Anschlie\u00dfend initiierte er, weiterhin vor Publikum, einen Austausch \u00fcber das Erlebte.<br \/>\nAbschie\u00dfend kam es zu einer Darstellung und Diskussion \u00fcber die Weiterverarbeitung des Langsamen Gesangs durch Christiane Strothmann in ihrer Komposition &#8222;Die F\u00fcnf Elemente&#8220;.<br \/>\nStudierende konnten sich die Teilnahme an der Veranstaltung als Studienleistung anrechnen lassen.<\/p>\n<figure id=\"attachment_7593\" aria-describedby=\"caption-attachment-7593\" style=\"width: 632px\" class=\"wp-caption alignnone\"><img loading=\"lazy\" decoding=\"async\" class=\"wp-image-7593 size-medium\" src=\"https:\/\/icem-www.folkwang-uni.de\/icem-web\/wp-content\/uploads\/2018\/11\/Musik-im-Gespra\u0308ch-Karlsruhe-632x894.jpg\" alt=\"\" width=\"632\" height=\"894\" srcset=\"https:\/\/icem-www.folkwang-uni.de\/icem-web\/wp-content\/uploads\/2018\/11\/Musik-im-Gespra\u0308ch-Karlsruhe-632x894.jpg 632w, https:\/\/icem-www.folkwang-uni.de\/icem-web\/wp-content\/uploads\/2018\/11\/Musik-im-Gespra\u0308ch-Karlsruhe-768x1086.jpg 768w, https:\/\/icem-www.folkwang-uni.de\/icem-web\/wp-content\/uploads\/2018\/11\/Musik-im-Gespra\u0308ch-Karlsruhe-1020x1443.jpg 1020w, https:\/\/icem-www.folkwang-uni.de\/icem-web\/wp-content\/uploads\/2018\/11\/Musik-im-Gespra\u0308ch-Karlsruhe-600x849.jpg 600w\" sizes=\"auto, (max-width: 632px) 100vw, 632px\" \/><figcaption id=\"caption-attachment-7593\" class=\"wp-caption-text\">Veranstaltungsplakat &#8222;Musik im Dialog&#8220;, Hochschule f\u00fcr Musik Karlsruhe<\/figcaption><\/figure>\n<p>&nbsp;<\/p>\n","protected":false},"excerpt":{"rendered":"<p>Die Einladung Gesh\u00e9 Dawa Namgyal Kharnatsangs nach Deutschland erfolgte in Kooperation mit der Hochschule f\u00fcr Musik Karlsruhe. Ein gro\u00dfer Dank<\/p>\n","protected":false},"author":21,"featured_media":0,"parent":7674,"menu_order":0,"comment_status":"closed","ping_status":"closed","template":"template-centered.php","meta":{"_acf_changed":false,"footnotes":""},"class_list":["post-7592","page","type-page","status-publish","hentry"],"acf":[],"_links":{"self":[{"href":"https:\/\/icem-www.folkwang-uni.de\/icem-web\/wp-json\/wp\/v2\/pages\/7592","targetHints":{"allow":["GET"]}}],"collection":[{"href":"https:\/\/icem-www.folkwang-uni.de\/icem-web\/wp-json\/wp\/v2\/pages"}],"about":[{"href":"https:\/\/icem-www.folkwang-uni.de\/icem-web\/wp-json\/wp\/v2\/types\/page"}],"author":[{"embeddable":true,"href":"https:\/\/icem-www.folkwang-uni.de\/icem-web\/wp-json\/wp\/v2\/users\/21"}],"replies":[{"embeddable":true,"href":"https:\/\/icem-www.folkwang-uni.de\/icem-web\/wp-json\/wp\/v2\/comments?post=7592"}],"version-history":[{"count":8,"href":"https:\/\/icem-www.folkwang-uni.de\/icem-web\/wp-json\/wp\/v2\/pages\/7592\/revisions"}],"predecessor-version":[{"id":7705,"href":"https:\/\/icem-www.folkwang-uni.de\/icem-web\/wp-json\/wp\/v2\/pages\/7592\/revisions\/7705"}],"up":[{"embeddable":true,"href":"https:\/\/icem-www.folkwang-uni.de\/icem-web\/wp-json\/wp\/v2\/pages\/7674"}],"wp:attachment":[{"href":"https:\/\/icem-www.folkwang-uni.de\/icem-web\/wp-json\/wp\/v2\/media?parent=7592"}],"curies":[{"name":"wp","href":"https:\/\/api.w.org\/{rel}","templated":true}]}}