{"id":7674,"date":"2018-12-12T09:37:14","date_gmt":"2018-12-12T08:37:14","guid":{"rendered":"https:\/\/icem-www.folkwang-uni.de\/icem-web\/?page_id=7674"},"modified":"2018-12-23T22:45:24","modified_gmt":"2018-12-23T21:45:24","slug":"dokumentation-electroacoustics-meets-boen-uebersicht","status":"publish","type":"page","link":"https:\/\/icem-www.folkwang-uni.de\/icem-web\/artist-in-progress\/dokumentation-electroacoustics-meets-boen-uebersicht\/","title":{"rendered":"Dokumentation &#8222;Die F\u00fcnf Elemente &#8211; Electroacoustics meets B\u00f6n&#8220;. \u00dcbersicht."},"content":{"rendered":"<p>Grundlagen<br \/>\n<a href=\"https:\/\/icem-www.folkwang-uni.de\/icem-web\/artist-in-progress\/dokumentation-electroacoustics-meets-boen-uebersicht\/projektziel\/\">Projektziel<\/a><br \/>\n<a href=\"https:\/\/icem-www.folkwang-uni.de\/icem-web\/artist-in-progress\/dokumentation-electroacoustics-meets-boen-uebersicht\/danksagung\/\">Danksagung<\/a><\/p>\n<p>Forschen 1: Reisen<br \/>\n<a href=\"https:\/\/icem-www.folkwang-uni.de\/icem-web\/artist-in-progress\/dokumentation-electroacoustics-meets-boen-uebersicht\/reisen-in-die-boen-kloester\/\">Reisen in die B\u00f6n-Kl\u00f6ster<\/a><br \/>\n<a href=\"https:\/\/icem-www.folkwang-uni.de\/icem-web\/artist-in-progress\/dokumentation-electroacoustics-meets-boen-uebersicht\/von-der-ummoeglichkeit-einer-live-dokumentation\/\">Von der Unm\u00f6glichkeit einer live-Dokumentation<\/a><br \/>\n<a href=\"https:\/\/icem-www.folkwang-uni.de\/icem-web\/artist-in-progress\/dokumentation-electroacoustics-meets-boen-uebersicht\/dolanij-27-09-2017-04-10-2017\/\">Aus dem Reisetagebuch<\/a><\/p>\n<p>Forschen 2: B\u00f6n Ritualmusik<br \/>\n<a href=\"https:\/\/icem-www.folkwang-uni.de\/icem-web\/artist-in-progress\/dokumentation-electroacoustics-meets-boen-uebersicht\/musikstrukturelle-grundlagen-des-langsamen-gesangs-gyer-yang-der-boen-tradition\/\">Musikstrukturelle Grundlagen des langsamen Gesangs (gyer-yang) der B\u00f6n Tradition<\/a><\/p>\n<p>Forschen 3: Komponieren<br \/>\n<a href=\"https:\/\/icem-www.folkwang-uni.de\/icem-web\/artist-in-progress\/dokumentation-electroacoustics-meets-boen-uebersicht\/was-nicht-geht-kompositorische-prinzipien-kulturellen-respekts\/\">Was nicht geht. &#8211; Kompositorische Prinzipien kulturellen Respekts<\/a><br \/>\n<a href=\"https:\/\/icem-www.folkwang-uni.de\/icem-web\/artist-in-progress\/the-five-elements-electroacoustics-meets-boen\/entstehung-der-komposition\/kompositionsidee-und-forschungsfrage\/\">Kompositionsidee und Forschungsfrage<\/a><br \/>\n<a href=\"https:\/\/icem-www.folkwang-uni.de\/icem-web\/artist-in-progress\/the-five-elements-electroacoustics-meets-boen\/entstehung-der-komposition\/material\/\">Elektronik1: Materialgewinnung<\/a><br \/>\n<a href=\"https:\/\/icem-www.folkwang-uni.de\/icem-web\/artist-in-progress\/the-five-elements-electroacoustics-meets-boen\/entstehung-der-komposition\/realtime-klangsynthese-in-maxmsp\/\">Elektronik 2: Realtime-Klangsynthese in Max MSP<\/a><br \/>\n<a href=\"https:\/\/icem-www.folkwang-uni.de\/icem-web\/artist-in-progress\/the-five-elements-electroacoustics-meets-boen\/entstehung-der-komposition\/arrangement-im-audiosequenzer-logic-studio-x\/\">Elektronik 3: Arrangement der Gro\u00dfform im Audio-Sequenzer<\/a><br \/>\n<a href=\"https:\/\/icem-www.folkwang-uni.de\/icem-web\/artist-in-progress\/dokumentation-electroacoustics-meets-boen-uebersicht\/kompositorischer-wendepunkt\/\">Kompositorischer Wendepunkt<\/a><br \/>\n<a href=\"https:\/\/icem-www.folkwang-uni.de\/icem-web\/artist-in-progress\/dokumentation-electroacoustics-meets-boen-uebersicht\/methoden-der-kunst\/\">Methoden der Kunst<\/a><\/p>\n<p>Ergebnisse<br \/>\n<a href=\"https:\/\/icem-www.folkwang-uni.de\/icem-web\/artist-in-progress\/dokumentation-electroacoustics-meets-boen-uebersicht\/die-fuenf-elemente-now-festival-2018-doppelveranstaltung-welterbe-zollverein\/\">&#8222;Die F\u00fcnf Elemente&#8220; &#8211; NOW!-Festival 2018: Doppelveranstaltung Welterbe Zollverein<\/a><br \/>\n<a href=\"https:\/\/www.deutschlandradio.de\/text-und-audio-suche.287.de.html?search%5Bsubmit%5D=1&amp;search%5Bword%5D=Sara+walther\" target=\"_blank\" rel=\"noopener\">Radiobeitrag Deutschlandradio &#8222;TONART&#8220; von Sara Walter<\/a><br \/>\n<a href=\"https:\/\/icem-www.folkwang-uni.de\/icem-web\/die-fuenf-elemente-electroacoustic-meets-boen\/entwicklung-einer-gyer-mo-forschungsdatenbank\/\">Entwicklung einer gyer-yang Forschungsdatenbank<\/a><br \/>\n<a href=\"https:\/\/icem-www.folkwang-uni.de\/icem-web\/artist-in-progress\/dokumentation-electroacoustics-meets-boen-uebersicht\/produktion-von-500-demonstrations-bluerays-zum-gyer-yang\/\">Produktion von 500 Demonstrations-Blurays zum Gyer-yang<\/a><br \/>\n<a href=\"https:\/\/icem-www.folkwang-uni.de\/icem-web\/artist-in-progress\/dokumentation-electroacoustics-meets-boen-uebersicht\/essen-karlsruhe-musik-im-dialog-musik-und-buddhismus\/\">Hochschulveranstaltungen Essen &#8211; Karlsruhe: &#8222;Musik und Buddhismus&#8220; \u2013 &#8222;Musik im Dialog&#8220;<\/a><br \/>\n<a href=\"https:\/\/icem-www.folkwang-uni.de\/icem-web\/artist-in-progress\/dokumentation-electroacoustics-meets-boen-uebersicht\/arrangement-un-studioaufnahmen-von-bon-mantras\/\">Arrangement und Studioaufnahmen von B\u00f6n Mantras<\/a><\/p>\n<p>[Abschlussreflexion]<\/p>\n","protected":false},"excerpt":{"rendered":"<p>Grundlagen Projektziel Danksagung Forschen 1: Reisen Reisen in die B\u00f6n-Kl\u00f6ster Von der Unm\u00f6glichkeit einer live-Dokumentation Aus dem Reisetagebuch Forschen 2:<\/p>\n","protected":false},"author":21,"featured_media":0,"parent":4064,"menu_order":0,"comment_status":"closed","ping_status":"closed","template":"template-centered.php","meta":{"_acf_changed":false,"footnotes":""},"class_list":["post-7674","page","type-page","status-publish","hentry"],"acf":[],"_links":{"self":[{"href":"https:\/\/icem-www.folkwang-uni.de\/icem-web\/wp-json\/wp\/v2\/pages\/7674","targetHints":{"allow":["GET"]}}],"collection":[{"href":"https:\/\/icem-www.folkwang-uni.de\/icem-web\/wp-json\/wp\/v2\/pages"}],"about":[{"href":"https:\/\/icem-www.folkwang-uni.de\/icem-web\/wp-json\/wp\/v2\/types\/page"}],"author":[{"embeddable":true,"href":"https:\/\/icem-www.folkwang-uni.de\/icem-web\/wp-json\/wp\/v2\/users\/21"}],"replies":[{"embeddable":true,"href":"https:\/\/icem-www.folkwang-uni.de\/icem-web\/wp-json\/wp\/v2\/comments?post=7674"}],"version-history":[{"count":40,"href":"https:\/\/icem-www.folkwang-uni.de\/icem-web\/wp-json\/wp\/v2\/pages\/7674\/revisions"}],"predecessor-version":[{"id":7952,"href":"https:\/\/icem-www.folkwang-uni.de\/icem-web\/wp-json\/wp\/v2\/pages\/7674\/revisions\/7952"}],"up":[{"embeddable":true,"href":"https:\/\/icem-www.folkwang-uni.de\/icem-web\/wp-json\/wp\/v2\/pages\/4064"}],"wp:attachment":[{"href":"https:\/\/icem-www.folkwang-uni.de\/icem-web\/wp-json\/wp\/v2\/media?parent=7674"}],"curies":[{"name":"wp","href":"https:\/\/api.w.org\/{rel}","templated":true}]}}