{"id":7679,"date":"2018-12-12T09:53:54","date_gmt":"2018-12-12T08:53:54","guid":{"rendered":"https:\/\/icem-www.folkwang-uni.de\/icem-web\/?page_id=7679"},"modified":"2018-12-13T14:32:55","modified_gmt":"2018-12-13T13:32:55","slug":"projektziel","status":"publish","type":"page","link":"https:\/\/icem-www.folkwang-uni.de\/icem-web\/artist-in-progress\/dokumentation-electroacoustics-meets-boen-uebersicht\/projektziel\/","title":{"rendered":"Projektziel"},"content":{"rendered":"<p><a href=\"https:\/\/icem-www.folkwang-uni.de\/icem-web\/artist-in-progress\/dokumentation-electroacoustics-meets-boen-uebersicht\/\"><em>( -&gt; zur Projekt\u00fcbersicht&#8230;)<\/em><\/a><\/p>\n<p>Das k\u00fcnstlerische Forschungsprojekt &#8222;Die F\u00fcnf Elemente &#8211; Electroacoustics meets B\u00f6n&#8220; hat sich damit besch\u00e4ftigt, inwiefern sich aus der Tradition des tibetischen Yungdrung B\u00f6n und der B\u00f6n-Ritualmusik Anwendungsm\u00f6glichkeiten f\u00fcr das Komponieren mit elektroakustischen Mitteln ergeben.<\/p>\n<p>Dabei ging es vorrangig um die Frage, inwiefern es im Yungdrung B\u00f6n Sichtweisen auf Klang und Musik oder sogar konkrete (kompositorische) Herangehensweisen an den Umgang mit Klang gibt, die sich auf das elektroakustische Komponieren bzw. auf den Prozess des Komponierens allgemein \u00fcbertragen lassen.<\/p>\n<p><a href=\"https:\/\/icem-www.folkwang-uni.de\/icem-web\/artist-in-progress\/dokumentation-electroacoustics-meets-boen-uebersicht\/thema-und-ziel-der-komposition\/was-ist-boen\/\">-&gt; mehr zu: &#8222;Was ist B\u00f6n?&#8220;<\/a><\/p>\n<p><strong>Thema der Komposition<\/strong><\/p>\n<p>K\u00fcnstlerisch realisiert wurde eine mehrteilige elektroakustische Komposition \u201eDie F\u00fcnf Elemente\u201c, durch die die Ergebnisse der oben skizzierten k\u00fcnstlerischen Forschung auf ihre Anwendbarkeit hin \u00fcberpr\u00fcft und demonstriert werden sollten.<\/p>\n<p>Das Konzept der f\u00fcnf Elemente (Feuer, Wasser, Luft, Erde und Raum) fungierte dabei als Bindeglied zwischen tibetischem Buddhismus und abendl\u00e4ndischer Naturphilosophie.<\/p>\n<p><a href=\"https:\/\/icem-www.folkwang-uni.de\/icem-web\/die-fuenf-elemente-electroacoustic-meets-boen\/mehr-zum-projekt\/4048-2\/\">-&gt; mehr zu: &#8222;Das Konzept der F\u00fcnf Elemente&#8220;<\/a><\/p>\n<p><strong>Kooperation mit Musikethnologie<\/strong><\/p>\n<p>Im Rahmen der oben beschriebenen Fragestellung hat sich das Projekt in Kooperation mit dem Fach Musikwissenschaft der Folkwang UdK (Musikethnologie, <a href=\"http:\/\/www.folkwang-uni.de\/de\/home\/musik\/lehrende\/?mehr=1&amp;detaildozent=623\" target=\"_blank\" rel=\"noopener\">Prof. Dr. Andreas Meyer<\/a>) au\u00dferdem mit der Ritualmusik des Yungdrung B\u00f6n im Kontext besch\u00e4ftigt.<\/p>\n<p>Durch die freundliche Vermittlung\u00a0Geshe Thupten Negis, Direktor des <a href=\"http:\/\/www.lishu.org\/en\/institute-buddhism-tibet.html\" target=\"_blank\" rel=\"noopener\">Lishu-Instituts<\/a> in Indien, wurden zu diesem Zweck mehrere Aufenthalte im B\u00f6n-Mutterkloster \u201eMenri\u201c in der tibetischen Siedlung Dolanji in Indien (Himachal Pradesh) m\u00f6glich, aus denen sich eine enge Kollaboration mit dem dortigen Ritulmusiker <a href=\"https:\/\/icem-www.folkwang-uni.de\/icem-web\/die-fuenf-elemente-electroacoustic-meets-boen\/entwicklung-einer-gyer-mo-forschungsdatenbank\/geshe-dawa-namgyal\/\">Gesh\u00e9 Dawa Namgyal Kharnatsang<\/a> entwickelte.<br \/>\nDer Verlauf des Projektes ergab zudem einige k\u00fcrzere Aufenthalte im B\u00f6n-Kloster Triten Norbutse in Kathmandu, Nepal, sowie im \u00f6sterreichischen Yeshe Sal Ling.<\/p>\n<hr \/>\n<p><strong>weitere \u00dcberlegungen vor Projektbeginn<br \/>\n<\/strong><\/p>\n<p><a href=\"https:\/\/icem-www.folkwang-uni.de\/icem-web\/die-fuenf-elemente-electroacoustic-meets-boen\/mehr-zum-projekt\/exotismus-oder-dialog\/\">Exotismus oder Dialog?<\/a><br \/>\n<a href=\"https:\/\/icem-www.folkwang-uni.de\/icem-web\/die-fuenf-elemente-electroacoustic-meets-boen\/mehr-zum-projekt\/das-eigene-und-das-fremde-eine-der-grundspielarten-des-komponierens\/\">Das Eigene und das Fremde: Eine der &#8222;Grundspielarten&#8220; des Komponierens<\/a><\/p>\n","protected":false},"excerpt":{"rendered":"<p>( -&gt; zur Projekt\u00fcbersicht&#8230;) Das k\u00fcnstlerische Forschungsprojekt &#8222;Die F\u00fcnf Elemente &#8211; Electroacoustics meets B\u00f6n&#8220; hat sich damit besch\u00e4ftigt, inwiefern sich<\/p>\n","protected":false},"author":21,"featured_media":0,"parent":7674,"menu_order":0,"comment_status":"closed","ping_status":"closed","template":"template-centered.php","meta":{"_acf_changed":false,"footnotes":""},"class_list":["post-7679","page","type-page","status-publish","hentry"],"acf":[],"_links":{"self":[{"href":"https:\/\/icem-www.folkwang-uni.de\/icem-web\/wp-json\/wp\/v2\/pages\/7679","targetHints":{"allow":["GET"]}}],"collection":[{"href":"https:\/\/icem-www.folkwang-uni.de\/icem-web\/wp-json\/wp\/v2\/pages"}],"about":[{"href":"https:\/\/icem-www.folkwang-uni.de\/icem-web\/wp-json\/wp\/v2\/types\/page"}],"author":[{"embeddable":true,"href":"https:\/\/icem-www.folkwang-uni.de\/icem-web\/wp-json\/wp\/v2\/users\/21"}],"replies":[{"embeddable":true,"href":"https:\/\/icem-www.folkwang-uni.de\/icem-web\/wp-json\/wp\/v2\/comments?post=7679"}],"version-history":[{"count":10,"href":"https:\/\/icem-www.folkwang-uni.de\/icem-web\/wp-json\/wp\/v2\/pages\/7679\/revisions"}],"predecessor-version":[{"id":7821,"href":"https:\/\/icem-www.folkwang-uni.de\/icem-web\/wp-json\/wp\/v2\/pages\/7679\/revisions\/7821"}],"up":[{"embeddable":true,"href":"https:\/\/icem-www.folkwang-uni.de\/icem-web\/wp-json\/wp\/v2\/pages\/7674"}],"wp:attachment":[{"href":"https:\/\/icem-www.folkwang-uni.de\/icem-web\/wp-json\/wp\/v2\/media?parent=7679"}],"curies":[{"name":"wp","href":"https:\/\/api.w.org\/{rel}","templated":true}]}}