{"id":827,"date":"2012-03-26T22:31:09","date_gmt":"2012-03-26T21:31:09","guid":{"rendered":"http:\/\/icem-www.folkwang-uni.de\/icem-web\/?page_id=827"},"modified":"2012-03-29T08:59:48","modified_gmt":"2012-03-29T07:59:48","slug":"forschung","status":"publish","type":"page","link":"https:\/\/icem-www.folkwang-uni.de\/icem-web\/forschung\/","title":{"rendered":"Forschungsprojekte"},"content":{"rendered":"<p>&nbsp;<\/p>\n<p>Auswahl durchgef\u00fchrter Forschungs- und Entwicklungsprojekte \u00a0seit 1971<br \/>\n(Im Rahmen der Neugestaltung dieser Webseiten werden genaue Beschreibungen folgen)<\/p>\n<ul>\n<li>seit 2010\u00a0\u00a0\u201cDie ersten elektronischen Musikinstrumente auf der Funkausstellung 1932 und die Restauration der Aufnahmen derselben\u201d (Elisabeth Szwarc, Roland Masslich)<\/li>\n<li>2009 &#8211; 2011 IIP<a href=\"http:\/\/www.fh-dortmund.de\/de\/ftransfer\/medien\/fob11\/Lensing.pdf\">\u00a0Intermediale Interaktive Performance<\/a>\u00a0(Thomas Neuhaus, J\u00f6rg Lensing\/FH-Dortmund, Jacqueline Fischer)<\/li>\n<li>2008 Sound Transducer &#8211; interaktive Klangformungssoftware (Dirk Reith)<\/li>\n<li>2008 MORB Realtime Middleware (Musical Object Request Broker) (Thomas Neuhaus, Johannes Schmidt, Johannes Winkler)<\/li>\n<li>2007 Y &#8211; eine alternativer Ansatz zum DAW Paradigma (Stefan Kreitmayer im Rahmen seiner\u00a0<a title=\"Stefan Keritmayer:Zum Arbeitsverh\u00e4ltnis Mensch-Computer\" href=\"https:\/\/icem-www.folkwang-uni.de\/icem-web\/2007\/12\/28\/stefan-keritmayer-zum-arbeitsverhaltnis-mensch-computer\/\">Diplomarbeit<\/a>)<\/li>\n<li>2004 liFe.f0rm &#8211; Ein inter[net]aktives System zur genetischen Erzeugung von Klanggestalten (<a title=\"Frank R\u00fcbler:liFe.f0rm \u2013 Ein inter[net]aktives System zur genetischen Erzeugung von Klanggestalten\" href=\"https:\/\/icem-www.folkwang-uni.de\/icem-web\/2004\/10\/26\/frank-rubler-life-f0rm-ein-internetaktives-system-zur-genetischen-erzeugung-von-klanggestalten\/\">Diplomarbeit<\/a>\u00a0von Frank R\u00fcbler)<\/li>\n<li>2000 &#8211; 2005\u00a0<a href=\"http:\/\/www.fh-dortmund.de\/de\/ftransfer\/medien\/lensing.pdf\">PCI Performer-Computer Interaction<\/a>\u00a0(Thomas Neuhaus, J\u00f6rg Lensing\/FH-Dortmund, Jacqueline Fischer) darin die\u00a0<a href=\"https:\/\/icem.folkwang-hochschule.de\/~akademie\/sommer2001.htm\">Sommerakademie Audiovisuelle Medien 2001<\/a><\/li>\n<li>2000 bis 2002 Leitung der Forschungsgruppe &#8222;Multimedia und Kunst&#8220; des Wissenschaftsministeriums NRW, darin Koordination und F\u00f6rderung von ca. 30 Forschungs- und Entwicklungsprojekten diverser Kunst-\u00a0Musik- und \u00a0Fachhochschulen, verschiedener Universit\u00e4ten und freien Initiativen (Dirk Reith, Dietrich Hahne)<\/li>\n<li>1997 bis 1999 Leitung der Forschungsgruppe &#8222;Interaktive Medienb\u00fchne&#8220; des Wissenschaftsministeriums NRW, darin Koordination und F\u00f6rderung von ca. 30 Forschungs- und Entwicklungsprojekten diverser Kunst-\u00a0Musik- und \u00a0Fachhochschulen, verschiedener Universit\u00e4ten und freien Initiativen (Dirk Reith, Dietrich Hahne)<\/li>\n<li>1996 TILTCTL Steuer- und Kontrollsoft- und Hardware f\u00fcr die Produktion &#8222;Tilt and yet it Moves&#8220; \u00a0f\u00fcr autonome Kugeln, T\u00e4nzerin und interaktive elektronische\u00a0Kl\u00e4nge (Dirk Reith, Thomas Neuhaus, J\u00fcrgen Steger, Kerstin H\u00f6rner, J\u00fcrgen Beisert)<\/li>\n<li>1995 KRI Realzeit Kompositionssystem f\u00fcr die Installation Klangraum Interaktiv (Thomas Neuhaus, Dirk Reith, Gerald Eckert<\/li>\n<li>1993 FK Realtime Framework und C++Klassenbibliothek f\u00fcr Atari Computer (Thomas Neuhaus)<\/li>\n<li>1992 STAGE Steuersprache zur Ansteuerung \u00a0Kodak-Karussel-Diaprojektoren mit Spiegel-umlenksystemen (Thomas Neuhaus)<\/li>\n<li>1989-1995 Zusammenarbeit mit der Essener Firma micro-control , hierin Entwicklung von APOS, ein integriertes Betriebs- Programmier- \u00a0und Datenbanksystem f\u00fcr die AUDIAC Audioworkstation (Markus Lepper, Thomas Neuhaus, micro-control, gef\u00f6rdert vom BMFT)<\/li>\n<li>1990 Celsyus Kompositionsumgebung (Friedhelm Hartmann)<\/li>\n<li>1984 PPP Kompositionssprache (Thomas Neuhaus)<\/li>\n<li>1983 P2 Intelligente Sequencer Software \u00a0(Markus Lepper)<\/li>\n<li>1983 SC2 Kompositionssprache (Dirk Reith, Klaus Damm)<\/li>\n<li>1975-78 SYNLAB Modularer Analog-Pr\u00e4zisionssynthesizer (Dirk Reith\/Hofschneider)<\/li>\n<li>1971-75 Live Elektronische Musikanlage (Dirk Reith\/Hofschneider)<\/li>\n<\/ul>\n","protected":false},"excerpt":{"rendered":"<p>&nbsp; Auswahl durchgef\u00fchrter Forschungs- und Entwicklungsprojekte \u00a0seit 1971 (Im Rahmen der Neugestaltung dieser Webseiten werden genaue Beschreibungen folgen) seit 2010\u00a0\u00a0\u201cDie<\/p>\n","protected":false},"author":3,"featured_media":0,"parent":0,"menu_order":0,"comment_status":"closed","ping_status":"closed","template":"","meta":{"_acf_changed":false,"footnotes":""},"class_list":["post-827","page","type-page","status-publish","hentry"],"acf":[],"_links":{"self":[{"href":"https:\/\/icem-www.folkwang-uni.de\/icem-web\/wp-json\/wp\/v2\/pages\/827","targetHints":{"allow":["GET"]}}],"collection":[{"href":"https:\/\/icem-www.folkwang-uni.de\/icem-web\/wp-json\/wp\/v2\/pages"}],"about":[{"href":"https:\/\/icem-www.folkwang-uni.de\/icem-web\/wp-json\/wp\/v2\/types\/page"}],"author":[{"embeddable":true,"href":"https:\/\/icem-www.folkwang-uni.de\/icem-web\/wp-json\/wp\/v2\/users\/3"}],"replies":[{"embeddable":true,"href":"https:\/\/icem-www.folkwang-uni.de\/icem-web\/wp-json\/wp\/v2\/comments?post=827"}],"version-history":[{"count":5,"href":"https:\/\/icem-www.folkwang-uni.de\/icem-web\/wp-json\/wp\/v2\/pages\/827\/revisions"}],"predecessor-version":[{"id":847,"href":"https:\/\/icem-www.folkwang-uni.de\/icem-web\/wp-json\/wp\/v2\/pages\/827\/revisions\/847"}],"wp:attachment":[{"href":"https:\/\/icem-www.folkwang-uni.de\/icem-web\/wp-json\/wp\/v2\/media?parent=827"}],"curies":[{"name":"wp","href":"https:\/\/api.w.org\/{rel}","templated":true}]}}