{"id":952,"date":"2012-05-09T11:58:41","date_gmt":"2012-05-09T10:58:41","guid":{"rendered":"http:\/\/icem-www.folkwang-uni.de\/icem-web\/?page_id=952"},"modified":"2023-02-06T17:22:11","modified_gmt":"2023-02-06T16:22:11","slug":"diplomarbeitenkomplettliste","status":"publish","type":"page","link":"https:\/\/icem-www.folkwang-uni.de\/icem-web\/diplomarbeitenkomplettliste\/","title":{"rendered":"Diplom- Bachelor- und Masterarbeiten (Komplettliste)"},"content":{"rendered":"<p><strong>Diplom- Bachelor und Masterarbeiten \u2013 ICEM (2002-2022)<br \/>\nAusgew\u00e4hlte Arbeiten mit einer Benotung besser als 2.0 \u00a0finden sich als PDF zum Download <a href=\"..\/category\/diplomarbeiten\/\">hier<\/a>\u00a0<\/strong><\/p>\n<p><strong>Hannes Seidl<\/strong><br \/>\nVerst\u00e4rkung, Aufzeichnung und Synthese \u2013 Einfluss elektronischer Mittler und Klangerzeuger auf Live-Musik (2002)<\/p>\n<p><strong>Roman Pfeifer<br \/>\n<\/strong>Schrift und Klang \u2013 zur Verschriftlichung von Tonbandmusik (2002)<\/p>\n<p><strong>Lu\u00eds Antunes Pena<br \/>\n<\/strong>Helmut Lachenmanns Musik \u2013 im Spannungsfeld zwischen Automatismus und Subjektivismus am Beispiel von Mouvement (- vor der Erstarrung) (2004)<\/p>\n<p><strong>Federico D\u00f6rries<br \/>\n<\/strong>Sound Design als elektronische Musik (2004)<\/p>\n<p><strong>Frank R\u00fcbler<br \/>\n<\/strong>liFe.f0rm.<br \/>\nEin inter[net]aktives System zur genetischen Erzeugung von Klanggestalten. (2004)<\/p>\n<p><strong>Jens Michael M\u00fcller<br \/>\n<\/strong>Aspekte der &#8222;Loop aestetics&#8220; Bernhard Langs<br \/>\nin seinem Orchesterst\u00fcck &#8222;Differenz \/ Wiederholung 7&#8220; (2004)<\/p>\n<p><strong>Axel Vent<br \/>\n<\/strong>Entwicklung der live-elektronischen Musik<br \/>\nam Beispiel des Komponisten Roland Pfrengle. Ein Portr\u00e4t. (2005)<\/p>\n<p><strong>Maximillian Marcoll<br \/>\n<\/strong>Das Elektronische der elektroakustischen Musik (2006)<\/p>\n<p><strong>Florian Zwi\u00dfler<br \/>\n<\/strong>Instrumentale Aspekte Elektroakustischer Musik (2006)<\/p>\n<p><strong>Stefan Kreitmayer<br \/>\n<\/strong>Zum Arbeitsverh\u00e4ltnis Mensch-computer.<br \/>\nDer Einfluss von Softwaresystemen in die kompositorische Entscheidungsfindung anhand eines praktischen Versuchs. (2007)<\/p>\n<p><strong>Jagyeong Ryu<br \/>\n<\/strong>Der musikalische Spektralismus und seine Auswirkung in G\u00e9rard Griseys Ensemble-St\u00fcck &#8222;Talea&#8220;. (2007)<\/p>\n<p><strong>Seung-Eun Lee<br \/>\n<\/strong>Klangstruktur und Strukturklang. Zum Verh\u00e4ltnis von vokaler und instrumentaler Komposition in G\u00fcnter Steinkes Ensemblest\u00fcck&#8220;&#8230;wie eine Feuerflamme&#8230;&#8220;. (2007)<\/p>\n<p><strong>Weiwei Lan<br \/>\n<\/strong>Die menschliche Sprache und Stimme im Spannungsfeld zwischen Klang- und Sprachkomposition. (2007)<\/p>\n<p><strong>Christoph Schnelle<br \/>\n<\/strong>Audioanwendungen in offenen Systemen:<br \/>\nIntegration und Interoperabilit\u00e4t (2008)<\/p>\n<p><strong>Florian Mattil<br \/>\n<\/strong>Aspekte einer performativen \u00c4sthetik in der Neuen musik. (2008)<\/p>\n<p><strong>Jinyun Kim<br \/>\n<\/strong>Computergest\u00fctzte Komposition instrumentaler Musik<br \/>\nanhand von Franz Martin Ulbrich &#8222;Grain&#8220; f\u00fcr Orchester. (2008)<\/p>\n<p><strong>Thomas David Finke<br \/>\n<\/strong>\u00dcber das Auratische in der Popmusik und seine kompositorischen Implikationen (2008)<\/p>\n<p><strong>David Kamp<br \/>\n<\/strong>Die Tonspur im animierten Film. Zwischen Mickey Mousing und Visual Music:<br \/>\nAspekte der Komposition und Klanggestaltung am Beispiel des Animationsfilms. (2009)<\/p>\n<p><strong>Johannes Schmidt<br \/>\n<\/strong>zum Verh\u00e4ltnis von K\u00f6rperlichkeit und Virtualit\u00e4t in improvisierter Laptopmusik. (2009)<\/p>\n<p><strong>Enver YalCin \u00d6zdiker<br \/>\n<\/strong>Die Auswirkungen des spektralen Denkens auf die Gestaltung von Klangfarbe und Struktur in Tristan Murails Werk &#8222;D\u00e9sint\u00e9grations&#8220;. (2010)<\/p>\n<p><strong>Tim Kienecker<br \/>\n<\/strong>Interaktion in live-elektronischer Musik.<br \/>\nDarstellung des Verh\u00e4ltnisses instrumentaler und elektronischer Kompositionsweisen anhand von ausgew\u00e4hlten Beispielen. (2010)<\/p>\n<p><strong>Jan Strobl<br \/>\n<\/strong>Zwischen Abbruch und Kontinuit\u00e4t. Zur Situation der Musik nach dem Zweiten Weltkrieg (2011)<\/p>\n<p><strong>Florian Hartlieb<br \/>\n<\/strong>Soundscape &amp; Komposition (2011)<\/p>\n<p><strong>Jonas F\u00f6rster<br \/>\n<\/strong>Intuition, Automation und Entscheidung.<br \/>\nDer Komponist im Prozess algorithmischer Komposition. (2011)<\/p>\n<p><strong>Kerim Karaoglu<\/strong><br \/>\nInstrumente komponieren \u00a0(2011)<\/p>\n<p><strong>Hendrik Dingler<br \/>\n<\/strong>Das Musikinstrument Schallplattenspieler und dessen Erweiterungen im digitalen Zeitalter(2013)<\/p>\n<p><strong>Christiane Strothmann<br \/>\n<\/strong>Ph\u00e4nomene der Wahrnehmungspsychologie als Konstituenten kompositorischen Handelns(2013)<\/p>\n<p><strong>Klaus Kauker<br \/>\n<\/strong>Facetten bewusster sowie intuitiver Groove-Gestaltung und ihre Wirkung(2014)<\/p>\n<p><strong>Daniel Verasson(BA)<\/strong><br \/>\nReduktive Ans\u00e4tze innerhalb der neuen Musik (2015)<\/p>\n<p><strong>Daniel Verasson(MA)<\/strong><br \/>\nMusik f\u00fcr die Augen (2017)<\/p>\n<p><strong>Alireza Ostovar(MA)<\/strong><br \/>\nTranscultural Music(2018)<\/p>\n<p><strong>Sebastian Ribeiro Albuquerque Wendt (BA)<\/strong><br \/>\n\u00dcberH\u00f6ren(2020)<\/p>\n<p><strong>Verena Hentschel(MA)<br \/>\n<\/strong><span style=\"font-size: inherit; background-color: var(--page-background-color);\">Transformation &#8211; eine immersive Raumerfahrung in Bild und Ton f\u00fcr 8 Lautsprecher und 6 gro\u00dfformatige Leinw\u00e4nde (2021)<\/span><\/p>\n","protected":false},"excerpt":{"rendered":"<p>Diplom- Bachelor und Masterarbeiten \u2013 ICEM (2002-2022) Ausgew\u00e4hlte Arbeiten mit einer Benotung besser als 2.0 \u00a0finden sich als PDF zum<\/p>\n","protected":false},"author":3,"featured_media":0,"parent":0,"menu_order":0,"comment_status":"closed","ping_status":"closed","template":"","meta":{"_acf_changed":false,"footnotes":""},"class_list":["post-952","page","type-page","status-publish","hentry"],"acf":[],"_links":{"self":[{"href":"https:\/\/icem-www.folkwang-uni.de\/icem-web\/wp-json\/wp\/v2\/pages\/952","targetHints":{"allow":["GET"]}}],"collection":[{"href":"https:\/\/icem-www.folkwang-uni.de\/icem-web\/wp-json\/wp\/v2\/pages"}],"about":[{"href":"https:\/\/icem-www.folkwang-uni.de\/icem-web\/wp-json\/wp\/v2\/types\/page"}],"author":[{"embeddable":true,"href":"https:\/\/icem-www.folkwang-uni.de\/icem-web\/wp-json\/wp\/v2\/users\/3"}],"replies":[{"embeddable":true,"href":"https:\/\/icem-www.folkwang-uni.de\/icem-web\/wp-json\/wp\/v2\/comments?post=952"}],"version-history":[{"count":20,"href":"https:\/\/icem-www.folkwang-uni.de\/icem-web\/wp-json\/wp\/v2\/pages\/952\/revisions"}],"predecessor-version":[{"id":9290,"href":"https:\/\/icem-www.folkwang-uni.de\/icem-web\/wp-json\/wp\/v2\/pages\/952\/revisions\/9290"}],"wp:attachment":[{"href":"https:\/\/icem-www.folkwang-uni.de\/icem-web\/wp-json\/wp\/v2\/media?parent=952"}],"curies":[{"name":"wp","href":"https:\/\/api.w.org\/{rel}","templated":true}]}}