{"id":9963,"date":"2024-04-11T15:43:49","date_gmt":"2024-04-11T13:43:49","guid":{"rendered":"https:\/\/icem-www.folkwang-uni.de\/icem-web\/?page_id=9963"},"modified":"2025-02-20T18:00:13","modified_gmt":"2025-02-20T17:00:13","slug":"studioanleitung-projektstudio-ww","status":"publish","type":"page","link":"https:\/\/icem-www.folkwang-uni.de\/icem-web\/studioanleitung-projektstudio-ww\/","title":{"rendered":"Studioanleitung: Projektstudio WW"},"content":{"rendered":"\n<p><strong>Stand: Feb 2025<\/strong><\/p>\n\n\n\n<p><a href=\"https:\/\/icem-www.folkwang-uni.de\/icem-web\/studiofeedback-projektstudio-ww\/\">Ist etwas defekt? Gibt es Fragen oder Anregungen? Dann hier entlang!<\/a><\/p>\n\n\n\n<p><strong>ARBEITSPL\u00c4TZE<\/strong><\/p>\n\n\n\n<p><strong>1. MacStudio aka PSI (TB Dock MacStudio &#8211; rechts):<\/strong><\/p>\n\n\n\n<ul class=\"wp-block-list\"><li>Mac Studio rechts angeschlossen an das Apollo Silber sowie 2 Apollo Satellites und der Fernseher, alles \u00fcber ein ElGato Thunderbolt Dock.<ul><li>Einschalten und das KVM richtig einstellen (PC1).<\/li><li>Phonitor auf XLR 2 setzen.<\/li><\/ul><\/li><\/ul>\n\n\n\n<p><strong>2. Eigener Rechner mit Thunderbolt (TB Dock EXT &#8211; links):<\/strong><\/p>\n\n\n\n<ul class=\"wp-block-list\"><li>Eigene Thunderbolt 2\/3\/4 f\u00e4higen Rechner (haupts\u00e4chlich Apple Rechner), angeschlossen an das Apollo Schwarz sowie 1 Apollo Satellite, alles \u00fcber ein ElGato TB Dock.<ul><li>Rechner an das TB Dock anschlie\u00dfen, KVM richtig einstellen (PC2).<\/li><li>Phonitor auf XLR 1 setzen.<\/li><\/ul><\/li><\/ul>\n\n\n\n<p><strong>3. Eigener Rechner ohne Thunderbolt:<\/strong><\/p>\n\n\n\n<ul class=\"wp-block-list\"><li>Eigene Rechner ohne Thunderbolt, \u00fcber das SSL 2+ oder Miniklinke.<ul><li>Rechner \u00fcber USB (PC3) und HDMI (PC3) anschlie\u00dfen, KVM richtig einstellen (PC3).<\/li><li>SSL 2+ anschliessen (USB) und im Steckfeld patchen, zB auf Phonitor Inn 1 (EXT) und Phonitor auf XLR 1 setzen, ODER<\/li><li>Miniklinke anschliessen und Phonitor auf RCA In<\/li><\/ul><\/li><\/ul>\n\n\n\n<p><strong>Gemeinsame Nutzung \u00fcber KVM SWITCH:<\/strong><\/p>\n\n\n\n<p>(KVM steht f\u00fcr Keyboard, Video, Maus. Das Ger\u00e4t befindet sich rechts vom Bildschirm)<\/p>\n\n\n\n<ul class=\"wp-block-list\"><li>Die Arbeitspl\u00e4tze k\u00f6nnen Maus, Trackpad, Tastatur, Samsung Fernseher und das NI Masterkeyboard benutzen.<\/li><li>KVM Switch einstellen: <strong>PC1: TB Dock MacStudio<\/strong>, <strong>PC2: TB Dock EXT<\/strong>., <strong>PC3: USB\/HDMI<\/strong><\/li><\/ul>\n\n\n\n<p><strong>Anmerkungen:<\/strong><\/p>\n\n\n\n<ul class=\"wp-block-list\"><li>F\u00fcr nicht Thunderbolt-f\u00e4higen (Windows-)Rechner steht ein Miniklinken-Anschluss und das SSL 2+ Interface (USB C) zur Verf\u00fcgung. (siehe Punkt 3)<\/li><li>Miniklinke ist direkt mit dem Phonitor verbunden (RCA In).<\/li><li>SSL 2+ muss im Steckfeld gepatcht werden, z. B. SSL 2+ \u2192 Phonitor 1 In, und Phonitor auf XLR 1 stellen.<\/li><\/ul>\n\n\n\n<p><strong>Bildschirmnutzung:<\/strong><\/p>\n\n\n\n<ul class=\"wp-block-list\"><li>Der Fersnseher darf ausschlie\u00dflich mit dem Mac Studio benutzt werden (NICHT UMSTECKEN)<\/li><\/ul>\n\n\n\n<ul class=\"wp-block-list\"><li>F\u00fcr die Nutzung von Apollo Interfaces (Thunderbolt) m\u00fcssen Treiber Installiert werden, und eventuell muss eine Konto erstellt <a rel=\"noreferrer noopener\" href=\"https:\/\/www.uaudio.de\/downloads\/uad\" target=\"_blank\">https:\/\/www.uaudio.de\/downloads\/uad<\/a><\/li><\/ul>\n\n\n\n<p><strong>SPL PHONITOR &#8211; Monitor Controller<\/strong><\/p>\n\n\n\n<ul class=\"wp-block-list\"><li>Das SPL Phonitor ist der &#8218;Monitor Controller&#8216; im Studio.<\/li><li>Inputs:<ul><li>XLR 1: EXT Apollo (Mon Out).<\/li><li>XLR 2: PS I \/ MacStudio Apollo (Mon Out).<\/li><li>RCA In: Miniklinke.<\/li><\/ul><\/li><li>Outputs:<ul><li>OUT 1: Lautsprecher (\u00fcber den CONEQ).<\/li><li>OUT 2: Behringer Powerplay Pro 8 Kopfh\u00f6rer Verst\u00e4rker.<\/li><\/ul><\/li><\/ul>\n\n\n\n<p>Alles ausser Miniklinke l\u00e4uft \u00fcber das Steckfeld, Teilweise normalisiert.<\/p>\n\n\n\n<p>!!Bitte beachten, dass die Lautst\u00e4rke sowohl im Phonitor als auch in der Fernsteuerung der Lautsprecher (und im Interface!) einzustellen ist!!<\/p>\n\n\n\n<p><strong>STECKFELD<\/strong><\/p>\n\n\n\n<p>Im Steckfeld befinden sich meistens Ausg\u00e4nge oben und Eing\u00e4nge unten, und es ist teilweise <strong>halbnormalisiert<\/strong> nach unten. Das bedeutet, dass einige Buchsen intern verbunden sind und das Signal von der oberen zur unteren Buchse flie\u00dft, ohne dass man verkabeln muss. Die Verbindung wird unterbrochen, wenn man UNTEN ein Kabel steckt.<\/p>\n\n\n\n<ul class=\"wp-block-list\"><li>Weisse Zahlen auf schwarzen Hintergrund: NORMALISIERT<\/li><li>Schwarze Zahlen auf weissen Hintergrund: NICHT NORMALISIERT&nbsp;<\/li><\/ul>\n\n\n\n<figure class=\"wp-block-image size-large\"><img loading=\"lazy\" decoding=\"async\" width=\"1020\" height=\"166\" src=\"https:\/\/icem-www.folkwang-uni.de\/icem-web\/wp-content\/uploads\/2024\/04\/image-1020x166.png\" alt=\"\" class=\"wp-image-9964\" srcset=\"https:\/\/icem-www.folkwang-uni.de\/icem-web\/wp-content\/uploads\/2024\/04\/image-1020x166.png 1020w, https:\/\/icem-www.folkwang-uni.de\/icem-web\/wp-content\/uploads\/2024\/04\/image-632x103.png 632w, https:\/\/icem-www.folkwang-uni.de\/icem-web\/wp-content\/uploads\/2024\/04\/image-600x98.png 600w, https:\/\/icem-www.folkwang-uni.de\/icem-web\/wp-content\/uploads\/2024\/04\/image.png 1321w\" sizes=\"auto, (max-width: 1020px) 100vw, 1020px\" \/><\/figure>\n\n\n\n<p>Folgende Sachen sind normalisiert:<\/p>\n\n\n\n<p>SPL ChOne Out 1&nbsp; \u2192&nbsp; Apollo EXT Line In 5<\/p>\n\n\n\n<p>Apollo EXT Mon Out&nbsp; \u2192&nbsp; Phonitor XLR 1 In &nbsp;<\/p>\n\n\n\n<p>Apollo PS I Mon Out&nbsp; \u2192&nbsp; Phonitor XLR 2 In<\/p>\n\n\n\n<p>Phonitor Out 1&nbsp; \u2192&nbsp; Coneq In (Lautsprecher)<\/p>\n\n\n\n<p>Phonitor Out 2&nbsp; \u2192&nbsp; Behringer KH Amp In 1<\/p>\n\n\n\n<p>CD Line Out&nbsp; \u2192&nbsp; Apollo PS I Line In 1-2<\/p>\n\n\n\n<p>LP Line Out&nbsp; \u2192&nbsp; Apollo PS I Line In 3-4 &nbsp;<\/p>\n\n\n\n<p>API Dir Out&nbsp; \u2192&nbsp; Apollo PS I Line In 5<\/p>\n\n\n\n<p>SSL Bus+ Comp \u2192&nbsp; Apollo PS I Line In 7-8<\/p>\n\n\n\n<p><strong>MIKROFONEING\u00c4NGE<\/strong><\/p>\n\n\n\n<p>Alle XLR Mikrofoneing\u00e4nge befinden sich links auf einer beschrifteten XLR Blende.<\/p>\n\n\n\n<p><strong>ANDERES:<\/strong><\/p>\n\n\n\n<p>Ein neues Channel Strip Ger\u00e4t der Firma SPL (Channel One Mk3) wurde hinzugef\u00fcgt. Output 1 ist normalisiert zum Apollo EXT (Schwarz) Line In 5.&nbsp; Mehr hier: <a href=\"https:\/\/spl.audio\/de\/spl-produkt\/channel-one-mk3\/\" target=\"_blank\" rel=\"noreferrer noopener\">https:\/\/spl.audio\/de\/spl-produkt\/channel-one-mk3\/<\/a><\/p>\n\n\n\n<p>Das API 7600 Ist leider nicht ganz in Ordnung. BITTE ERSTMAL NICHT BENUTZEN!  DIR Output davon ist normalisiert zum Apollo PS I (Silber) Line in 5. <a href=\"https:\/\/www.soundonsound.com\/reviews\/api-7600\">https:\/\/www.soundonsound.com\/reviews\/api-7600<\/a><\/p>\n\n\n\n<p> <strong>SSL BUS+<\/strong> Stereo Compressor: <a rel=\"noreferrer noopener\" href=\"https:\/\/solidstatelogic.com\/products\/the-bus-plus\" target=\"_blank\">https:\/\/solidstatelogic.com\/products\/the-bus-plus<\/a><\/p>\n\n\n\n<p><strong>AUFR\u00c4UMEN:<\/strong><\/p>\n\n\n\n<p>Kabel, Kopfh\u00f6rer usw. sind sortiert im Schrank. Bitte genau so wieder lassen. Das Studio muss IMMER ZUR\u00dcCKGESETZT werden:<\/p>\n\n\n\n<ul class=\"wp-block-list\"><li>Alle Patchkabel herausnehmen und in die rote Kiste tun.<\/li><li>Alle Mikros, Kopfh\u00f6rer, Kabel sortiert im Schrank tun.<\/li><li>Lautst\u00e4rke herunterregeln.<\/li><li>Ger\u00e4te ausschalten und abdecken, wo n\u00f6tig.<\/li><li>St\u00fchle, Stative und Tische zur\u00fcckstellen.<\/li><\/ul>\n\n\n\n<p>Bei Fragen einfach melden: <a href=\"mailto:vallejo@folkwang-uni.de\">vallejo@folkwang-uni.de<\/a><\/p>\n","protected":false},"excerpt":{"rendered":"<p>Stand: Feb 2025 Ist etwas defekt? Gibt es Fragen oder Anregungen? Dann hier entlang! ARBEITSPL\u00c4TZE 1. MacStudio aka PSI (TB<\/p>\n","protected":false},"author":1,"featured_media":0,"parent":0,"menu_order":0,"comment_status":"closed","ping_status":"closed","template":"","meta":{"_acf_changed":false,"footnotes":""},"class_list":["post-9963","page","type-page","status-publish","hentry"],"acf":[],"_links":{"self":[{"href":"https:\/\/icem-www.folkwang-uni.de\/icem-web\/wp-json\/wp\/v2\/pages\/9963","targetHints":{"allow":["GET"]}}],"collection":[{"href":"https:\/\/icem-www.folkwang-uni.de\/icem-web\/wp-json\/wp\/v2\/pages"}],"about":[{"href":"https:\/\/icem-www.folkwang-uni.de\/icem-web\/wp-json\/wp\/v2\/types\/page"}],"author":[{"embeddable":true,"href":"https:\/\/icem-www.folkwang-uni.de\/icem-web\/wp-json\/wp\/v2\/users\/1"}],"replies":[{"embeddable":true,"href":"https:\/\/icem-www.folkwang-uni.de\/icem-web\/wp-json\/wp\/v2\/comments?post=9963"}],"version-history":[{"count":11,"href":"https:\/\/icem-www.folkwang-uni.de\/icem-web\/wp-json\/wp\/v2\/pages\/9963\/revisions"}],"predecessor-version":[{"id":10481,"href":"https:\/\/icem-www.folkwang-uni.de\/icem-web\/wp-json\/wp\/v2\/pages\/9963\/revisions\/10481"}],"wp:attachment":[{"href":"https:\/\/icem-www.folkwang-uni.de\/icem-web\/wp-json\/wp\/v2\/media?parent=9963"}],"curies":[{"name":"wp","href":"https:\/\/api.w.org\/{rel}","templated":true}]}}